{"id":2791,"date":"2026-01-26T08:19:27","date_gmt":"2026-01-26T00:19:27","guid":{"rendered":"https:\/\/fenggrill.com\/?post_type=product&#038;p=2791"},"modified":"2026-01-26T08:30:50","modified_gmt":"2026-01-26T00:30:50","slug":"1-8rpm-230v-ktyz-1-mini-bbq-motor-with-long-shaft","status":"publish","type":"product","link":"https:\/\/fenggrill.com\/it\/prodotto\/1-8rpm-230v-ktyz-1-mini-bbq-motor-with-long-shaft\/","title":{"rendered":"1.8RPM 230V KTYZ-1 Mini motore per grill con albero lungo"},"content":{"rendered":"<p>Il KXTYZ-1 \u00e8 adatto a forni e griglie, pu\u00f2 essere facilmente collegato ad attrezzature per grigliate in metallo e pu\u00f2 grigliare piccoli oggetti come cosce di pollo e carne di pollo. \u00c8 economico e adatto a un uso leggero.<\/p>\n<p><strong>La confezione include:<\/strong> Cavo di alimentazione.<br \/>\n<strong>Opzionale<\/strong>forcella in metallo.<\/p>\n<p><strong>Specifiche del motore:<\/strong> 220V, 2,5 giri al minuto<\/p>\n<p><strong>Le opzioni di personalizzazione includono:<\/strong> Parametri del motore, imballaggio, accessori, dimensioni, ecc.<\/p>","protected":false},"excerpt":{"rendered":"<table style=\"width: 100%; border-collapse: collapse; font-size: 14px;\">\n<tbody>\n<tr>\n<th style=\"text-align: left; padding: 8px; border: 1px solid #ddd;\">Luogo di origine<\/th>\n<td style=\"padding: 8px; border: 1px solid #ddd;\">Zhejiang, Cina<\/td>\n<\/tr>\n<tr>\n<th style=\"text-align: left; padding: 8px; border: 1px solid #ddd;\">Tipo<\/th>\n<td style=\"padding: 8px; border: 1px solid #ddd;\">Motore sincrono<\/td>\n<\/tr>\n<tr>\n<th style=\"text-align: left; padding: 8px; border: 1px solid #ddd;\">Velocit\u00e0<\/th>\n<td style=\"padding: 8px; border: 1px solid #ddd;\">1,5-2,5 GIRI\/MINUTO<\/td>\n<\/tr>\n<tr>\n<th style=\"text-align: left; padding: 8px; border: 1px solid #ddd;\">Direzione di rotazione<\/th>\n<td style=\"padding: 8px; border: 1px solid #ddd;\">CW (personalizzabile)<\/td>\n<\/tr>\n<tr>\n<th style=\"text-align: left; padding: 8px; border: 1px solid #ddd;\">Tensione \/ Frequenza<\/th>\n<td style=\"padding: 8px; border: 1px solid #ddd;\">220-240V<\/td>\n<\/tr>\n<tr>\n<th style=\"text-align: left; padding: 8px; border: 1px solid #ddd;\">Tipo di motore<\/th>\n<td style=\"padding: 8px; border: 1px solid #ddd;\">Motore a poli sfumati in c.a.<\/td>\n<\/tr>\n<tr>\n<th style=\"text-align: left; padding: 8px; border: 1px solid #ddd;\">Fase<\/th>\n<td style=\"padding: 8px; border: 1px solid #ddd;\">Monofase<\/td>\n<\/tr>\n<tr>\n<th style=\"text-align: left; padding: 8px; border: 1px solid #ddd;\">Potenza<\/th>\n<td style=\"padding: 8px; border: 1px solid #ddd;\">55 W (potenza a vuoto)<\/td>\n<\/tr>\n<tr>\n<th style=\"text-align: left; padding: 8px; border: 1px solid #ddd;\">Potenza<\/th>\n<td style=\"padding: 8px; border: 1px solid #ddd;\">6w<\/td>\n<\/tr>\n<tr>\n<th style=\"text-align: left; padding: 8px; border: 1px solid #ddd;\">Nome del marchio<\/th>\n<td style=\"padding: 8px; border: 1px solid #ddd;\">FengGrill<\/td>\n<\/tr>\n<tr>\n<th style=\"text-align: left; padding: 8px; border: 1px solid #ddd;\">Applicazioni<\/th>\n<td style=\"padding: 8px; border: 1px solid #ddd;\">Griglie per barbecue<\/td>\n<\/tr>\n<tr>\n<th style=\"text-align: left; padding: 8px; border: 1px solid #ddd;\">Servizio di personalizzazione<\/th>\n<td style=\"padding: 8px; border: 1px solid #ddd;\">OEM \/ ODM supportati<\/td>\n<\/tr>\n<\/tbody>\n<\/table>","protected":false},"featured_media":2792,"template":"","meta":{"site-sidebar-layout":"default","site-content-layout":"","ast-site-content-layout":"full-width-container","site-content-style":"default","site-sidebar-style":"default","ast-global-header-display":"","ast-banner-title-visibility":"","ast-main-header-display":"","ast-hfb-above-header-display":"","ast-hfb-below-header-display":"","ast-hfb-mobile-header-display":"","site-post-title":"","ast-breadcrumbs-content":"","ast-featured-img":"","footer-sml-layout":"","ast-disable-related-posts":"","theme-transparent-header-meta":"default","adv-header-id-meta":"","stick-header-meta":"","header-above-stick-meta":"","header-main-stick-meta":"","header-below-stick-meta":"","astra-migrate-meta-layouts":"set","ast-page-background-enabled":"default","ast-page-background-meta":{"desktop":{"background-color":"var(--ast-global-color-4)","background-image":"","background-repeat":"repeat","background-position":"center center","background-size":"auto","background-attachment":"scroll","background-type":"","background-media":"","overlay-type":"","overlay-color":"","overlay-opacity":"","overlay-gradient":""},"tablet":{"background-color":"","background-image":"","background-repeat":"repeat","background-position":"center center","background-size":"auto","background-attachment":"scroll","background-type":"","background-media":"","overlay-type":"","overlay-color":"","overlay-opacity":"","overlay-gradient":""},"mobile":{"background-color":"","background-image":"","background-repeat":"repeat","background-position":"center center","background-size":"auto","background-attachment":"scroll","background-type":"","background-media":"","overlay-type":"","overlay-color":"","overlay-opacity":"","overlay-gradient":""}},"ast-content-background-meta":{"desktop":{"background-color":"var(--ast-global-color-5)","background-image":"","background-repeat":"repeat","background-position":"center center","background-size":"auto","background-attachment":"scroll","background-type":"","background-media":"","overlay-type":"","overlay-color":"","overlay-opacity":"","overlay-gradient":""},"tablet":{"background-color":"var(--ast-global-color-5)","background-image":"","background-repeat":"repeat","background-position":"center center","background-size":"auto","background-attachment":"scroll","background-type":"","background-media":"","overlay-type":"","overlay-color":"","overlay-opacity":"","overlay-gradient":""},"mobile":{"background-color":"var(--ast-global-color-5)","background-image":"","background-repeat":"repeat","background-position":"center center","background-size":"auto","background-attachment":"scroll","background-type":"","background-media":"","overlay-type":"","overlay-color":"","overlay-opacity":"","overlay-gradient":""}}},"product_brand":[],"product_cat":[31],"product_tag":[59,61],"class_list":{"0":"post-2791","1":"product","2":"type-product","3":"status-publish","4":"has-post-thumbnail","6":"product_cat-ac-rotisserie-motors","7":"product_tag-230v-rotisserie-motor","8":"product_tag-lightweight-grill-motor","9":"desktop-align-left","10":"tablet-align-left","11":"mobile-align-left","13":"first","14":"instock","15":"shipping-taxable","16":"product-type-simple"},"yoast_head":"<!-- This site is optimized with the Yoast SEO Premium plugin v25.4 (Yoast SEO v25.4) - https:\/\/yoast.com\/wordpress\/plugins\/seo\/ -->\n<title>1.8RPM 230V KTYZ-1 Mini Grill Motor with Long Shaft - FengGrill<\/title>\n<meta name=\"description\" content=\"The KXTYZ-1 is suitable for ovens and grills, can be easily connected to metal grilling equipment, and can grill small items such as chicken legs and chicken meat. It is inexpensive and suitable for light use.\" \/>\n<meta name=\"robots\" content=\"index, follow, max-snippet:-1, max-image-preview:large, max-video-preview:-1\" \/>\n<link rel=\"canonical\" href=\"https:\/\/fenggrill.com\/it\/prodotto\/1-8rpm-230v-ktyz-1-mini-bbq-motor-with-long-shaft\/\" \/>\n<meta property=\"og:locale\" content=\"it_IT\" \/>\n<meta property=\"og:type\" content=\"article\" \/>\n<meta property=\"og:title\" content=\"1.8RPM 230V KTYZ-1 Mini Grill Motor with Long Shaft\" \/>\n<meta property=\"og:description\" content=\"The KXTYZ-1 is suitable for ovens and grills, can be easily connected to metal grilling equipment, and can grill small items such as chicken legs and chicken meat. It is inexpensive and suitable for light use.\" \/>\n<meta property=\"og:url\" content=\"https:\/\/fenggrill.com\/it\/prodotto\/1-8rpm-230v-ktyz-1-mini-bbq-motor-with-long-shaft\/\" \/>\n<meta property=\"og:site_name\" content=\"FengGrill\" \/>\n<meta property=\"article:modified_time\" content=\"2026-01-26T00:30:50+00:00\" \/>\n<meta property=\"og:image\" content=\"https:\/\/fenggrill.com\/wp-content\/uploads\/2026\/01\/kxtyz-1-1.jpg\" \/>\n\t<meta property=\"og:image:width\" content=\"800\" \/>\n\t<meta property=\"og:image:height\" content=\"800\" \/>\n\t<meta property=\"og:image:type\" content=\"image\/jpeg\" \/>\n<meta name=\"twitter:card\" content=\"summary_large_image\" \/>\n<meta name=\"twitter:label1\" content=\"Tempo di lettura stimato\" \/>\n\t<meta name=\"twitter:data1\" content=\"1 minuto\" \/>\n<script type=\"application\/ld+json\" class=\"yoast-schema-graph\">{\"@context\":\"https:\/\/schema.org\",\"@graph\":[{\"@type\":\"WebPage\",\"@id\":\"https:\/\/fenggrill.com\/product\/1-8rpm-230v-ktyz-1-mini-bbq-motor-with-long-shaft\/\",\"url\":\"https:\/\/fenggrill.com\/product\/1-8rpm-230v-ktyz-1-mini-bbq-motor-with-long-shaft\/\",\"name\":\"1.8RPM 230V KTYZ-1 Mini Grill Motor with Long Shaft - FengGrill\",\"isPartOf\":{\"@id\":\"https:\/\/fenggrill.com\/#website\"},\"primaryImageOfPage\":{\"@id\":\"https:\/\/fenggrill.com\/product\/1-8rpm-230v-ktyz-1-mini-bbq-motor-with-long-shaft\/#primaryimage\"},\"image\":{\"@id\":\"https:\/\/fenggrill.com\/product\/1-8rpm-230v-ktyz-1-mini-bbq-motor-with-long-shaft\/#primaryimage\"},\"thumbnailUrl\":\"https:\/\/fenggrill.com\/wp-content\/uploads\/2026\/01\/kxtyz-1-1.jpg\",\"datePublished\":\"2026-01-26T00:19:27+00:00\",\"dateModified\":\"2026-01-26T00:30:50+00:00\",\"description\":\"The KXTYZ-1 is suitable for ovens and grills, can be easily connected to metal grilling equipment, and can grill small items such as chicken legs and chicken meat. It is inexpensive and suitable for light use.\",\"breadcrumb\":{\"@id\":\"https:\/\/fenggrill.com\/product\/1-8rpm-230v-ktyz-1-mini-bbq-motor-with-long-shaft\/#breadcrumb\"},\"inLanguage\":\"it-IT\",\"potentialAction\":[{\"@type\":\"ReadAction\",\"target\":[\"https:\/\/fenggrill.com\/product\/1-8rpm-230v-ktyz-1-mini-bbq-motor-with-long-shaft\/\"]}]},{\"@type\":\"ImageObject\",\"inLanguage\":\"it-IT\",\"@id\":\"https:\/\/fenggrill.com\/product\/1-8rpm-230v-ktyz-1-mini-bbq-motor-with-long-shaft\/#primaryimage\",\"url\":\"https:\/\/fenggrill.com\/wp-content\/uploads\/2026\/01\/kxtyz-1-1.jpg\",\"contentUrl\":\"https:\/\/fenggrill.com\/wp-content\/uploads\/2026\/01\/kxtyz-1-1.jpg\",\"width\":800,\"height\":800},{\"@type\":\"BreadcrumbList\",\"@id\":\"https:\/\/fenggrill.com\/product\/1-8rpm-230v-ktyz-1-mini-bbq-motor-with-long-shaft\/#breadcrumb\",\"itemListElement\":[{\"@type\":\"ListItem\",\"position\":1,\"name\":\"\u9996\u9875\",\"item\":\"https:\/\/fenggrill.com\/\"},{\"@type\":\"ListItem\",\"position\":2,\"name\":\"Products\",\"item\":\"https:\/\/fenggrill.com\/shop\/\"},{\"@type\":\"ListItem\",\"position\":3,\"name\":\"1.8RPM 230V KTYZ-1 Mini Grill Motor with Long Shaft\"}]},{\"@type\":\"WebSite\",\"@id\":\"https:\/\/fenggrill.com\/#website\",\"url\":\"https:\/\/fenggrill.com\/\",\"name\":\"FengGrill\",\"description\":\"Rotisserie Motors Manufacturer\",\"publisher\":{\"@id\":\"https:\/\/fenggrill.com\/#organization\"},\"potentialAction\":[{\"@type\":\"SearchAction\",\"target\":{\"@type\":\"EntryPoint\",\"urlTemplate\":\"https:\/\/fenggrill.com\/?s={search_term_string}\"},\"query-input\":{\"@type\":\"PropertyValueSpecification\",\"valueRequired\":true,\"valueName\":\"search_term_string\"}}],\"inLanguage\":\"it-IT\"},{\"@type\":\"Organization\",\"@id\":\"https:\/\/fenggrill.com\/#organization\",\"name\":\"FengGrill\",\"url\":\"https:\/\/fenggrill.com\/\",\"logo\":{\"@type\":\"ImageObject\",\"inLanguage\":\"it-IT\",\"@id\":\"https:\/\/fenggrill.com\/#\/schema\/logo\/image\/\",\"url\":\"https:\/\/fenggrill.com\/wp-content\/uploads\/2026\/01\/FENGGRILL2.svg\",\"contentUrl\":\"https:\/\/fenggrill.com\/wp-content\/uploads\/2026\/01\/FENGGRILL2.svg\",\"width\":500,\"height\":100,\"caption\":\"FengGrill\"},\"image\":{\"@id\":\"https:\/\/fenggrill.com\/#\/schema\/logo\/image\/\"}}]}<\/script>\n<!-- \/ Yoast SEO Premium plugin. -->","yoast_head_json":{"title":"1.8RPM 230V KTYZ-1 Mini Grill Motor with Long Shaft - FengGrill","description":"Il KXTYZ-1 \u00e8 adatto a forni e griglie, pu\u00f2 essere facilmente collegato ad attrezzature per grigliate in metallo e pu\u00f2 grigliare piccoli oggetti come cosce di pollo e carne di pollo. \u00c8 economico e adatto a un uso leggero.","robots":{"index":"index","follow":"follow","max-snippet":"max-snippet:-1","max-image-preview":"max-image-preview:large","max-video-preview":"max-video-preview:-1"},"canonical":"https:\/\/fenggrill.com\/it\/prodotto\/1-8rpm-230v-ktyz-1-mini-bbq-motor-with-long-shaft\/","og_locale":"it_IT","og_type":"article","og_title":"1.8RPM 230V KTYZ-1 Mini Grill Motor with Long Shaft","og_description":"The KXTYZ-1 is suitable for ovens and grills, can be easily connected to metal grilling equipment, and can grill small items such as chicken legs and chicken meat. It is inexpensive and suitable for light use.","og_url":"https:\/\/fenggrill.com\/it\/prodotto\/1-8rpm-230v-ktyz-1-mini-bbq-motor-with-long-shaft\/","og_site_name":"FengGrill","article_modified_time":"2026-01-26T00:30:50+00:00","og_image":[{"width":800,"height":800,"url":"https:\/\/fenggrill.com\/wp-content\/uploads\/2026\/01\/kxtyz-1-1.jpg","type":"image\/jpeg"}],"twitter_card":"summary_large_image","twitter_misc":{"Tempo di lettura stimato":"1 minuto"},"schema":{"@context":"https:\/\/schema.org","@graph":[{"@type":"WebPage","@id":"https:\/\/fenggrill.com\/product\/1-8rpm-230v-ktyz-1-mini-bbq-motor-with-long-shaft\/","url":"https:\/\/fenggrill.com\/product\/1-8rpm-230v-ktyz-1-mini-bbq-motor-with-long-shaft\/","name":"1.8RPM 230V KTYZ-1 Mini Grill Motor with Long Shaft - FengGrill","isPartOf":{"@id":"https:\/\/fenggrill.com\/#website"},"primaryImageOfPage":{"@id":"https:\/\/fenggrill.com\/product\/1-8rpm-230v-ktyz-1-mini-bbq-motor-with-long-shaft\/#primaryimage"},"image":{"@id":"https:\/\/fenggrill.com\/product\/1-8rpm-230v-ktyz-1-mini-bbq-motor-with-long-shaft\/#primaryimage"},"thumbnailUrl":"https:\/\/fenggrill.com\/wp-content\/uploads\/2026\/01\/kxtyz-1-1.jpg","datePublished":"2026-01-26T00:19:27+00:00","dateModified":"2026-01-26T00:30:50+00:00","description":"Il KXTYZ-1 \u00e8 adatto a forni e griglie, pu\u00f2 essere facilmente collegato ad attrezzature per grigliate in metallo e pu\u00f2 grigliare piccoli oggetti come cosce di pollo e carne di pollo. \u00c8 economico e adatto a un uso leggero.","breadcrumb":{"@id":"https:\/\/fenggrill.com\/product\/1-8rpm-230v-ktyz-1-mini-bbq-motor-with-long-shaft\/#breadcrumb"},"inLanguage":"it-IT","potentialAction":[{"@type":"ReadAction","target":["https:\/\/fenggrill.com\/product\/1-8rpm-230v-ktyz-1-mini-bbq-motor-with-long-shaft\/"]}]},{"@type":"ImageObject","inLanguage":"it-IT","@id":"https:\/\/fenggrill.com\/product\/1-8rpm-230v-ktyz-1-mini-bbq-motor-with-long-shaft\/#primaryimage","url":"https:\/\/fenggrill.com\/wp-content\/uploads\/2026\/01\/kxtyz-1-1.jpg","contentUrl":"https:\/\/fenggrill.com\/wp-content\/uploads\/2026\/01\/kxtyz-1-1.jpg","width":800,"height":800},{"@type":"BreadcrumbList","@id":"https:\/\/fenggrill.com\/product\/1-8rpm-230v-ktyz-1-mini-bbq-motor-with-long-shaft\/#breadcrumb","itemListElement":[{"@type":"ListItem","position":1,"name":"\u9996\u9875","item":"https:\/\/fenggrill.com\/"},{"@type":"ListItem","position":2,"name":"Products","item":"https:\/\/fenggrill.com\/shop\/"},{"@type":"ListItem","position":3,"name":"1.8RPM 230V KTYZ-1 Mini Grill Motor with Long Shaft"}]},{"@type":"WebSite","@id":"https:\/\/fenggrill.com\/#website","url":"https:\/\/fenggrill.com\/","name":"FengGrill","description":"Motori per girarrosto Produttore","publisher":{"@id":"https:\/\/fenggrill.com\/#organization"},"potentialAction":[{"@type":"SearchAction","target":{"@type":"EntryPoint","urlTemplate":"https:\/\/fenggrill.com\/?s={search_term_string}"},"query-input":{"@type":"PropertyValueSpecification","valueRequired":true,"valueName":"search_term_string"}}],"inLanguage":"it-IT"},{"@type":"Organization","@id":"https:\/\/fenggrill.com\/#organization","name":"FengGrill","url":"https:\/\/fenggrill.com\/","logo":{"@type":"ImageObject","inLanguage":"it-IT","@id":"https:\/\/fenggrill.com\/#\/schema\/logo\/image\/","url":"https:\/\/fenggrill.com\/wp-content\/uploads\/2026\/01\/FENGGRILL2.svg","contentUrl":"https:\/\/fenggrill.com\/wp-content\/uploads\/2026\/01\/FENGGRILL2.svg","width":500,"height":100,"caption":"FengGrill"},"image":{"@id":"https:\/\/fenggrill.com\/#\/schema\/logo\/image\/"}}]}},"_links":{"self":[{"href":"https:\/\/fenggrill.com\/it\/wp-json\/wp\/v2\/product\/2791","targetHints":{"allow":["GET"]}}],"collection":[{"href":"https:\/\/fenggrill.com\/it\/wp-json\/wp\/v2\/product"}],"about":[{"href":"https:\/\/fenggrill.com\/it\/wp-json\/wp\/v2\/types\/product"}],"wp:featuredmedia":[{"embeddable":true,"href":"https:\/\/fenggrill.com\/it\/wp-json\/wp\/v2\/media\/2792"}],"wp:attachment":[{"href":"https:\/\/fenggrill.com\/it\/wp-json\/wp\/v2\/media?parent=2791"}],"wp:term":[{"taxonomy":"product_brand","embeddable":true,"href":"https:\/\/fenggrill.com\/it\/wp-json\/wp\/v2\/product_brand?post=2791"},{"taxonomy":"product_cat","embeddable":true,"href":"https:\/\/fenggrill.com\/it\/wp-json\/wp\/v2\/product_cat?post=2791"},{"taxonomy":"product_tag","embeddable":true,"href":"https:\/\/fenggrill.com\/it\/wp-json\/wp\/v2\/product_tag?post=2791"}],"curies":[{"name":"wp","href":"https:\/\/api.w.org\/{rel}","templated":true}]}}