{"id":2922,"date":"2026-02-02T12:11:45","date_gmt":"2026-02-02T04:11:45","guid":{"rendered":"https:\/\/fenggrill.com\/?page_id=2922"},"modified":"2026-02-02T14:11:08","modified_gmt":"2026-02-02T06:11:08","slug":"packaging-and-shipping","status":"publish","type":"page","link":"https:\/\/fenggrill.com\/it\/packaging-and-shipping\/","title":{"rendered":"Imballaggio e spedizione"},"content":{"rendered":"<div data-elementor-type=\"wp-page\" data-elementor-id=\"2922\" class=\"elementor elementor-2922\" data-elementor-post-type=\"page\">\n\t\t\t\t<div class=\"elementor-element elementor-element-58e2b6e e-con-full e-flex e-con e-parent\" data-id=\"58e2b6e\" data-element_type=\"container\" data-settings=\"{&quot;background_background&quot;:&quot;classic&quot;,&quot;ekit_has_onepagescroll_dot&quot;:&quot;yes&quot;}\">\n\t\t<div class=\"elementor-element elementor-element-ef14682 e-con-full e-flex e-con e-child\" data-id=\"ef14682\" data-element_type=\"container\" data-settings=\"{&quot;ekit_has_onepagescroll_dot&quot;:&quot;yes&quot;}\">\n\t\t\t\t<div class=\"elementor-element elementor-element-4dd09d4 elementor-widget elementor-widget-woocommerce-breadcrumb\" data-id=\"4dd09d4\" data-element_type=\"widget\" data-settings=\"{&quot;ekit_we_effect_on&quot;:&quot;none&quot;}\" data-widget_type=\"woocommerce-breadcrumb.default\">\n\t\t\t\t<div class=\"elementor-widget-container\">\n\t\t\t\t\t<nav class=\"woocommerce-breadcrumb\" aria-label=\"Breadcrumb\" data-no-translation=\"\" data-trp-gettext=\"\">Casa<\/nav>\t\t\t\t<\/div>\n\t\t\t\t<\/div>\n\t\t\t\t<\/div>\n\t\t\t\t<\/div>\n\t\t<div class=\"elementor-element elementor-element-7424440 e-con-full e-flex e-con e-parent\" data-id=\"7424440\" data-element_type=\"container\" data-settings=\"{&quot;ekit_has_onepagescroll_dot&quot;:&quot;yes&quot;}\">\n\t\t<div class=\"elementor-element elementor-element-4c25715 e-con-full e-flex e-con e-child\" data-id=\"4c25715\" data-element_type=\"container\" data-settings=\"{&quot;ekit_has_onepagescroll_dot&quot;:&quot;yes&quot;}\">\n\t\t\t\t<div class=\"elementor-element elementor-element-1213a78 elementor-widget elementor-widget-heading\" data-id=\"1213a78\" data-element_type=\"widget\" data-settings=\"{&quot;ekit_we_effect_on&quot;:&quot;none&quot;}\" data-widget_type=\"heading.default\">\n\t\t\t\t<div class=\"elementor-widget-container\">\n\t\t\t\t\t<h1 class=\"elementor-heading-title elementor-size-default\">Imballaggio e spedizione<\/h1>\t\t\t\t<\/div>\n\t\t\t\t<\/div>\n\t\t\t\t<div class=\"elementor-element elementor-element-873679d elementor-widget elementor-widget-text-editor\" data-id=\"873679d\" data-element_type=\"widget\" data-settings=\"{&quot;ekit_we_effect_on&quot;:&quot;none&quot;}\" data-widget_type=\"text-editor.default\">\n\t\t\t\t<div class=\"elementor-widget-container\">\n\t\t\t\t\t\t\t\t\t<p>FengGrill offre servizi di imballaggio personalizzati per vari motori e accessori per barbecue. Ci impegniamo a fornire un'assistenza completa dall'inizio alla fine della transazione. Pertanto, possiamo aiutare i nostri clienti a risparmiare tempo e denaro.<br \/>FengGrill \u00e8 in grado di fornire una serie di soluzioni di imballaggio personalizzate, come scatole esterne, sacchetti, codici a barre, adesivi, cartellini da appendere, etichette stampate e altro ancora.<\/p>\t\t\t\t\t\t\t\t<\/div>\n\t\t\t\t<\/div>\n\t\t<div class=\"elementor-element elementor-element-77b81fa e-con-full e-flex e-con e-child\" data-id=\"77b81fa\" data-element_type=\"container\" data-settings=\"{&quot;ekit_has_onepagescroll_dot&quot;:&quot;yes&quot;}\">\n\t\t\t\t<div class=\"elementor-element elementor-element-474a55b elementor-widget__width-initial elementor-widget elementor-widget-video\" data-id=\"474a55b\" data-element_type=\"widget\" data-settings=\"{&quot;youtube_url&quot;:&quot;youtube.com\\\/watch?v=aM6ObxdDmco&amp;feature=youtu.be&quot;,&quot;video_type&quot;:&quot;youtube&quot;,&quot;controls&quot;:&quot;yes&quot;,&quot;ekit_we_effect_on&quot;:&quot;none&quot;}\" data-widget_type=\"video.default\">\n\t\t\t\t<div class=\"elementor-widget-container\">\n\t\t\t\t\t\t\t<div class=\"elementor-wrapper elementor-open-inline\">\n\t\t\t<div class=\"elementor-video\"><\/div>\t\t<\/div>\n\t\t\t\t\t\t<\/div>\n\t\t\t\t<\/div>\n\t\t\t\t<\/div>\n\t\t<div class=\"elementor-element elementor-element-2261aa0 e-con-full e-flex e-con e-child\" data-id=\"2261aa0\" data-element_type=\"container\" data-settings=\"{&quot;ekit_has_onepagescroll_dot&quot;:&quot;yes&quot;}\">\n\t\t<div class=\"elementor-element elementor-element-cdf6a09 e-con-full e-flex e-con e-child\" data-id=\"cdf6a09\" data-element_type=\"container\" data-settings=\"{&quot;ekit_has_onepagescroll_dot&quot;:&quot;yes&quot;}\">\n\t\t\t\t<div class=\"elementor-element elementor-element-872e0b9 elementor-widget elementor-widget-heading\" data-id=\"872e0b9\" data-element_type=\"widget\" data-settings=\"{&quot;ekit_we_effect_on&quot;:&quot;none&quot;}\" data-widget_type=\"heading.default\">\n\t\t\t\t<div class=\"elementor-widget-container\">\n\t\t\t\t\t<h2 class=\"elementor-heading-title elementor-size-default\">Spedizione di set per barbecue in tutto il mondo.<\/h2>\t\t\t\t<\/div>\n\t\t\t\t<\/div>\n\t\t\t\t<div class=\"elementor-element elementor-element-45fe825 elementor-widget elementor-widget-text-editor\" data-id=\"45fe825\" data-element_type=\"widget\" data-settings=\"{&quot;ekit_we_effect_on&quot;:&quot;none&quot;}\" data-widget_type=\"text-editor.default\">\n\t\t\t\t<div class=\"elementor-widget-container\">\n\t\t\t\t\t\t\t\t\t<p><strong>Esempio di spedizione:<\/strong> Dal momento in cui FengGrill riceve una richiesta di campionamento, la progettazione, l'assemblaggio e il collaudo dei campioni vengono completati in genere entro 15 giorni. I campioni vengono poi spediti al cliente tramite trasporto aereo internazionale per la valutazione e l'approvazione.<\/p><p><strong>Spedizione di ordini in blocco:<\/strong> Per ordini inferiori a 5000 unit\u00e0, la produzione viene completata entro 30-40 giorni. Per ordini superiori a 5000 unit\u00e0, il tempo di produzione stimato \u00e8 di circa 45 giorni, a seconda della complessit\u00e0 del prodotto.<\/p><p><strong>Capacit\u00e0 di stoccaggio:<\/strong> Il nostro stabilimento si estende su oltre 10.000 metri quadrati e vanta una forte capacit\u00e0 di stoccaggio, che ci consente di effettuare spedizioni graduali per soddisfare le diverse esigenze di vendita.<\/p>\t\t\t\t\t\t\t\t<\/div>\n\t\t\t\t<\/div>\n\t\t\t\t<div class=\"elementor-element elementor-element-ced6439 elementor-widget elementor-widget-button\" data-id=\"ced6439\" data-element_type=\"widget\" data-settings=\"{&quot;ekit_we_effect_on&quot;:&quot;none&quot;}\" data-widget_type=\"button.default\">\n\t\t\t\t<div class=\"elementor-widget-container\">\n\t\t\t\t\t\t\t\t\t<div class=\"elementor-button-wrapper\">\n\t\t\t\t\t<a class=\"elementor-button elementor-button-link elementor-size-sm\" href=\"#elementor-action%3Aaction%3Dpopup%3Aopen%26settings%3DeyJpZCI6IjIxNTciLCJ0b2dnbGUiOmZhbHNlfQ%3D%3D\">\n\t\t\t\t\t\t<span class=\"elementor-button-content-wrapper\">\n\t\t\t\t\t\t\t\t\t<span class=\"elementor-button-text\">Contatto<\/span>\n\t\t\t\t\t<\/span>\n\t\t\t\t\t<\/a>\n\t\t\t\t<\/div>\n\t\t\t\t\t\t\t\t<\/div>\n\t\t\t\t<\/div>\n\t\t\t\t<\/div>\n\t\t<div class=\"elementor-element elementor-element-fad357c e-grid e-con-full e-con e-child\" data-id=\"fad357c\" data-element_type=\"container\" data-settings=\"{&quot;ekit_has_onepagescroll_dot&quot;:&quot;yes&quot;}\">\n\t\t\t\t<div class=\"elementor-element elementor-element-ecdbe77 elementor-widget elementor-widget-image\" data-id=\"ecdbe77\" data-element_type=\"widget\" data-settings=\"{&quot;ekit_we_effect_on&quot;:&quot;none&quot;}\" data-widget_type=\"image.default\">\n\t\t\t\t<div class=\"elementor-widget-container\">\n\t\t\t\t\t\t\t\t\t\t\t\t\t\t\t<img fetchpriority=\"high\" decoding=\"async\" width=\"1000\" height=\"800\" src=\"https:\/\/fenggrill.com\/wp-content\/uploads\/2026\/01\/shipping.jpg\" class=\"attachment-large size-large wp-image-2241\" alt=\"\" srcset=\"https:\/\/fenggrill.com\/wp-content\/uploads\/2026\/01\/shipping.jpg 1000w, https:\/\/fenggrill.com\/wp-content\/uploads\/2026\/01\/shipping-300x240.jpg 300w, https:\/\/fenggrill.com\/wp-content\/uploads\/2026\/01\/shipping-768x614.jpg 768w, https:\/\/fenggrill.com\/wp-content\/uploads\/2026\/01\/shipping-600x480.jpg 600w\" sizes=\"(max-width: 1000px) 100vw, 1000px\" \/>\t\t\t\t\t\t\t\t\t\t\t\t\t\t\t<\/div>\n\t\t\t\t<\/div>\n\t\t\t\t<div class=\"elementor-element elementor-element-84f3020 elementor-widget elementor-widget-image\" data-id=\"84f3020\" data-element_type=\"widget\" data-settings=\"{&quot;ekit_we_effect_on&quot;:&quot;none&quot;}\" data-widget_type=\"image.default\">\n\t\t\t\t<div class=\"elementor-widget-container\">\n\t\t\t\t\t\t\t\t\t\t\t\t\t\t\t<img decoding=\"async\" width=\"1000\" height=\"800\" src=\"https:\/\/fenggrill.com\/wp-content\/uploads\/2026\/01\/Raw-Material.jpg\" class=\"attachment-large size-large wp-image-2240\" alt=\"\" srcset=\"https:\/\/fenggrill.com\/wp-content\/uploads\/2026\/01\/Raw-Material.jpg 1000w, https:\/\/fenggrill.com\/wp-content\/uploads\/2026\/01\/Raw-Material-300x240.jpg 300w, https:\/\/fenggrill.com\/wp-content\/uploads\/2026\/01\/Raw-Material-768x614.jpg 768w, https:\/\/fenggrill.com\/wp-content\/uploads\/2026\/01\/Raw-Material-600x480.jpg 600w\" sizes=\"(max-width: 1000px) 100vw, 1000px\" \/>\t\t\t\t\t\t\t\t\t\t\t\t\t\t\t<\/div>\n\t\t\t\t<\/div>\n\t\t\t\t<div class=\"elementor-element elementor-element-d3eca09 elementor-widget elementor-widget-image\" data-id=\"d3eca09\" data-element_type=\"widget\" data-settings=\"{&quot;ekit_we_effect_on&quot;:&quot;none&quot;}\" data-widget_type=\"image.default\">\n\t\t\t\t<div class=\"elementor-widget-container\">\n\t\t\t\t\t\t\t\t\t\t\t\t\t\t\t<img decoding=\"async\" width=\"800\" height=\"600\" src=\"https:\/\/fenggrill.com\/wp-content\/uploads\/2026\/01\/bbq-history.jpg\" class=\"attachment-large size-large wp-image-2442\" alt=\"\" srcset=\"https:\/\/fenggrill.com\/wp-content\/uploads\/2026\/01\/bbq-history.jpg 800w, https:\/\/fenggrill.com\/wp-content\/uploads\/2026\/01\/bbq-history-300x225.jpg 300w, https:\/\/fenggrill.com\/wp-content\/uploads\/2026\/01\/bbq-history-768x576.jpg 768w, https:\/\/fenggrill.com\/wp-content\/uploads\/2026\/01\/bbq-history-600x450.jpg 600w\" sizes=\"(max-width: 800px) 100vw, 800px\" \/>\t\t\t\t\t\t\t\t\t\t\t\t\t\t\t<\/div>\n\t\t\t\t<\/div>\n\t\t\t\t<div class=\"elementor-element elementor-element-1a5c8e8 elementor-widget elementor-widget-image\" data-id=\"1a5c8e8\" data-element_type=\"widget\" data-settings=\"{&quot;ekit_we_effect_on&quot;:&quot;none&quot;}\" data-widget_type=\"image.default\">\n\t\t\t\t<div class=\"elementor-widget-container\">\n\t\t\t\t\t\t\t\t\t\t\t\t\t\t\t<img loading=\"lazy\" decoding=\"async\" width=\"800\" height=\"600\" src=\"https:\/\/fenggrill.com\/wp-content\/uploads\/2026\/01\/warehouse3.jpg\" class=\"attachment-large size-large wp-image-1508\" alt=\"\" srcset=\"https:\/\/fenggrill.com\/wp-content\/uploads\/2026\/01\/warehouse3.jpg 800w, https:\/\/fenggrill.com\/wp-content\/uploads\/2026\/01\/warehouse3-600x450.jpg 600w, https:\/\/fenggrill.com\/wp-content\/uploads\/2026\/01\/warehouse3-300x225.jpg 300w, https:\/\/fenggrill.com\/wp-content\/uploads\/2026\/01\/warehouse3-768x576.jpg 768w\" sizes=\"(max-width: 800px) 100vw, 800px\" \/>\t\t\t\t\t\t\t\t\t\t\t\t\t\t\t<\/div>\n\t\t\t\t<\/div>\n\t\t\t\t<\/div>\n\t\t\t\t<\/div>\n\t\t\t\t<\/div>\n\t\t\t\t<\/div>\n\t\t\t\t<\/div>","protected":false},"excerpt":{"rendered":"<p>Packaging and Shipping FengGrill offers customized packaging services for various barbecue motors and accessories. We are committed to providing you with comprehensive support from the beginning to the end of the transaction. Therefore, we can help our customers save time and money.FengGrill can provide a variety of customized packaging solutions, such as outer packaging boxes, [&hellip;]<\/p>","protected":false},"author":1,"featured_media":0,"parent":0,"menu_order":0,"comment_status":"closed","ping_status":"closed","template":"","meta":{"site-sidebar-layout":"no-sidebar","site-content-layout":"page-builder","ast-site-content-layout":"full-width-container","site-content-style":"default","site-sidebar-style":"default","ast-global-header-display":"disabled","ast-banner-title-visibility":"disabled","ast-main-header-display":"disabled","ast-hfb-above-header-display":"","ast-hfb-below-header-display":"","ast-hfb-mobile-header-display":"disabled","site-post-title":"","ast-breadcrumbs-content":"","ast-featured-img":"disabled","footer-sml-layout":"","ast-disable-related-posts":"","theme-transparent-header-meta":"disabled","adv-header-id-meta":"","stick-header-meta":"","header-above-stick-meta":"","header-main-stick-meta":"","header-below-stick-meta":"","astra-migrate-meta-layouts":"set","ast-page-background-enabled":"default","ast-page-background-meta":{"desktop":{"background-color":"var(--ast-global-color-4)","background-image":"","background-repeat":"repeat","background-position":"center center","background-size":"auto","background-attachment":"scroll","background-type":"","background-media":"","overlay-type":"","overlay-color":"","overlay-opacity":"","overlay-gradient":""},"tablet":{"background-color":"","background-image":"","background-repeat":"repeat","background-position":"center center","background-size":"auto","background-attachment":"scroll","background-type":"","background-media":"","overlay-type":"","overlay-color":"","overlay-opacity":"","overlay-gradient":""},"mobile":{"background-color":"","background-image":"","background-repeat":"repeat","background-position":"center center","background-size":"auto","background-attachment":"scroll","background-type":"","background-media":"","overlay-type":"","overlay-color":"","overlay-opacity":"","overlay-gradient":""}},"ast-content-background-meta":{"desktop":{"background-color":"var(--ast-global-color-5)","background-image":"","background-repeat":"repeat","background-position":"center center","background-size":"auto","background-attachment":"scroll","background-type":"","background-media":"","overlay-type":"","overlay-color":"","overlay-opacity":"","overlay-gradient":""},"tablet":{"background-color":"var(--ast-global-color-5)","background-image":"","background-repeat":"repeat","background-position":"center center","background-size":"auto","background-attachment":"scroll","background-type":"","background-media":"","overlay-type":"","overlay-color":"","overlay-opacity":"","overlay-gradient":""},"mobile":{"background-color":"var(--ast-global-color-5)","background-image":"","background-repeat":"repeat","background-position":"center center","background-size":"auto","background-attachment":"scroll","background-type":"","background-media":"","overlay-type":"","overlay-color":"","overlay-opacity":"","overlay-gradient":""}},"footnotes":""},"class_list":["post-2922","page","type-page","status-publish","hentry"],"yoast_head":"<!-- This site is optimized with the Yoast SEO Premium plugin v25.4 (Yoast SEO v25.4) - https:\/\/yoast.com\/wordpress\/plugins\/seo\/ -->\n<title>Packaging and Shipping - FengGrill<\/title>\n<meta name=\"robots\" content=\"index, follow, max-snippet:-1, max-image-preview:large, max-video-preview:-1\" \/>\n<link rel=\"canonical\" href=\"https:\/\/fenggrill.com\/it\/packaging-and-shipping\/\" \/>\n<meta property=\"og:locale\" content=\"it_IT\" \/>\n<meta property=\"og:type\" content=\"article\" \/>\n<meta property=\"og:title\" content=\"Packaging and Shipping\" \/>\n<meta property=\"og:description\" content=\"Packaging and Shipping FengGrill offers customized packaging services for various barbecue motors and accessories. We are committed to providing you with comprehensive support from the beginning to the end of the transaction. Therefore, we can help our customers save time and money.FengGrill can provide a variety of customized packaging solutions, such as outer packaging boxes, [&hellip;]\" \/>\n<meta property=\"og:url\" content=\"https:\/\/fenggrill.com\/it\/packaging-and-shipping\/\" \/>\n<meta property=\"og:site_name\" content=\"FengGrill\" \/>\n<meta property=\"article:modified_time\" content=\"2026-02-02T06:11:08+00:00\" \/>\n<meta property=\"og:image\" content=\"https:\/\/fenggrill.com\/wp-content\/uploads\/2026\/01\/shipping.jpg\" \/>\n\t<meta property=\"og:image:width\" content=\"1000\" \/>\n\t<meta property=\"og:image:height\" content=\"800\" \/>\n\t<meta property=\"og:image:type\" content=\"image\/jpeg\" \/>\n<meta name=\"twitter:card\" content=\"summary_large_image\" \/>\n<meta name=\"twitter:label1\" content=\"Tempo di lettura stimato\" \/>\n\t<meta name=\"twitter:data1\" content=\"2 minuti\" \/>\n<script type=\"application\/ld+json\" class=\"yoast-schema-graph\">{\"@context\":\"https:\/\/schema.org\",\"@graph\":[{\"@type\":\"WebPage\",\"@id\":\"https:\/\/fenggrill.com\/packaging-and-shipping\/\",\"url\":\"https:\/\/fenggrill.com\/packaging-and-shipping\/\",\"name\":\"Packaging and Shipping - FengGrill\",\"isPartOf\":{\"@id\":\"https:\/\/fenggrill.com\/#website\"},\"primaryImageOfPage\":{\"@id\":\"https:\/\/fenggrill.com\/packaging-and-shipping\/#primaryimage\"},\"image\":{\"@id\":\"https:\/\/fenggrill.com\/packaging-and-shipping\/#primaryimage\"},\"thumbnailUrl\":\"https:\/\/fenggrill.com\/wp-content\/uploads\/2026\/01\/shipping.jpg\",\"datePublished\":\"2026-02-02T04:11:45+00:00\",\"dateModified\":\"2026-02-02T06:11:08+00:00\",\"breadcrumb\":{\"@id\":\"https:\/\/fenggrill.com\/packaging-and-shipping\/#breadcrumb\"},\"inLanguage\":\"it-IT\",\"potentialAction\":[{\"@type\":\"ReadAction\",\"target\":[\"https:\/\/fenggrill.com\/packaging-and-shipping\/\"]}]},{\"@type\":\"ImageObject\",\"inLanguage\":\"it-IT\",\"@id\":\"https:\/\/fenggrill.com\/packaging-and-shipping\/#primaryimage\",\"url\":\"https:\/\/fenggrill.com\/wp-content\/uploads\/2026\/01\/shipping.jpg\",\"contentUrl\":\"https:\/\/fenggrill.com\/wp-content\/uploads\/2026\/01\/shipping.jpg\"},{\"@type\":\"BreadcrumbList\",\"@id\":\"https:\/\/fenggrill.com\/packaging-and-shipping\/#breadcrumb\",\"itemListElement\":[{\"@type\":\"ListItem\",\"position\":1,\"name\":\"\u9996\u9875\",\"item\":\"https:\/\/fenggrill.com\/\"},{\"@type\":\"ListItem\",\"position\":2,\"name\":\"Packaging and Shipping\"}]},{\"@type\":\"WebSite\",\"@id\":\"https:\/\/fenggrill.com\/#website\",\"url\":\"https:\/\/fenggrill.com\/\",\"name\":\"FengGrill\",\"description\":\"Rotisserie Motors Manufacturer\",\"publisher\":{\"@id\":\"https:\/\/fenggrill.com\/#organization\"},\"potentialAction\":[{\"@type\":\"SearchAction\",\"target\":{\"@type\":\"EntryPoint\",\"urlTemplate\":\"https:\/\/fenggrill.com\/?s={search_term_string}\"},\"query-input\":{\"@type\":\"PropertyValueSpecification\",\"valueRequired\":true,\"valueName\":\"search_term_string\"}}],\"inLanguage\":\"it-IT\"},{\"@type\":\"Organization\",\"@id\":\"https:\/\/fenggrill.com\/#organization\",\"name\":\"FengGrill\",\"url\":\"https:\/\/fenggrill.com\/\",\"logo\":{\"@type\":\"ImageObject\",\"inLanguage\":\"it-IT\",\"@id\":\"https:\/\/fenggrill.com\/#\/schema\/logo\/image\/\",\"url\":\"https:\/\/fenggrill.com\/wp-content\/uploads\/2026\/01\/FENGGRILL2.svg\",\"contentUrl\":\"https:\/\/fenggrill.com\/wp-content\/uploads\/2026\/01\/FENGGRILL2.svg\",\"width\":500,\"height\":100,\"caption\":\"FengGrill\"},\"image\":{\"@id\":\"https:\/\/fenggrill.com\/#\/schema\/logo\/image\/\"}}]}<\/script>\n<!-- \/ Yoast SEO Premium plugin. -->","yoast_head_json":{"title":"Packaging and Shipping - FengGrill","robots":{"index":"index","follow":"follow","max-snippet":"max-snippet:-1","max-image-preview":"max-image-preview:large","max-video-preview":"max-video-preview:-1"},"canonical":"https:\/\/fenggrill.com\/it\/packaging-and-shipping\/","og_locale":"it_IT","og_type":"article","og_title":"Packaging and Shipping","og_description":"Packaging and Shipping FengGrill offers customized packaging services for various barbecue motors and accessories. We are committed to providing you with comprehensive support from the beginning to the end of the transaction. Therefore, we can help our customers save time and money.FengGrill can provide a variety of customized packaging solutions, such as outer packaging boxes, [&hellip;]","og_url":"https:\/\/fenggrill.com\/it\/packaging-and-shipping\/","og_site_name":"FengGrill","article_modified_time":"2026-02-02T06:11:08+00:00","og_image":[{"width":1000,"height":800,"url":"https:\/\/fenggrill.com\/wp-content\/uploads\/2026\/01\/shipping.jpg","type":"image\/jpeg"}],"twitter_card":"summary_large_image","twitter_misc":{"Tempo di lettura stimato":"2 minuti"},"schema":{"@context":"https:\/\/schema.org","@graph":[{"@type":"WebPage","@id":"https:\/\/fenggrill.com\/packaging-and-shipping\/","url":"https:\/\/fenggrill.com\/packaging-and-shipping\/","name":"Packaging and Shipping - FengGrill","isPartOf":{"@id":"https:\/\/fenggrill.com\/#website"},"primaryImageOfPage":{"@id":"https:\/\/fenggrill.com\/packaging-and-shipping\/#primaryimage"},"image":{"@id":"https:\/\/fenggrill.com\/packaging-and-shipping\/#primaryimage"},"thumbnailUrl":"https:\/\/fenggrill.com\/wp-content\/uploads\/2026\/01\/shipping.jpg","datePublished":"2026-02-02T04:11:45+00:00","dateModified":"2026-02-02T06:11:08+00:00","breadcrumb":{"@id":"https:\/\/fenggrill.com\/packaging-and-shipping\/#breadcrumb"},"inLanguage":"it-IT","potentialAction":[{"@type":"ReadAction","target":["https:\/\/fenggrill.com\/packaging-and-shipping\/"]}]},{"@type":"ImageObject","inLanguage":"it-IT","@id":"https:\/\/fenggrill.com\/packaging-and-shipping\/#primaryimage","url":"https:\/\/fenggrill.com\/wp-content\/uploads\/2026\/01\/shipping.jpg","contentUrl":"https:\/\/fenggrill.com\/wp-content\/uploads\/2026\/01\/shipping.jpg"},{"@type":"BreadcrumbList","@id":"https:\/\/fenggrill.com\/packaging-and-shipping\/#breadcrumb","itemListElement":[{"@type":"ListItem","position":1,"name":"\u9996\u9875","item":"https:\/\/fenggrill.com\/"},{"@type":"ListItem","position":2,"name":"Packaging and Shipping"}]},{"@type":"WebSite","@id":"https:\/\/fenggrill.com\/#website","url":"https:\/\/fenggrill.com\/","name":"FengGrill","description":"Motori per girarrosto Produttore","publisher":{"@id":"https:\/\/fenggrill.com\/#organization"},"potentialAction":[{"@type":"SearchAction","target":{"@type":"EntryPoint","urlTemplate":"https:\/\/fenggrill.com\/?s={search_term_string}"},"query-input":{"@type":"PropertyValueSpecification","valueRequired":true,"valueName":"search_term_string"}}],"inLanguage":"it-IT"},{"@type":"Organization","@id":"https:\/\/fenggrill.com\/#organization","name":"FengGrill","url":"https:\/\/fenggrill.com\/","logo":{"@type":"ImageObject","inLanguage":"it-IT","@id":"https:\/\/fenggrill.com\/#\/schema\/logo\/image\/","url":"https:\/\/fenggrill.com\/wp-content\/uploads\/2026\/01\/FENGGRILL2.svg","contentUrl":"https:\/\/fenggrill.com\/wp-content\/uploads\/2026\/01\/FENGGRILL2.svg","width":500,"height":100,"caption":"FengGrill"},"image":{"@id":"https:\/\/fenggrill.com\/#\/schema\/logo\/image\/"}}]}},"_links":{"self":[{"href":"https:\/\/fenggrill.com\/it\/wp-json\/wp\/v2\/pages\/2922","targetHints":{"allow":["GET"]}}],"collection":[{"href":"https:\/\/fenggrill.com\/it\/wp-json\/wp\/v2\/pages"}],"about":[{"href":"https:\/\/fenggrill.com\/it\/wp-json\/wp\/v2\/types\/page"}],"author":[{"embeddable":true,"href":"https:\/\/fenggrill.com\/it\/wp-json\/wp\/v2\/users\/1"}],"replies":[{"embeddable":true,"href":"https:\/\/fenggrill.com\/it\/wp-json\/wp\/v2\/comments?post=2922"}],"version-history":[{"count":10,"href":"https:\/\/fenggrill.com\/it\/wp-json\/wp\/v2\/pages\/2922\/revisions"}],"predecessor-version":[{"id":2962,"href":"https:\/\/fenggrill.com\/it\/wp-json\/wp\/v2\/pages\/2922\/revisions\/2962"}],"wp:attachment":[{"href":"https:\/\/fenggrill.com\/it\/wp-json\/wp\/v2\/media?parent=2922"}],"curies":[{"name":"wp","href":"https:\/\/api.w.org\/{rel}","templated":true}]}}