{"id":2522,"date":"2026-01-20T16:21:37","date_gmt":"2026-01-20T08:21:37","guid":{"rendered":"https:\/\/fenggrill.com\/?post_type=product&#038;p=2522"},"modified":"2026-01-20T16:39:34","modified_gmt":"2026-01-20T08:39:34","slug":"barbecue-rotating-motor-fixed-mounting-bracket","status":"publish","type":"product","link":"https:\/\/fenggrill.com\/fr\/produit\/barbecue-rotating-motor-fixed-mounting-bracket\/","title":{"rendered":"Moteur rotatif pour barbecue Support de montage fixe"},"content":{"rendered":"<p>Ce support m\u00e9tallique sert \u00e0 fixer le moteur du barbecue. \u00c0 l'ext\u00e9rieur, le moteur peut \u00eatre solidement fix\u00e9 \u00e0 l'aide de simples vis et du support, ce qui \u00e9vite qu'il ne bascule ou qu'il ne cause d'autres probl\u00e8mes.<\/p>","protected":false},"excerpt":{"rendered":"<table style=\"width: 100%; border-collapse: collapse; font-size: 14px;\">\n<tbody>\n<tr>\n<th style=\"text-align: left; padding: 8px; border: 1px solid #ddd;\">Mat\u00e9riau<\/th>\n<td style=\"padding: 8px; border: 1px solid #ddd;\">Acier inoxydable<\/td>\n<\/tr>\n<tr>\n<th style=\"text-align: left; padding: 8px; border: 1px solid #ddd;\">Caract\u00e9ristiques<\/th>\n<td style=\"padding: 8px; border: 1px solid #ddd;\">Facile \u00e0 nettoyer, r\u00e9sistant aux hautes temp\u00e9ratures, antiadh\u00e9sif<\/td>\n<\/tr>\n<tr>\n<th style=\"text-align: left; padding: 8px; border: 1px solid #ddd;\">Emballage<\/th>\n<td style=\"padding: 8px; border: 1px solid #ddd;\">sac en plastique<\/td>\n<\/tr>\n<tr>\n<th style=\"text-align: left; padding: 8px; border: 1px solid #ddd;\">Fourchettes<\/th>\n<td style=\"padding: 8px; border: 1px solid #ddd;\">2 pi\u00e8ces ;<\/td>\n<\/tr>\n<tr>\n<th style=\"text-align: left; padding: 8px; border: 1px solid #ddd;\">Poids<\/th>\n<td style=\"padding: 8px; border: 1px solid #ddd;\">0,3 kg<\/td>\n<\/tr>\n<tr>\n<th style=\"text-align: left; padding: 8px; border: 1px solid #ddd;\">MOQ<\/th>\n<td style=\"padding: 8px; border: 1px solid #ddd;\">1000<\/td>\n<\/tr>\n<tr>\n<th style=\"text-align: left; padding: 8px; border: 1px solid #ddd;\">Options de personnalisation<\/th>\n<td style=\"padding: 8px; border: 1px solid #ddd;\">Emballage, taille, mat\u00e9riau, autres<\/td>\n<\/tr>\n<\/tbody>\n<\/table>","protected":false},"featured_media":2523,"template":"","meta":{"site-sidebar-layout":"default","site-content-layout":"","ast-site-content-layout":"full-width-container","site-content-style":"default","site-sidebar-style":"default","ast-global-header-display":"","ast-banner-title-visibility":"","ast-main-header-display":"","ast-hfb-above-header-display":"","ast-hfb-below-header-display":"","ast-hfb-mobile-header-display":"","site-post-title":"","ast-breadcrumbs-content":"","ast-featured-img":"","footer-sml-layout":"","ast-disable-related-posts":"","theme-transparent-header-meta":"default","adv-header-id-meta":"","stick-header-meta":"","header-above-stick-meta":"","header-main-stick-meta":"","header-below-stick-meta":"","astra-migrate-meta-layouts":"set","ast-page-background-enabled":"default","ast-page-background-meta":{"desktop":{"background-color":"var(--ast-global-color-4)","background-image":"","background-repeat":"repeat","background-position":"center center","background-size":"auto","background-attachment":"scroll","background-type":"","background-media":"","overlay-type":"","overlay-color":"","overlay-opacity":"","overlay-gradient":""},"tablet":{"background-color":"","background-image":"","background-repeat":"repeat","background-position":"center center","background-size":"auto","background-attachment":"scroll","background-type":"","background-media":"","overlay-type":"","overlay-color":"","overlay-opacity":"","overlay-gradient":""},"mobile":{"background-color":"","background-image":"","background-repeat":"repeat","background-position":"center center","background-size":"auto","background-attachment":"scroll","background-type":"","background-media":"","overlay-type":"","overlay-color":"","overlay-opacity":"","overlay-gradient":""}},"ast-content-background-meta":{"desktop":{"background-color":"var(--ast-global-color-5)","background-image":"","background-repeat":"repeat","background-position":"center center","background-size":"auto","background-attachment":"scroll","background-type":"","background-media":"","overlay-type":"","overlay-color":"","overlay-opacity":"","overlay-gradient":""},"tablet":{"background-color":"var(--ast-global-color-5)","background-image":"","background-repeat":"repeat","background-position":"center center","background-size":"auto","background-attachment":"scroll","background-type":"","background-media":"","overlay-type":"","overlay-color":"","overlay-opacity":"","overlay-gradient":""},"mobile":{"background-color":"var(--ast-global-color-5)","background-image":"","background-repeat":"repeat","background-position":"center center","background-size":"auto","background-attachment":"scroll","background-type":"","background-media":"","overlay-type":"","overlay-color":"","overlay-opacity":"","overlay-gradient":""}}},"product_brand":[],"product_cat":[51],"product_tag":[50],"class_list":{"0":"post-2522","1":"product","2":"type-product","3":"status-publish","4":"has-post-thumbnail","6":"product_cat-mounting-bracket","7":"product_tag-barbecue-tools","8":"desktop-align-left","9":"tablet-align-left","10":"mobile-align-left","12":"first","13":"instock","14":"shipping-taxable","15":"product-type-simple"},"yoast_head":"<!-- This site is optimized with the Yoast SEO Premium plugin v25.4 (Yoast SEO v25.4) - https:\/\/yoast.com\/wordpress\/plugins\/seo\/ -->\n<title>Barbecue Rotating Motor Fixed Mounting Bracket - FengGrill<\/title>\n<meta name=\"description\" content=\"This metal bracket is used to secure the barbecue motor. Outdoors, the motor can be firmly fixed in place using only screws and the bracket, preventing it from tipping over or causing other problems.\" \/>\n<meta name=\"robots\" content=\"index, follow, max-snippet:-1, max-image-preview:large, max-video-preview:-1\" \/>\n<link rel=\"canonical\" href=\"https:\/\/fenggrill.com\/fr\/produit\/barbecue-rotating-motor-fixed-mounting-bracket\/\" \/>\n<meta property=\"og:locale\" content=\"fr_FR\" \/>\n<meta property=\"og:type\" content=\"article\" \/>\n<meta property=\"og:title\" content=\"Barbecue Rotating Motor Fixed Mounting Bracket\" \/>\n<meta property=\"og:description\" content=\"This metal bracket is used to secure the barbecue motor. Outdoors, the motor can be firmly fixed in place using only screws and the bracket, preventing it from tipping over or causing other problems.\" \/>\n<meta property=\"og:url\" content=\"https:\/\/fenggrill.com\/fr\/produit\/barbecue-rotating-motor-fixed-mounting-bracket\/\" \/>\n<meta property=\"og:site_name\" content=\"FengGrill\" \/>\n<meta property=\"article:modified_time\" content=\"2026-01-20T08:39:34+00:00\" \/>\n<meta property=\"og:image\" content=\"https:\/\/fenggrill.com\/wp-content\/uploads\/2026\/01\/Mounting-Brackets-2.jpg\" \/>\n\t<meta property=\"og:image:width\" content=\"800\" \/>\n\t<meta property=\"og:image:height\" content=\"800\" \/>\n\t<meta property=\"og:image:type\" content=\"image\/jpeg\" \/>\n<meta name=\"twitter:card\" content=\"summary_large_image\" \/>\n<meta name=\"twitter:label1\" content=\"Dur\u00e9e de lecture estim\u00e9e\" \/>\n\t<meta name=\"twitter:data1\" content=\"1 minute\" \/>\n<script type=\"application\/ld+json\" class=\"yoast-schema-graph\">{\"@context\":\"https:\/\/schema.org\",\"@graph\":[{\"@type\":\"WebPage\",\"@id\":\"https:\/\/fenggrill.com\/product\/barbecue-rotating-motor-fixed-mounting-bracket\/\",\"url\":\"https:\/\/fenggrill.com\/product\/barbecue-rotating-motor-fixed-mounting-bracket\/\",\"name\":\"Barbecue Rotating Motor Fixed Mounting Bracket - FengGrill\",\"isPartOf\":{\"@id\":\"https:\/\/fenggrill.com\/#website\"},\"primaryImageOfPage\":{\"@id\":\"https:\/\/fenggrill.com\/product\/barbecue-rotating-motor-fixed-mounting-bracket\/#primaryimage\"},\"image\":{\"@id\":\"https:\/\/fenggrill.com\/product\/barbecue-rotating-motor-fixed-mounting-bracket\/#primaryimage\"},\"thumbnailUrl\":\"https:\/\/fenggrill.com\/wp-content\/uploads\/2026\/01\/Mounting-Brackets-2.jpg\",\"datePublished\":\"2026-01-20T08:21:37+00:00\",\"dateModified\":\"2026-01-20T08:39:34+00:00\",\"description\":\"This metal bracket is used to secure the barbecue motor. Outdoors, the motor can be firmly fixed in place using only screws and the bracket, preventing it from tipping over or causing other problems.\",\"breadcrumb\":{\"@id\":\"https:\/\/fenggrill.com\/product\/barbecue-rotating-motor-fixed-mounting-bracket\/#breadcrumb\"},\"inLanguage\":\"fr-FR\",\"potentialAction\":[{\"@type\":\"ReadAction\",\"target\":[\"https:\/\/fenggrill.com\/product\/barbecue-rotating-motor-fixed-mounting-bracket\/\"]}]},{\"@type\":\"ImageObject\",\"inLanguage\":\"fr-FR\",\"@id\":\"https:\/\/fenggrill.com\/product\/barbecue-rotating-motor-fixed-mounting-bracket\/#primaryimage\",\"url\":\"https:\/\/fenggrill.com\/wp-content\/uploads\/2026\/01\/Mounting-Brackets-2.jpg\",\"contentUrl\":\"https:\/\/fenggrill.com\/wp-content\/uploads\/2026\/01\/Mounting-Brackets-2.jpg\",\"width\":800,\"height\":800},{\"@type\":\"BreadcrumbList\",\"@id\":\"https:\/\/fenggrill.com\/product\/barbecue-rotating-motor-fixed-mounting-bracket\/#breadcrumb\",\"itemListElement\":[{\"@type\":\"ListItem\",\"position\":1,\"name\":\"\u9996\u9875\",\"item\":\"https:\/\/fenggrill.com\/\"},{\"@type\":\"ListItem\",\"position\":2,\"name\":\"Products\",\"item\":\"https:\/\/fenggrill.com\/shop\/\"},{\"@type\":\"ListItem\",\"position\":3,\"name\":\"Barbecue Rotating Motor Fixed Mounting Bracket\"}]},{\"@type\":\"WebSite\",\"@id\":\"https:\/\/fenggrill.com\/#website\",\"url\":\"https:\/\/fenggrill.com\/\",\"name\":\"FengGrill\",\"description\":\"Rotisserie Motors Manufacturer\",\"publisher\":{\"@id\":\"https:\/\/fenggrill.com\/#organization\"},\"potentialAction\":[{\"@type\":\"SearchAction\",\"target\":{\"@type\":\"EntryPoint\",\"urlTemplate\":\"https:\/\/fenggrill.com\/?s={search_term_string}\"},\"query-input\":{\"@type\":\"PropertyValueSpecification\",\"valueRequired\":true,\"valueName\":\"search_term_string\"}}],\"inLanguage\":\"fr-FR\"},{\"@type\":\"Organization\",\"@id\":\"https:\/\/fenggrill.com\/#organization\",\"name\":\"FengGrill\",\"url\":\"https:\/\/fenggrill.com\/\",\"logo\":{\"@type\":\"ImageObject\",\"inLanguage\":\"fr-FR\",\"@id\":\"https:\/\/fenggrill.com\/#\/schema\/logo\/image\/\",\"url\":\"https:\/\/fenggrill.com\/wp-content\/uploads\/2026\/01\/FENGGRILL2.svg\",\"contentUrl\":\"https:\/\/fenggrill.com\/wp-content\/uploads\/2026\/01\/FENGGRILL2.svg\",\"width\":500,\"height\":100,\"caption\":\"FengGrill\"},\"image\":{\"@id\":\"https:\/\/fenggrill.com\/#\/schema\/logo\/image\/\"}}]}<\/script>\n<!-- \/ Yoast SEO Premium plugin. -->","yoast_head_json":{"title":"Barbecue Rotating Motor Fixed Mounting Bracket - FengGrill","description":"Ce support m\u00e9tallique sert \u00e0 fixer le moteur du barbecue. \u00c0 l'ext\u00e9rieur, le moteur peut \u00eatre solidement fix\u00e9 \u00e0 l'aide de simples vis et du support, ce qui \u00e9vite qu'il ne bascule ou qu'il ne cause d'autres probl\u00e8mes.","robots":{"index":"index","follow":"follow","max-snippet":"max-snippet:-1","max-image-preview":"max-image-preview:large","max-video-preview":"max-video-preview:-1"},"canonical":"https:\/\/fenggrill.com\/fr\/produit\/barbecue-rotating-motor-fixed-mounting-bracket\/","og_locale":"fr_FR","og_type":"article","og_title":"Barbecue Rotating Motor Fixed Mounting Bracket","og_description":"This metal bracket is used to secure the barbecue motor. Outdoors, the motor can be firmly fixed in place using only screws and the bracket, preventing it from tipping over or causing other problems.","og_url":"https:\/\/fenggrill.com\/fr\/produit\/barbecue-rotating-motor-fixed-mounting-bracket\/","og_site_name":"FengGrill","article_modified_time":"2026-01-20T08:39:34+00:00","og_image":[{"width":800,"height":800,"url":"https:\/\/fenggrill.com\/wp-content\/uploads\/2026\/01\/Mounting-Brackets-2.jpg","type":"image\/jpeg"}],"twitter_card":"summary_large_image","twitter_misc":{"Dur\u00e9e de lecture estim\u00e9e":"1 minute"},"schema":{"@context":"https:\/\/schema.org","@graph":[{"@type":"WebPage","@id":"https:\/\/fenggrill.com\/product\/barbecue-rotating-motor-fixed-mounting-bracket\/","url":"https:\/\/fenggrill.com\/product\/barbecue-rotating-motor-fixed-mounting-bracket\/","name":"Barbecue Rotating Motor Fixed Mounting Bracket - FengGrill","isPartOf":{"@id":"https:\/\/fenggrill.com\/#website"},"primaryImageOfPage":{"@id":"https:\/\/fenggrill.com\/product\/barbecue-rotating-motor-fixed-mounting-bracket\/#primaryimage"},"image":{"@id":"https:\/\/fenggrill.com\/product\/barbecue-rotating-motor-fixed-mounting-bracket\/#primaryimage"},"thumbnailUrl":"https:\/\/fenggrill.com\/wp-content\/uploads\/2026\/01\/Mounting-Brackets-2.jpg","datePublished":"2026-01-20T08:21:37+00:00","dateModified":"2026-01-20T08:39:34+00:00","description":"Ce support m\u00e9tallique sert \u00e0 fixer le moteur du barbecue. \u00c0 l'ext\u00e9rieur, le moteur peut \u00eatre solidement fix\u00e9 \u00e0 l'aide de simples vis et du support, ce qui \u00e9vite qu'il ne bascule ou qu'il ne cause d'autres probl\u00e8mes.","breadcrumb":{"@id":"https:\/\/fenggrill.com\/product\/barbecue-rotating-motor-fixed-mounting-bracket\/#breadcrumb"},"inLanguage":"fr-FR","potentialAction":[{"@type":"ReadAction","target":["https:\/\/fenggrill.com\/product\/barbecue-rotating-motor-fixed-mounting-bracket\/"]}]},{"@type":"ImageObject","inLanguage":"fr-FR","@id":"https:\/\/fenggrill.com\/product\/barbecue-rotating-motor-fixed-mounting-bracket\/#primaryimage","url":"https:\/\/fenggrill.com\/wp-content\/uploads\/2026\/01\/Mounting-Brackets-2.jpg","contentUrl":"https:\/\/fenggrill.com\/wp-content\/uploads\/2026\/01\/Mounting-Brackets-2.jpg","width":800,"height":800},{"@type":"BreadcrumbList","@id":"https:\/\/fenggrill.com\/product\/barbecue-rotating-motor-fixed-mounting-bracket\/#breadcrumb","itemListElement":[{"@type":"ListItem","position":1,"name":"\u9996\u9875","item":"https:\/\/fenggrill.com\/"},{"@type":"ListItem","position":2,"name":"Products","item":"https:\/\/fenggrill.com\/shop\/"},{"@type":"ListItem","position":3,"name":"Barbecue Rotating Motor Fixed Mounting Bracket"}]},{"@type":"WebSite","@id":"https:\/\/fenggrill.com\/#website","url":"https:\/\/fenggrill.com\/","name":"FengGrill","description":"Fabricant de moteurs de r\u00f4tisserie","publisher":{"@id":"https:\/\/fenggrill.com\/#organization"},"potentialAction":[{"@type":"SearchAction","target":{"@type":"EntryPoint","urlTemplate":"https:\/\/fenggrill.com\/?s={search_term_string}"},"query-input":{"@type":"PropertyValueSpecification","valueRequired":true,"valueName":"search_term_string"}}],"inLanguage":"fr-FR"},{"@type":"Organization","@id":"https:\/\/fenggrill.com\/#organization","name":"FengGrill","url":"https:\/\/fenggrill.com\/","logo":{"@type":"ImageObject","inLanguage":"fr-FR","@id":"https:\/\/fenggrill.com\/#\/schema\/logo\/image\/","url":"https:\/\/fenggrill.com\/wp-content\/uploads\/2026\/01\/FENGGRILL2.svg","contentUrl":"https:\/\/fenggrill.com\/wp-content\/uploads\/2026\/01\/FENGGRILL2.svg","width":500,"height":100,"caption":"FengGrill"},"image":{"@id":"https:\/\/fenggrill.com\/#\/schema\/logo\/image\/"}}]}},"_links":{"self":[{"href":"https:\/\/fenggrill.com\/fr\/wp-json\/wp\/v2\/product\/2522","targetHints":{"allow":["GET"]}}],"collection":[{"href":"https:\/\/fenggrill.com\/fr\/wp-json\/wp\/v2\/product"}],"about":[{"href":"https:\/\/fenggrill.com\/fr\/wp-json\/wp\/v2\/types\/product"}],"wp:featuredmedia":[{"embeddable":true,"href":"https:\/\/fenggrill.com\/fr\/wp-json\/wp\/v2\/media\/2523"}],"wp:attachment":[{"href":"https:\/\/fenggrill.com\/fr\/wp-json\/wp\/v2\/media?parent=2522"}],"wp:term":[{"taxonomy":"product_brand","embeddable":true,"href":"https:\/\/fenggrill.com\/fr\/wp-json\/wp\/v2\/product_brand?post=2522"},{"taxonomy":"product_cat","embeddable":true,"href":"https:\/\/fenggrill.com\/fr\/wp-json\/wp\/v2\/product_cat?post=2522"},{"taxonomy":"product_tag","embeddable":true,"href":"https:\/\/fenggrill.com\/fr\/wp-json\/wp\/v2\/product_tag?post=2522"}],"curies":[{"name":"wp","href":"https:\/\/api.w.org\/{rel}","templated":true}]}}