{"id":2501,"date":"2026-01-20T15:14:41","date_gmt":"2026-01-20T07:14:41","guid":{"rendered":"https:\/\/fenggrill.com\/?post_type=product&#038;p=2501"},"modified":"2026-01-20T15:34:27","modified_gmt":"2026-01-20T07:34:27","slug":"600mm-stainless-steel-metal-barbecue-fork","status":"publish","type":"product","link":"https:\/\/fenggrill.com\/fr\/produit\/600mm-stainless-steel-metal-barbecue-fork\/","title":{"rendered":"Fourchette \u00e0 barbecue en m\u00e9tal en acier inoxydable 600mm"},"content":{"rendered":"<p>Cette fourchette \u00e0 barbecue en m\u00e9tal de 600 mm de long convient pour les petites grillades, comme celles des poulets entiers, des c\u00f4telettes de porc et des c\u00f4telettes d'agneau, mais elle n'est pas adapt\u00e9e aux aliments trop lourds ou trop gros.<br \/>\n<strong>Le paquet comprend :<\/strong> 4 fourchettes en m\u00e9tal, 1 tige en m\u00e9tal<\/p>\n<p><strong>Les options de personnalisation comprennent :<\/strong> Mat\u00e9riau, longueur, m\u00e9thode d'emballage et conception.<\/p>\n<p>&nbsp;<\/p>","protected":false},"excerpt":{"rendered":"<table style=\"width: 100%; border-collapse: collapse; font-size: 14px;\">\n<tbody>\n<tr>\n<th style=\"text-align: left; padding: 8px; border: 1px solid #ddd;\">Mat\u00e9riau<\/th>\n<td style=\"padding: 8px; border: 1px solid #ddd;\">Acier inoxydable<\/td>\n<\/tr>\n<tr>\n<th style=\"text-align: left; padding: 8px; border: 1px solid #ddd;\">Caract\u00e9ristiques<\/th>\n<td style=\"padding: 8px; border: 1px solid #ddd;\">Acier inoxydable 304 facile \u00e0 nettoyer<\/td>\n<\/tr>\n<tr>\n<th style=\"text-align: left; padding: 8px; border: 1px solid #ddd;\">Emballage<\/th>\n<td style=\"padding: 8px; border: 1px solid #ddd;\">1 jeu\/sac en plastique<\/td>\n<\/tr>\n<tr>\n<th style=\"text-align: left; padding: 8px; border: 1px solid #ddd;\">Fourchettes<\/th>\n<td style=\"padding: 8px; border: 1px solid #ddd;\">4 pi\u00e8ces ; 70 * 70 mm ; acier inoxydable 304<\/td>\n<\/tr>\n<tr>\n<th style=\"text-align: left; padding: 8px; border: 1px solid #ddd;\">Tige de crachat<\/th>\n<td style=\"padding: 8px; border: 1px solid #ddd;\">Longueur 500 mm ; Sp\u00e9cifications : 6x6mm ; Mat\u00e9riau : SS #304<\/td>\n<\/tr>\n<tr>\n<th style=\"text-align: left; padding: 8px; border: 1px solid #ddd;\">Longueur du manche<\/th>\n<td style=\"padding: 8px; border: 1px solid #ddd;\">100 mm<\/td>\n<\/tr>\n<tr>\n<th style=\"text-align: left; padding: 8px; border: 1px solid #ddd;\">Longueur totale<\/th>\n<td style=\"padding: 8px; border: 1px solid #ddd;\">600 mm<\/td>\n<\/tr>\n<\/tbody>\n<\/table>","protected":false},"featured_media":2502,"template":"","meta":{"site-sidebar-layout":"default","site-content-layout":"","ast-site-content-layout":"full-width-container","site-content-style":"default","site-sidebar-style":"default","ast-global-header-display":"","ast-banner-title-visibility":"","ast-main-header-display":"","ast-hfb-above-header-display":"","ast-hfb-below-header-display":"","ast-hfb-mobile-header-display":"","site-post-title":"","ast-breadcrumbs-content":"","ast-featured-img":"","footer-sml-layout":"","ast-disable-related-posts":"","theme-transparent-header-meta":"default","adv-header-id-meta":"","stick-header-meta":"","header-above-stick-meta":"","header-main-stick-meta":"","header-below-stick-meta":"","astra-migrate-meta-layouts":"set","ast-page-background-enabled":"default","ast-page-background-meta":{"desktop":{"background-color":"var(--ast-global-color-4)","background-image":"","background-repeat":"repeat","background-position":"center center","background-size":"auto","background-attachment":"scroll","background-type":"","background-media":"","overlay-type":"","overlay-color":"","overlay-opacity":"","overlay-gradient":""},"tablet":{"background-color":"","background-image":"","background-repeat":"repeat","background-position":"center center","background-size":"auto","background-attachment":"scroll","background-type":"","background-media":"","overlay-type":"","overlay-color":"","overlay-opacity":"","overlay-gradient":""},"mobile":{"background-color":"","background-image":"","background-repeat":"repeat","background-position":"center center","background-size":"auto","background-attachment":"scroll","background-type":"","background-media":"","overlay-type":"","overlay-color":"","overlay-opacity":"","overlay-gradient":""}},"ast-content-background-meta":{"desktop":{"background-color":"var(--ast-global-color-5)","background-image":"","background-repeat":"repeat","background-position":"center center","background-size":"auto","background-attachment":"scroll","background-type":"","background-media":"","overlay-type":"","overlay-color":"","overlay-opacity":"","overlay-gradient":""},"tablet":{"background-color":"var(--ast-global-color-5)","background-image":"","background-repeat":"repeat","background-position":"center center","background-size":"auto","background-attachment":"scroll","background-type":"","background-media":"","overlay-type":"","overlay-color":"","overlay-opacity":"","overlay-gradient":""},"mobile":{"background-color":"var(--ast-global-color-5)","background-image":"","background-repeat":"repeat","background-position":"center center","background-size":"auto","background-attachment":"scroll","background-type":"","background-media":"","overlay-type":"","overlay-color":"","overlay-opacity":"","overlay-gradient":""}}},"product_brand":[],"product_cat":[45],"product_tag":[46,47],"class_list":{"0":"post-2501","1":"product","2":"type-product","3":"status-publish","4":"has-post-thumbnail","6":"product_cat-rotisserie-spit-rod","7":"product_tag-600mm-rotisserie-spit-rod","8":"product_tag-stainless-rotisserie-spit-rod","9":"desktop-align-left","10":"tablet-align-left","11":"mobile-align-left","13":"first","14":"instock","15":"shipping-taxable","16":"product-type-simple"},"yoast_head":"<!-- This site is optimized with the Yoast SEO Premium plugin v25.4 (Yoast SEO v25.4) - https:\/\/yoast.com\/wordpress\/plugins\/seo\/ -->\n<title>600mm Stainless Steel Metal Barbecue Fork - FengGrill<\/title>\n<meta name=\"description\" content=\"This 600mm long metal barbecue fork is suitable for small grilling activities, such as grilling whole chickens, pork chops, and lamb chops, but it is not suitable for excessively heavy or large food items.\" \/>\n<meta name=\"robots\" content=\"index, follow, max-snippet:-1, max-image-preview:large, max-video-preview:-1\" \/>\n<link rel=\"canonical\" href=\"https:\/\/fenggrill.com\/fr\/produit\/600mm-stainless-steel-metal-barbecue-fork\/\" \/>\n<meta property=\"og:locale\" content=\"fr_FR\" \/>\n<meta property=\"og:type\" content=\"article\" \/>\n<meta property=\"og:title\" content=\"600mm Stainless Steel Metal Barbecue Fork\" \/>\n<meta property=\"og:description\" content=\"This 600mm long metal barbecue fork is suitable for small grilling activities, such as grilling whole chickens, pork chops, and lamb chops, but it is not suitable for excessively heavy or large food items.\" \/>\n<meta property=\"og:url\" content=\"https:\/\/fenggrill.com\/fr\/produit\/600mm-stainless-steel-metal-barbecue-fork\/\" \/>\n<meta property=\"og:site_name\" content=\"FengGrill\" \/>\n<meta property=\"article:modified_time\" content=\"2026-01-20T07:34:27+00:00\" \/>\n<meta property=\"og:image\" content=\"https:\/\/fenggrill.com\/wp-content\/uploads\/2026\/01\/2.png\" \/>\n\t<meta property=\"og:image:width\" content=\"800\" \/>\n\t<meta property=\"og:image:height\" content=\"800\" \/>\n\t<meta property=\"og:image:type\" content=\"image\/png\" \/>\n<meta name=\"twitter:card\" content=\"summary_large_image\" \/>\n<meta name=\"twitter:label1\" content=\"Dur\u00e9e de lecture estim\u00e9e\" \/>\n\t<meta name=\"twitter:data1\" content=\"1 minute\" \/>\n<script type=\"application\/ld+json\" class=\"yoast-schema-graph\">{\"@context\":\"https:\/\/schema.org\",\"@graph\":[{\"@type\":\"WebPage\",\"@id\":\"https:\/\/fenggrill.com\/product\/600mm-stainless-steel-metal-barbecue-fork\/\",\"url\":\"https:\/\/fenggrill.com\/product\/600mm-stainless-steel-metal-barbecue-fork\/\",\"name\":\"600mm Stainless Steel Metal Barbecue Fork - FengGrill\",\"isPartOf\":{\"@id\":\"https:\/\/fenggrill.com\/#website\"},\"primaryImageOfPage\":{\"@id\":\"https:\/\/fenggrill.com\/product\/600mm-stainless-steel-metal-barbecue-fork\/#primaryimage\"},\"image\":{\"@id\":\"https:\/\/fenggrill.com\/product\/600mm-stainless-steel-metal-barbecue-fork\/#primaryimage\"},\"thumbnailUrl\":\"https:\/\/fenggrill.com\/wp-content\/uploads\/2026\/01\/2.png\",\"datePublished\":\"2026-01-20T07:14:41+00:00\",\"dateModified\":\"2026-01-20T07:34:27+00:00\",\"description\":\"This 600mm long metal barbecue fork is suitable for small grilling activities, such as grilling whole chickens, pork chops, and lamb chops, but it is not suitable for excessively heavy or large food items.\",\"breadcrumb\":{\"@id\":\"https:\/\/fenggrill.com\/product\/600mm-stainless-steel-metal-barbecue-fork\/#breadcrumb\"},\"inLanguage\":\"fr-FR\",\"potentialAction\":[{\"@type\":\"ReadAction\",\"target\":[\"https:\/\/fenggrill.com\/product\/600mm-stainless-steel-metal-barbecue-fork\/\"]}]},{\"@type\":\"ImageObject\",\"inLanguage\":\"fr-FR\",\"@id\":\"https:\/\/fenggrill.com\/product\/600mm-stainless-steel-metal-barbecue-fork\/#primaryimage\",\"url\":\"https:\/\/fenggrill.com\/wp-content\/uploads\/2026\/01\/2.png\",\"contentUrl\":\"https:\/\/fenggrill.com\/wp-content\/uploads\/2026\/01\/2.png\",\"width\":800,\"height\":800},{\"@type\":\"BreadcrumbList\",\"@id\":\"https:\/\/fenggrill.com\/product\/600mm-stainless-steel-metal-barbecue-fork\/#breadcrumb\",\"itemListElement\":[{\"@type\":\"ListItem\",\"position\":1,\"name\":\"\u9996\u9875\",\"item\":\"https:\/\/fenggrill.com\/\"},{\"@type\":\"ListItem\",\"position\":2,\"name\":\"Products\",\"item\":\"https:\/\/fenggrill.com\/shop\/\"},{\"@type\":\"ListItem\",\"position\":3,\"name\":\"600mm Stainless Steel Metal Barbecue Fork\"}]},{\"@type\":\"WebSite\",\"@id\":\"https:\/\/fenggrill.com\/#website\",\"url\":\"https:\/\/fenggrill.com\/\",\"name\":\"FengGrill\",\"description\":\"Rotisserie Motors Manufacturer\",\"publisher\":{\"@id\":\"https:\/\/fenggrill.com\/#organization\"},\"potentialAction\":[{\"@type\":\"SearchAction\",\"target\":{\"@type\":\"EntryPoint\",\"urlTemplate\":\"https:\/\/fenggrill.com\/?s={search_term_string}\"},\"query-input\":{\"@type\":\"PropertyValueSpecification\",\"valueRequired\":true,\"valueName\":\"search_term_string\"}}],\"inLanguage\":\"fr-FR\"},{\"@type\":\"Organization\",\"@id\":\"https:\/\/fenggrill.com\/#organization\",\"name\":\"FengGrill\",\"url\":\"https:\/\/fenggrill.com\/\",\"logo\":{\"@type\":\"ImageObject\",\"inLanguage\":\"fr-FR\",\"@id\":\"https:\/\/fenggrill.com\/#\/schema\/logo\/image\/\",\"url\":\"https:\/\/fenggrill.com\/wp-content\/uploads\/2026\/01\/FENGGRILL2.svg\",\"contentUrl\":\"https:\/\/fenggrill.com\/wp-content\/uploads\/2026\/01\/FENGGRILL2.svg\",\"width\":500,\"height\":100,\"caption\":\"FengGrill\"},\"image\":{\"@id\":\"https:\/\/fenggrill.com\/#\/schema\/logo\/image\/\"}}]}<\/script>\n<!-- \/ Yoast SEO Premium plugin. -->","yoast_head_json":{"title":"600mm Stainless Steel Metal Barbecue Fork - FengGrill","description":"Cette fourchette \u00e0 barbecue en m\u00e9tal de 600 mm de long convient pour les petites grillades, comme celles des poulets entiers, des c\u00f4telettes de porc et des c\u00f4telettes d'agneau, mais elle n'est pas adapt\u00e9e aux aliments trop lourds ou trop gros.","robots":{"index":"index","follow":"follow","max-snippet":"max-snippet:-1","max-image-preview":"max-image-preview:large","max-video-preview":"max-video-preview:-1"},"canonical":"https:\/\/fenggrill.com\/fr\/produit\/600mm-stainless-steel-metal-barbecue-fork\/","og_locale":"fr_FR","og_type":"article","og_title":"600mm Stainless Steel Metal Barbecue Fork","og_description":"This 600mm long metal barbecue fork is suitable for small grilling activities, such as grilling whole chickens, pork chops, and lamb chops, but it is not suitable for excessively heavy or large food items.","og_url":"https:\/\/fenggrill.com\/fr\/produit\/600mm-stainless-steel-metal-barbecue-fork\/","og_site_name":"FengGrill","article_modified_time":"2026-01-20T07:34:27+00:00","og_image":[{"width":800,"height":800,"url":"https:\/\/fenggrill.com\/wp-content\/uploads\/2026\/01\/2.png","type":"image\/png"}],"twitter_card":"summary_large_image","twitter_misc":{"Dur\u00e9e de lecture estim\u00e9e":"1 minute"},"schema":{"@context":"https:\/\/schema.org","@graph":[{"@type":"WebPage","@id":"https:\/\/fenggrill.com\/product\/600mm-stainless-steel-metal-barbecue-fork\/","url":"https:\/\/fenggrill.com\/product\/600mm-stainless-steel-metal-barbecue-fork\/","name":"600mm Stainless Steel Metal Barbecue Fork - FengGrill","isPartOf":{"@id":"https:\/\/fenggrill.com\/#website"},"primaryImageOfPage":{"@id":"https:\/\/fenggrill.com\/product\/600mm-stainless-steel-metal-barbecue-fork\/#primaryimage"},"image":{"@id":"https:\/\/fenggrill.com\/product\/600mm-stainless-steel-metal-barbecue-fork\/#primaryimage"},"thumbnailUrl":"https:\/\/fenggrill.com\/wp-content\/uploads\/2026\/01\/2.png","datePublished":"2026-01-20T07:14:41+00:00","dateModified":"2026-01-20T07:34:27+00:00","description":"Cette fourchette \u00e0 barbecue en m\u00e9tal de 600 mm de long convient pour les petites grillades, comme celles des poulets entiers, des c\u00f4telettes de porc et des c\u00f4telettes d'agneau, mais elle n'est pas adapt\u00e9e aux aliments trop lourds ou trop gros.","breadcrumb":{"@id":"https:\/\/fenggrill.com\/product\/600mm-stainless-steel-metal-barbecue-fork\/#breadcrumb"},"inLanguage":"fr-FR","potentialAction":[{"@type":"ReadAction","target":["https:\/\/fenggrill.com\/product\/600mm-stainless-steel-metal-barbecue-fork\/"]}]},{"@type":"ImageObject","inLanguage":"fr-FR","@id":"https:\/\/fenggrill.com\/product\/600mm-stainless-steel-metal-barbecue-fork\/#primaryimage","url":"https:\/\/fenggrill.com\/wp-content\/uploads\/2026\/01\/2.png","contentUrl":"https:\/\/fenggrill.com\/wp-content\/uploads\/2026\/01\/2.png","width":800,"height":800},{"@type":"BreadcrumbList","@id":"https:\/\/fenggrill.com\/product\/600mm-stainless-steel-metal-barbecue-fork\/#breadcrumb","itemListElement":[{"@type":"ListItem","position":1,"name":"\u9996\u9875","item":"https:\/\/fenggrill.com\/"},{"@type":"ListItem","position":2,"name":"Products","item":"https:\/\/fenggrill.com\/shop\/"},{"@type":"ListItem","position":3,"name":"600mm Stainless Steel Metal Barbecue Fork"}]},{"@type":"WebSite","@id":"https:\/\/fenggrill.com\/#website","url":"https:\/\/fenggrill.com\/","name":"FengGrill","description":"Fabricant de moteurs de r\u00f4tisserie","publisher":{"@id":"https:\/\/fenggrill.com\/#organization"},"potentialAction":[{"@type":"SearchAction","target":{"@type":"EntryPoint","urlTemplate":"https:\/\/fenggrill.com\/?s={search_term_string}"},"query-input":{"@type":"PropertyValueSpecification","valueRequired":true,"valueName":"search_term_string"}}],"inLanguage":"fr-FR"},{"@type":"Organization","@id":"https:\/\/fenggrill.com\/#organization","name":"FengGrill","url":"https:\/\/fenggrill.com\/","logo":{"@type":"ImageObject","inLanguage":"fr-FR","@id":"https:\/\/fenggrill.com\/#\/schema\/logo\/image\/","url":"https:\/\/fenggrill.com\/wp-content\/uploads\/2026\/01\/FENGGRILL2.svg","contentUrl":"https:\/\/fenggrill.com\/wp-content\/uploads\/2026\/01\/FENGGRILL2.svg","width":500,"height":100,"caption":"FengGrill"},"image":{"@id":"https:\/\/fenggrill.com\/#\/schema\/logo\/image\/"}}]}},"_links":{"self":[{"href":"https:\/\/fenggrill.com\/fr\/wp-json\/wp\/v2\/product\/2501","targetHints":{"allow":["GET"]}}],"collection":[{"href":"https:\/\/fenggrill.com\/fr\/wp-json\/wp\/v2\/product"}],"about":[{"href":"https:\/\/fenggrill.com\/fr\/wp-json\/wp\/v2\/types\/product"}],"wp:featuredmedia":[{"embeddable":true,"href":"https:\/\/fenggrill.com\/fr\/wp-json\/wp\/v2\/media\/2502"}],"wp:attachment":[{"href":"https:\/\/fenggrill.com\/fr\/wp-json\/wp\/v2\/media?parent=2501"}],"wp:term":[{"taxonomy":"product_brand","embeddable":true,"href":"https:\/\/fenggrill.com\/fr\/wp-json\/wp\/v2\/product_brand?post=2501"},{"taxonomy":"product_cat","embeddable":true,"href":"https:\/\/fenggrill.com\/fr\/wp-json\/wp\/v2\/product_cat?post=2501"},{"taxonomy":"product_tag","embeddable":true,"href":"https:\/\/fenggrill.com\/fr\/wp-json\/wp\/v2\/product_tag?post=2501"}],"curies":[{"name":"wp","href":"https:\/\/api.w.org\/{rel}","templated":true}]}}