{"id":2363,"date":"2026-01-19T14:32:42","date_gmt":"2026-01-19T06:32:42","guid":{"rendered":"https:\/\/fenggrill.com\/?post_type=product&#038;p=2363"},"modified":"2026-01-19T15:46:10","modified_gmt":"2026-01-19T07:46:10","slug":"portable-black-dc-3v-battery-powered-motor","status":"publish","type":"product","link":"https:\/\/fenggrill.com\/fr\/produit\/portable-black-dc-3v-battery-powered-motor\/","title":{"rendered":"Moteur portable noir aliment\u00e9 par batterie DC 3V"},"content":{"rendered":"<p>Ce moteur de barbecue portable est aliment\u00e9 par deux piles, peut supporter un poids maximal d'environ 12 kg et fonctionne en continu. Sa taille compacte en fait un outil id\u00e9al pour le camping, les voyages et autres activit\u00e9s de plein air.<br \/>\n<strong>Le paquet comprend :<\/strong> 1 x moteur<br \/>\n<strong>En option :<\/strong> Support m\u00e9tallique<br \/>\n<strong>Protection de la s\u00e9curit\u00e9 :<\/strong> Bo\u00eetier ignifug\u00e9.<br \/>\n<strong>Sp\u00e9cifications du moteur :<\/strong><\/p>\n<p><img fetchpriority=\"high\" decoding=\"async\" class=\"alignnone wp-image-2367\" src=\"https:\/\/fenggrill.com\/wp-content\/uploads\/2026\/01\/para1-1-254x300.jpg\" alt=\"\" width=\"550\" height=\"649\" srcset=\"https:\/\/fenggrill.com\/wp-content\/uploads\/2026\/01\/para1-1-254x300.jpg 254w, https:\/\/fenggrill.com\/wp-content\/uploads\/2026\/01\/para1-1-600x708.jpg 600w, https:\/\/fenggrill.com\/wp-content\/uploads\/2026\/01\/para1-1.jpg 687w\" sizes=\"(max-width: 550px) 100vw, 550px\" \/><\/p>\n<p><img decoding=\"async\" class=\"alignnone wp-image-2368\" src=\"https:\/\/fenggrill.com\/wp-content\/uploads\/2026\/01\/para2-1-300x184.jpg\" alt=\"\" width=\"550\" height=\"337\" srcset=\"https:\/\/fenggrill.com\/wp-content\/uploads\/2026\/01\/para2-1-300x184.jpg 300w, https:\/\/fenggrill.com\/wp-content\/uploads\/2026\/01\/para2-1-768x470.jpg 768w, https:\/\/fenggrill.com\/wp-content\/uploads\/2026\/01\/para2-1-600x368.jpg 600w, https:\/\/fenggrill.com\/wp-content\/uploads\/2026\/01\/para2-1.jpg 826w\" sizes=\"(max-width: 550px) 100vw, 550px\" \/><\/p>\n<p><strong>Les options de personnalisation comprennent :<\/strong> Param\u00e8tres du moteur, emballage, accessoires, dimensions, etc.<\/p>\n<p><strong>Cas de r\u00e9f\u00e9rence :<\/strong><\/p>\n<p>&nbsp;<\/p>","protected":false},"excerpt":{"rendered":"<table style=\"width: 100%; border-collapse: collapse; font-size: 14px;\">\n<tbody>\n<tr>\n<th style=\"text-align: left; padding: 8px; border: 1px solid #ddd;\">Dimensions<\/th>\n<td style=\"padding: 8px; border: 1px solid #ddd;\">92*60*137 mm<\/td>\n<\/tr>\n<tr>\n<th style=\"text-align: left; padding: 8px; border: 1px solid #ddd;\">Capacit\u00e9 de charge<\/th>\n<td style=\"padding: 8px; border: 1px solid #ddd;\">Charge recommand\u00e9e : \u226410 kg (fonctionnement continu)<br \/>\nCharge maximale test\u00e9e : 12 kg<\/td>\n<\/tr>\n<tr>\n<th style=\"text-align: left; padding: 8px; border: 1px solid #ddd;\">Vitesse<\/th>\n<td style=\"padding: 8px; border: 1px solid #ddd;\">15 RPM<\/td>\n<\/tr>\n<tr>\n<th style=\"text-align: left; padding: 8px; border: 1px solid #ddd;\">Sens de rotation<\/th>\n<td style=\"padding: 8px; border: 1px solid #ddd;\">CCW<\/td>\n<\/tr>\n<tr>\n<th style=\"text-align: left; padding: 8px; border: 1px solid #ddd;\">Tension \/ Fr\u00e9quence<\/th>\n<td style=\"padding: 8px; border: 1px solid #ddd;\">DC 3V\uff0c1A<\/td>\n<\/tr>\n<tr>\n<th style=\"text-align: left; padding: 8px; border: 1px solid #ddd;\">Type de moteur<\/th>\n<td style=\"padding: 8px; border: 1px solid #ddd;\">Alimentation par batterie<\/td>\n<\/tr>\n<tr>\n<th style=\"text-align: left; padding: 8px; border: 1px solid #ddd;\">Arbre de sortie<\/th>\n<td style=\"padding: 8px; border: 1px solid #ddd;\">Fixateur m\u00e9tallique<\/td>\n<\/tr>\n<tr>\n<th style=\"text-align: left; padding: 8px; border: 1px solid #ddd;\">Puissance<\/th>\n<td style=\"padding: 8px; border: 1px solid #ddd;\">5 W (puissance \u00e0 vide)<\/td>\n<\/tr>\n<tr>\n<th style=\"text-align: left; padding: 8px; border: 1px solid #ddd;\">M\u00e9thode de montage<\/th>\n<td style=\"padding: 8px; border: 1px solid #ddd;\">Fixation du support<\/td>\n<\/tr>\n<tr>\n<th style=\"text-align: left; padding: 8px; border: 1px solid #ddd;\">Type de service<\/th>\n<td style=\"padding: 8px; border: 1px solid #ddd;\">Fonctionnement continu<\/td>\n<\/tr>\n<tr>\n<th style=\"text-align: left; padding: 8px; border: 1px solid #ddd;\">Applications<\/th>\n<td style=\"padding: 8px; border: 1px solid #ddd;\">Grils BBQ \/ syst\u00e8mes de r\u00f4tisserie<\/td>\n<\/tr>\n<tr>\n<th style=\"text-align: left; padding: 8px; border: 1px solid #ddd;\">Service de personnalisation<\/th>\n<td style=\"padding: 8px; border: 1px solid #ddd;\">Prise en charge OEM \/ ODM ; les param\u00e8tres et l'emballage sont personnalisables.<\/td>\n<\/tr>\n<\/tbody>\n<\/table>","protected":false},"featured_media":2365,"template":"","meta":{"site-sidebar-layout":"default","site-content-layout":"","ast-site-content-layout":"full-width-container","site-content-style":"default","site-sidebar-style":"default","ast-global-header-display":"","ast-banner-title-visibility":"","ast-main-header-display":"","ast-hfb-above-header-display":"","ast-hfb-below-header-display":"","ast-hfb-mobile-header-display":"","site-post-title":"","ast-breadcrumbs-content":"","ast-featured-img":"","footer-sml-layout":"","ast-disable-related-posts":"","theme-transparent-header-meta":"default","adv-header-id-meta":"","stick-header-meta":"","header-above-stick-meta":"","header-main-stick-meta":"","header-below-stick-meta":"","astra-migrate-meta-layouts":"set","ast-page-background-enabled":"default","ast-page-background-meta":{"desktop":{"background-color":"var(--ast-global-color-4)","background-image":"","background-repeat":"repeat","background-position":"center center","background-size":"auto","background-attachment":"scroll","background-type":"","background-media":"","overlay-type":"","overlay-color":"","overlay-opacity":"","overlay-gradient":""},"tablet":{"background-color":"","background-image":"","background-repeat":"repeat","background-position":"center center","background-size":"auto","background-attachment":"scroll","background-type":"","background-media":"","overlay-type":"","overlay-color":"","overlay-opacity":"","overlay-gradient":""},"mobile":{"background-color":"","background-image":"","background-repeat":"repeat","background-position":"center center","background-size":"auto","background-attachment":"scroll","background-type":"","background-media":"","overlay-type":"","overlay-color":"","overlay-opacity":"","overlay-gradient":""}},"ast-content-background-meta":{"desktop":{"background-color":"var(--ast-global-color-5)","background-image":"","background-repeat":"repeat","background-position":"center center","background-size":"auto","background-attachment":"scroll","background-type":"","background-media":"","overlay-type":"","overlay-color":"","overlay-opacity":"","overlay-gradient":""},"tablet":{"background-color":"var(--ast-global-color-5)","background-image":"","background-repeat":"repeat","background-position":"center center","background-size":"auto","background-attachment":"scroll","background-type":"","background-media":"","overlay-type":"","overlay-color":"","overlay-opacity":"","overlay-gradient":""},"mobile":{"background-color":"var(--ast-global-color-5)","background-image":"","background-repeat":"repeat","background-position":"center center","background-size":"auto","background-attachment":"scroll","background-type":"","background-media":"","overlay-type":"","overlay-color":"","overlay-opacity":"","overlay-gradient":""}}},"product_brand":[],"product_cat":[43,42],"product_tag":[44,36],"class_list":{"0":"post-2363","1":"product","2":"type-product","3":"status-publish","4":"has-post-thumbnail","6":"product_cat-battery-operated-rotisserie-motors","7":"product_cat-dc-rotisserie-motors","8":"product_tag-portable-motor","9":"product_tag-rotisserie-motor-for-chicken","10":"desktop-align-left","11":"tablet-align-left","12":"mobile-align-left","14":"first","15":"instock","16":"shipping-taxable","17":"product-type-simple"},"yoast_head":"<!-- This site is optimized with the Yoast SEO Premium plugin v25.4 (Yoast SEO v25.4) - https:\/\/yoast.com\/wordpress\/plugins\/seo\/ -->\n<title>Portable Black DC 3V Battery-Powered Motor - FengGrill<\/title>\n<meta name=\"description\" content=\"This motor consists of an AC shaded-pole motor and a metal casing, capable of handling the grilling of small to medium-sized foods such as chicken, fish, pork chops, and steaks. Its compact size makes it suitable for home use and outdoor barbecues.\" \/>\n<meta name=\"robots\" content=\"index, follow, max-snippet:-1, max-image-preview:large, max-video-preview:-1\" \/>\n<link rel=\"canonical\" href=\"https:\/\/fenggrill.com\/fr\/produit\/portable-black-dc-3v-battery-powered-motor\/\" \/>\n<meta property=\"og:locale\" content=\"fr_FR\" \/>\n<meta property=\"og:type\" content=\"article\" \/>\n<meta property=\"og:title\" content=\"Portable Black DC 3V Battery-Powered Motor\" \/>\n<meta property=\"og:description\" content=\"This motor consists of an AC shaded-pole motor and a metal casing, capable of handling the grilling of small to medium-sized foods such as chicken, fish, pork chops, and steaks. Its compact size makes it suitable for home use and outdoor barbecues.\" \/>\n<meta property=\"og:url\" content=\"https:\/\/fenggrill.com\/fr\/produit\/portable-black-dc-3v-battery-powered-motor\/\" \/>\n<meta property=\"og:site_name\" content=\"FengGrill\" \/>\n<meta property=\"article:modified_time\" content=\"2026-01-19T07:46:10+00:00\" \/>\n<meta property=\"og:image\" content=\"https:\/\/fenggrill.com\/wp-content\/uploads\/2026\/01\/motor-front.jpg\" \/>\n\t<meta property=\"og:image:width\" content=\"800\" \/>\n\t<meta property=\"og:image:height\" content=\"800\" \/>\n\t<meta property=\"og:image:type\" content=\"image\/jpeg\" \/>\n<meta name=\"twitter:card\" content=\"summary_large_image\" \/>\n<meta name=\"twitter:label1\" content=\"Dur\u00e9e de lecture estim\u00e9e\" \/>\n\t<meta name=\"twitter:data1\" content=\"1 minute\" \/>\n<script type=\"application\/ld+json\" class=\"yoast-schema-graph\">{\"@context\":\"https:\/\/schema.org\",\"@graph\":[{\"@type\":\"WebPage\",\"@id\":\"https:\/\/fenggrill.com\/product\/portable-black-dc-3v-battery-powered-motor\/\",\"url\":\"https:\/\/fenggrill.com\/product\/portable-black-dc-3v-battery-powered-motor\/\",\"name\":\"Portable Black DC 3V Battery-Powered Motor - FengGrill\",\"isPartOf\":{\"@id\":\"https:\/\/fenggrill.com\/#website\"},\"primaryImageOfPage\":{\"@id\":\"https:\/\/fenggrill.com\/product\/portable-black-dc-3v-battery-powered-motor\/#primaryimage\"},\"image\":{\"@id\":\"https:\/\/fenggrill.com\/product\/portable-black-dc-3v-battery-powered-motor\/#primaryimage\"},\"thumbnailUrl\":\"https:\/\/fenggrill.com\/wp-content\/uploads\/2026\/01\/motor-front.jpg\",\"datePublished\":\"2026-01-19T06:32:42+00:00\",\"dateModified\":\"2026-01-19T07:46:10+00:00\",\"description\":\"This motor consists of an AC shaded-pole motor and a metal casing, capable of handling the grilling of small to medium-sized foods such as chicken, fish, pork chops, and steaks. Its compact size makes it suitable for home use and outdoor barbecues.\",\"breadcrumb\":{\"@id\":\"https:\/\/fenggrill.com\/product\/portable-black-dc-3v-battery-powered-motor\/#breadcrumb\"},\"inLanguage\":\"fr-FR\",\"potentialAction\":[{\"@type\":\"ReadAction\",\"target\":[\"https:\/\/fenggrill.com\/product\/portable-black-dc-3v-battery-powered-motor\/\"]}]},{\"@type\":\"ImageObject\",\"inLanguage\":\"fr-FR\",\"@id\":\"https:\/\/fenggrill.com\/product\/portable-black-dc-3v-battery-powered-motor\/#primaryimage\",\"url\":\"https:\/\/fenggrill.com\/wp-content\/uploads\/2026\/01\/motor-front.jpg\",\"contentUrl\":\"https:\/\/fenggrill.com\/wp-content\/uploads\/2026\/01\/motor-front.jpg\",\"width\":800,\"height\":800},{\"@type\":\"BreadcrumbList\",\"@id\":\"https:\/\/fenggrill.com\/product\/portable-black-dc-3v-battery-powered-motor\/#breadcrumb\",\"itemListElement\":[{\"@type\":\"ListItem\",\"position\":1,\"name\":\"\u9996\u9875\",\"item\":\"https:\/\/fenggrill.com\/\"},{\"@type\":\"ListItem\",\"position\":2,\"name\":\"Products\",\"item\":\"https:\/\/fenggrill.com\/shop\/\"},{\"@type\":\"ListItem\",\"position\":3,\"name\":\"Portable Black DC 3V Battery-Powered Motor\"}]},{\"@type\":\"WebSite\",\"@id\":\"https:\/\/fenggrill.com\/#website\",\"url\":\"https:\/\/fenggrill.com\/\",\"name\":\"FengGrill\",\"description\":\"Rotisserie Motors Manufacturer\",\"publisher\":{\"@id\":\"https:\/\/fenggrill.com\/#organization\"},\"potentialAction\":[{\"@type\":\"SearchAction\",\"target\":{\"@type\":\"EntryPoint\",\"urlTemplate\":\"https:\/\/fenggrill.com\/?s={search_term_string}\"},\"query-input\":{\"@type\":\"PropertyValueSpecification\",\"valueRequired\":true,\"valueName\":\"search_term_string\"}}],\"inLanguage\":\"fr-FR\"},{\"@type\":\"Organization\",\"@id\":\"https:\/\/fenggrill.com\/#organization\",\"name\":\"FengGrill\",\"url\":\"https:\/\/fenggrill.com\/\",\"logo\":{\"@type\":\"ImageObject\",\"inLanguage\":\"fr-FR\",\"@id\":\"https:\/\/fenggrill.com\/#\/schema\/logo\/image\/\",\"url\":\"https:\/\/fenggrill.com\/wp-content\/uploads\/2026\/01\/FENGGRILL2.svg\",\"contentUrl\":\"https:\/\/fenggrill.com\/wp-content\/uploads\/2026\/01\/FENGGRILL2.svg\",\"width\":500,\"height\":100,\"caption\":\"FengGrill\"},\"image\":{\"@id\":\"https:\/\/fenggrill.com\/#\/schema\/logo\/image\/\"}}]}<\/script>\n<!-- \/ Yoast SEO Premium plugin. -->","yoast_head_json":{"title":"Portable Black DC 3V Battery-Powered Motor - FengGrill","description":"Ce moteur se compose d'un moteur \u00e0 courant alternatif \u00e0 p\u00f4les ombrag\u00e9s et d'un bo\u00eetier m\u00e9tallique, capable de griller des aliments de taille petite \u00e0 moyenne tels que le poulet, le poisson, les c\u00f4telettes de porc et les steaks. Sa taille compacte le rend adapt\u00e9 \u00e0 une utilisation domestique et aux barbecues en plein air.","robots":{"index":"index","follow":"follow","max-snippet":"max-snippet:-1","max-image-preview":"max-image-preview:large","max-video-preview":"max-video-preview:-1"},"canonical":"https:\/\/fenggrill.com\/fr\/produit\/portable-black-dc-3v-battery-powered-motor\/","og_locale":"fr_FR","og_type":"article","og_title":"Portable Black DC 3V Battery-Powered Motor","og_description":"This motor consists of an AC shaded-pole motor and a metal casing, capable of handling the grilling of small to medium-sized foods such as chicken, fish, pork chops, and steaks. Its compact size makes it suitable for home use and outdoor barbecues.","og_url":"https:\/\/fenggrill.com\/fr\/produit\/portable-black-dc-3v-battery-powered-motor\/","og_site_name":"FengGrill","article_modified_time":"2026-01-19T07:46:10+00:00","og_image":[{"width":800,"height":800,"url":"https:\/\/fenggrill.com\/wp-content\/uploads\/2026\/01\/motor-front.jpg","type":"image\/jpeg"}],"twitter_card":"summary_large_image","twitter_misc":{"Dur\u00e9e de lecture estim\u00e9e":"1 minute"},"schema":{"@context":"https:\/\/schema.org","@graph":[{"@type":"WebPage","@id":"https:\/\/fenggrill.com\/product\/portable-black-dc-3v-battery-powered-motor\/","url":"https:\/\/fenggrill.com\/product\/portable-black-dc-3v-battery-powered-motor\/","name":"Portable Black DC 3V Battery-Powered Motor - FengGrill","isPartOf":{"@id":"https:\/\/fenggrill.com\/#website"},"primaryImageOfPage":{"@id":"https:\/\/fenggrill.com\/product\/portable-black-dc-3v-battery-powered-motor\/#primaryimage"},"image":{"@id":"https:\/\/fenggrill.com\/product\/portable-black-dc-3v-battery-powered-motor\/#primaryimage"},"thumbnailUrl":"https:\/\/fenggrill.com\/wp-content\/uploads\/2026\/01\/motor-front.jpg","datePublished":"2026-01-19T06:32:42+00:00","dateModified":"2026-01-19T07:46:10+00:00","description":"Ce moteur se compose d'un moteur \u00e0 courant alternatif \u00e0 p\u00f4les ombrag\u00e9s et d'un bo\u00eetier m\u00e9tallique, capable de griller des aliments de taille petite \u00e0 moyenne tels que le poulet, le poisson, les c\u00f4telettes de porc et les steaks. Sa taille compacte le rend adapt\u00e9 \u00e0 une utilisation domestique et aux barbecues en plein air.","breadcrumb":{"@id":"https:\/\/fenggrill.com\/product\/portable-black-dc-3v-battery-powered-motor\/#breadcrumb"},"inLanguage":"fr-FR","potentialAction":[{"@type":"ReadAction","target":["https:\/\/fenggrill.com\/product\/portable-black-dc-3v-battery-powered-motor\/"]}]},{"@type":"ImageObject","inLanguage":"fr-FR","@id":"https:\/\/fenggrill.com\/product\/portable-black-dc-3v-battery-powered-motor\/#primaryimage","url":"https:\/\/fenggrill.com\/wp-content\/uploads\/2026\/01\/motor-front.jpg","contentUrl":"https:\/\/fenggrill.com\/wp-content\/uploads\/2026\/01\/motor-front.jpg","width":800,"height":800},{"@type":"BreadcrumbList","@id":"https:\/\/fenggrill.com\/product\/portable-black-dc-3v-battery-powered-motor\/#breadcrumb","itemListElement":[{"@type":"ListItem","position":1,"name":"\u9996\u9875","item":"https:\/\/fenggrill.com\/"},{"@type":"ListItem","position":2,"name":"Products","item":"https:\/\/fenggrill.com\/shop\/"},{"@type":"ListItem","position":3,"name":"Portable Black DC 3V Battery-Powered Motor"}]},{"@type":"WebSite","@id":"https:\/\/fenggrill.com\/#website","url":"https:\/\/fenggrill.com\/","name":"FengGrill","description":"Fabricant de moteurs de r\u00f4tisserie","publisher":{"@id":"https:\/\/fenggrill.com\/#organization"},"potentialAction":[{"@type":"SearchAction","target":{"@type":"EntryPoint","urlTemplate":"https:\/\/fenggrill.com\/?s={search_term_string}"},"query-input":{"@type":"PropertyValueSpecification","valueRequired":true,"valueName":"search_term_string"}}],"inLanguage":"fr-FR"},{"@type":"Organization","@id":"https:\/\/fenggrill.com\/#organization","name":"FengGrill","url":"https:\/\/fenggrill.com\/","logo":{"@type":"ImageObject","inLanguage":"fr-FR","@id":"https:\/\/fenggrill.com\/#\/schema\/logo\/image\/","url":"https:\/\/fenggrill.com\/wp-content\/uploads\/2026\/01\/FENGGRILL2.svg","contentUrl":"https:\/\/fenggrill.com\/wp-content\/uploads\/2026\/01\/FENGGRILL2.svg","width":500,"height":100,"caption":"FengGrill"},"image":{"@id":"https:\/\/fenggrill.com\/#\/schema\/logo\/image\/"}}]}},"_links":{"self":[{"href":"https:\/\/fenggrill.com\/fr\/wp-json\/wp\/v2\/product\/2363","targetHints":{"allow":["GET"]}}],"collection":[{"href":"https:\/\/fenggrill.com\/fr\/wp-json\/wp\/v2\/product"}],"about":[{"href":"https:\/\/fenggrill.com\/fr\/wp-json\/wp\/v2\/types\/product"}],"wp:featuredmedia":[{"embeddable":true,"href":"https:\/\/fenggrill.com\/fr\/wp-json\/wp\/v2\/media\/2365"}],"wp:attachment":[{"href":"https:\/\/fenggrill.com\/fr\/wp-json\/wp\/v2\/media?parent=2363"}],"wp:term":[{"taxonomy":"product_brand","embeddable":true,"href":"https:\/\/fenggrill.com\/fr\/wp-json\/wp\/v2\/product_brand?post=2363"},{"taxonomy":"product_cat","embeddable":true,"href":"https:\/\/fenggrill.com\/fr\/wp-json\/wp\/v2\/product_cat?post=2363"},{"taxonomy":"product_tag","embeddable":true,"href":"https:\/\/fenggrill.com\/fr\/wp-json\/wp\/v2\/product_tag?post=2363"}],"curies":[{"name":"wp","href":"https:\/\/api.w.org\/{rel}","templated":true}]}}