{"id":2953,"date":"2026-02-02T13:05:43","date_gmt":"2026-02-02T05:05:43","guid":{"rendered":"https:\/\/fenggrill.com\/?page_id=2953"},"modified":"2026-02-02T13:06:30","modified_gmt":"2026-02-02T05:06:30","slug":"case-study","status":"publish","type":"page","link":"https:\/\/fenggrill.com\/fr\/case-study\/","title":{"rendered":"\u00c9tude de cas"},"content":{"rendered":"<div data-elementor-type=\"wp-page\" data-elementor-id=\"2953\" class=\"elementor elementor-2953\" data-elementor-post-type=\"page\">\n\t\t\t\t<div class=\"elementor-element elementor-element-e009ece e-con-full e-flex e-con e-parent\" data-id=\"e009ece\" data-element_type=\"container\" data-settings=\"{&quot;background_background&quot;:&quot;classic&quot;,&quot;ekit_has_onepagescroll_dot&quot;:&quot;yes&quot;}\">\n\t\t\t\t<div class=\"elementor-element elementor-element-6096950 elementor-widget__width-initial elementor-widget elementor-widget-elementskit-breadcrumb\" data-id=\"6096950\" data-element_type=\"widget\" data-settings=\"{&quot;ekit_we_effect_on&quot;:&quot;none&quot;}\" data-widget_type=\"elementskit-breadcrumb.default\">\n\t\t\t\t<div class=\"elementor-widget-container\">\n\t\t\t\t\t<div class=\"ekit-wid-con\" ><ol class=\"ekit-breadcrumb\"><li class=\"ekit_breadcrumbs_start\"><a href=\"https:\/\/fenggrill.com\/fr\/\">Accueil<\/a><\/li> <li class=\"brd_sep\"> \u00bb <\/li>  <li>\u00c9tude de cas<\/li><\/ol><\/div>\t\t\t\t<\/div>\n\t\t\t\t<\/div>\n\t\t\t\t<\/div>\n\t\t<div class=\"elementor-element elementor-element-4e547b7 e-con-full e-flex e-con e-parent\" data-id=\"4e547b7\" data-element_type=\"container\" data-settings=\"{&quot;ekit_has_onepagescroll_dot&quot;:&quot;yes&quot;}\">\n\t\t<div class=\"elementor-element elementor-element-83bca71 e-con-full e-flex e-con e-child\" data-id=\"83bca71\" data-element_type=\"container\" data-settings=\"{&quot;ekit_has_onepagescroll_dot&quot;:&quot;yes&quot;}\">\n\t\t\t\t<div class=\"elementor-element elementor-element-25a3ca3 elementor-widget elementor-widget-heading\" data-id=\"25a3ca3\" data-element_type=\"widget\" data-settings=\"{&quot;ekit_we_effect_on&quot;:&quot;none&quot;}\" data-widget_type=\"heading.default\">\n\t\t\t\t<div class=\"elementor-widget-container\">\n\t\t\t\t\t<h1 class=\"elementor-heading-title elementor-size-default\">\u00c9tude de cas<\/h1>\t\t\t\t<\/div>\n\t\t\t\t<\/div>\n\t\t\t\t<div class=\"elementor-element elementor-element-374ade9 elementor-widget-divider--view-line elementor-widget elementor-widget-divider\" data-id=\"374ade9\" data-element_type=\"widget\" data-settings=\"{&quot;ekit_we_effect_on&quot;:&quot;none&quot;}\" data-widget_type=\"divider.default\">\n\t\t\t\t<div class=\"elementor-widget-container\">\n\t\t\t\t\t\t\t<div class=\"elementor-divider\">\n\t\t\t<span class=\"elementor-divider-separator\">\n\t\t\t\t\t\t<\/span>\n\t\t<\/div>\n\t\t\t\t\t\t<\/div>\n\t\t\t\t<\/div>\n\t\t<div class=\"elementor-element elementor-element-9e10a25 e-con-full e-flex e-con e-child\" data-id=\"9e10a25\" data-element_type=\"container\" data-settings=\"{&quot;ekit_has_onepagescroll_dot&quot;:&quot;yes&quot;}\">\n\t\t\t\t<div class=\"elementor-element elementor-element-1da8c66 elementor-widget elementor-widget-uael-posts\" data-id=\"1da8c66\" data-element_type=\"widget\" data-settings=\"{&quot;classic_slides_to_show&quot;:3,&quot;classic_slides_to_show_tablet&quot;:2,&quot;classic_slides_to_show_mobile&quot;:1,&quot;classic_pagination_type&quot;:&quot;ajax&quot;,&quot;classic_show_filters&quot;:&quot;no&quot;,&quot;ekit_we_effect_on&quot;:&quot;none&quot;}\" data-widget_type=\"uael-posts.classic\">\n\t\t\t\t<div class=\"elementor-widget-container\">\n\t\t\t\t\t\t\t<div class=\"uael-post__header\">\n\t\t\t\t\t<\/div>\n\t\t<div class=\"uael-post__body\">\n\t\t\t\n\t\t\n\t\t<div class=\"uael-blog-terms-position-above_content uael-post-image-top uael-post-grid uael-posts\" data-query-type=\"custom\" data-structure=\"normal\" data-layout=\"\" data-page=\"2953\" data-skin=\"classic\" data-filter-default=\"\" data-offset-top=\"30\" >\n\n\t\t\t\t\t\t\t<div class=\"uael-post-grid__inner uael-post__columns-3 uael-post__columns-tablet-2 uael-post__columns-mobile-1\">\n\t\t\t\n<div class=\"uael-post-wrapper   company-news\">\n\t<div class=\"uael-post__bg-wrap uael-bg-wrap-disabled\">\n\n\t\t\t\t\n\t\t<div class=\"uael-post__inner-wrap uael-inner-wrap-disabled\">\n\n\t\t\t\t<div class=\"uael-post__thumbnail\">\n\t\t\t\n\t\t\t<a href=\"https:\/\/fenggrill.com\/fr\/chinese-new-year-holiday-schedule\/\" target=\"_self\" title=\"2026 Calendrier des vacances du Nouvel An chinois\"><img fetchpriority=\"high\" decoding=\"async\" width=\"1920\" height=\"1080\" src=\"https:\/\/fenggrill.com\/wp-content\/uploads\/2026\/02\/NEW_YEAR.jpg\" class=\"attachment-full size-full wp-image-2942\" alt=\"\" srcset=\"https:\/\/fenggrill.com\/wp-content\/uploads\/2026\/02\/NEW_YEAR.jpg 1920w, https:\/\/fenggrill.com\/wp-content\/uploads\/2026\/02\/NEW_YEAR-300x169.jpg 300w, https:\/\/fenggrill.com\/wp-content\/uploads\/2026\/02\/NEW_YEAR-1024x576.jpg 1024w, https:\/\/fenggrill.com\/wp-content\/uploads\/2026\/02\/NEW_YEAR-768x432.jpg 768w, https:\/\/fenggrill.com\/wp-content\/uploads\/2026\/02\/NEW_YEAR-1536x864.jpg 1536w, https:\/\/fenggrill.com\/wp-content\/uploads\/2026\/02\/NEW_YEAR-18x10.jpg 18w, https:\/\/fenggrill.com\/wp-content\/uploads\/2026\/02\/NEW_YEAR-600x338.jpg 600w\" sizes=\"(max-width: 1920px) 100vw, 1920px\" \/><\/a>\n\t\t\t\t\t<\/div>\n\t\t\n\t\t\t\n\t\t\t<div class=\"uael-post__content-wrap uael-content-wrap-disabled\">\n\t\t\t\t\t\t\t<div class=\"uael-post__terms-wrap\"><span class=\"uael-post__terms\"><a href=\"https:\/\/fenggrill.com\/fr\/category\/company-news\/\" class=\"uael-listing__terms-link\" id=\"uael-post-term-company-news\" aria-labelledby=\"uael-post-term-company-news\">Nouvelles de l'entreprise<\/a><\/span><\/div>\n\t\t\t\t\t\t<h2 class=\"uael-post__title\">\n\n\t\t\n\t\t\t\t\t\t<a href=\"https:\/\/fenggrill.com\/fr\/chinese-new-year-holiday-schedule\/\" target=\"_self\">\n\t\t\t\t2026 Calendrier des vacances du Nouvel An chinois\t\t\t<\/a>\n\n\t\t\t\t<\/h2>\n\t\t\t\t\t<div class=\"uael-post__meta-data\">\n\t\t\t\t\t<span class=\"uael-post__date\">\n\t\t\t\t\t\t\t\t\t\t\t\t\t<i aria-hidden=\"true\" class=\"fa fa-calendar\"><\/i>\t\t\t\t\t\t\t\t\t\n\t\t\t02\/02\/2026\t\t<\/span>\n\t\t\t\t<\/div>\n\t\t\n\t\t<div class=\"uael-post__excerpt\">\n\t\t\tChers clients et partenaires, \u00c0 l'approche de l'Ann\u00e9e du cheval 2026, nous tenons \u00e0 vous remercier sinc\u00e8rement de votre confiance et de votre ...\t\t<\/div>\n\n\t\t\t\t\t<\/div>\n\t\t\t\n\t\t<\/div>\n\t\t\n\t<\/div>\n\n<\/div>\n\n<div class=\"uael-post-wrapper   knowledge\">\n\t<div class=\"uael-post__bg-wrap uael-bg-wrap-disabled\">\n\n\t\t\t\t\n\t\t<div class=\"uael-post__inner-wrap uael-inner-wrap-disabled\">\n\n\t\t\t\t<div class=\"uael-post__thumbnail\">\n\t\t\t\n\t\t\t<a href=\"https:\/\/fenggrill.com\/fr\/greek-souvla-vs-american-rotisserie\/\" target=\"_self\" title=\"Souvla grecque vs r\u00f4tisserie am\u00e9ricaine : Quelles sont les diff\u00e9rences ?\"><img decoding=\"async\" width=\"1920\" height=\"1080\" src=\"https:\/\/fenggrill.com\/wp-content\/uploads\/2026\/02\/greek-gyros.jpg\" class=\"attachment-full size-full wp-image-2879\" alt=\"\" srcset=\"https:\/\/fenggrill.com\/wp-content\/uploads\/2026\/02\/greek-gyros.jpg 1920w, https:\/\/fenggrill.com\/wp-content\/uploads\/2026\/02\/greek-gyros-300x169.jpg 300w, https:\/\/fenggrill.com\/wp-content\/uploads\/2026\/02\/greek-gyros-1024x576.jpg 1024w, https:\/\/fenggrill.com\/wp-content\/uploads\/2026\/02\/greek-gyros-768x432.jpg 768w, https:\/\/fenggrill.com\/wp-content\/uploads\/2026\/02\/greek-gyros-1536x864.jpg 1536w, https:\/\/fenggrill.com\/wp-content\/uploads\/2026\/02\/greek-gyros-18x10.jpg 18w, https:\/\/fenggrill.com\/wp-content\/uploads\/2026\/02\/greek-gyros-600x338.jpg 600w\" sizes=\"(max-width: 1920px) 100vw, 1920px\" \/><\/a>\n\t\t\t\t\t<\/div>\n\t\t\n\t\t\t\n\t\t\t<div class=\"uael-post__content-wrap uael-content-wrap-disabled\">\n\t\t\t\t\t\t\t<div class=\"uael-post__terms-wrap\"><span class=\"uael-post__terms\"><a href=\"https:\/\/fenggrill.com\/fr\/category\/knowledge\/\" class=\"uael-listing__terms-link\" id=\"uael-post-term-knowledge\" aria-labelledby=\"uael-post-term-knowledge\">Connaissances<\/a><\/span><\/div>\n\t\t\t\t\t\t<h2 class=\"uael-post__title\">\n\n\t\t\n\t\t\t\t\t\t<a href=\"https:\/\/fenggrill.com\/fr\/greek-souvla-vs-american-rotisserie\/\" target=\"_self\">\n\t\t\t\tSouvla grecque vs r\u00f4tisserie am\u00e9ricaine : Quelles sont les diff\u00e9rences ?\t\t\t<\/a>\n\n\t\t\t\t<\/h2>\n\t\t\t\t\t<div class=\"uael-post__meta-data\">\n\t\t\t\t\t<span class=\"uael-post__date\">\n\t\t\t\t\t\t\t\t\t\t\t\t\t<i aria-hidden=\"true\" class=\"fa fa-calendar\"><\/i>\t\t\t\t\t\t\t\t\t\n\t\t\t02\/01\/2026\t\t<\/span>\n\t\t\t\t<\/div>\n\t\t\n\t\t<div class=\"uael-post__excerpt\">\n\t\t\tLa souvla grecque et la r\u00f4tisserie am\u00e9ricaine d\u00e9signent des m\u00e9thodes de grillade sp\u00e9cifiques qui diff\u00e8rent par les ingr\u00e9dients et le mat\u00e9riel de cuisson, mais qui ont toutes deux une longue histoire. Cet article ...\t\t<\/div>\n\n\t\t\t\t\t<\/div>\n\t\t\t\n\t\t<\/div>\n\t\t\n\t<\/div>\n\n<\/div>\n\n<div class=\"uael-post-wrapper   knowledge\">\n\t<div class=\"uael-post__bg-wrap uael-bg-wrap-disabled\">\n\n\t\t\t\t\n\t\t<div class=\"uael-post__inner-wrap uael-inner-wrap-disabled\">\n\n\t\t\t\t<div class=\"uael-post__thumbnail\">\n\t\t\t\n\t\t\t<a href=\"https:\/\/fenggrill.com\/fr\/what-is-the-best-speed-for-a-barbecue-grill-motor\/\" target=\"_self\" title=\"Quelle est la meilleure vitesse pour le moteur d&#039;un barbecue ?\"><img decoding=\"async\" width=\"1920\" height=\"1080\" src=\"https:\/\/fenggrill.com\/wp-content\/uploads\/2026\/01\/grill-motor-1.jpg\" class=\"attachment-full size-full wp-image-2803\" alt=\"\" srcset=\"https:\/\/fenggrill.com\/wp-content\/uploads\/2026\/01\/grill-motor-1.jpg 1920w, https:\/\/fenggrill.com\/wp-content\/uploads\/2026\/01\/grill-motor-1-300x169.jpg 300w, https:\/\/fenggrill.com\/wp-content\/uploads\/2026\/01\/grill-motor-1-1024x576.jpg 1024w, https:\/\/fenggrill.com\/wp-content\/uploads\/2026\/01\/grill-motor-1-768x432.jpg 768w, https:\/\/fenggrill.com\/wp-content\/uploads\/2026\/01\/grill-motor-1-1536x864.jpg 1536w, https:\/\/fenggrill.com\/wp-content\/uploads\/2026\/01\/grill-motor-1-18x10.jpg 18w, https:\/\/fenggrill.com\/wp-content\/uploads\/2026\/01\/grill-motor-1-600x338.jpg 600w\" sizes=\"(max-width: 1920px) 100vw, 1920px\" \/><\/a>\n\t\t\t\t\t<\/div>\n\t\t\n\t\t\t\n\t\t\t<div class=\"uael-post__content-wrap uael-content-wrap-disabled\">\n\t\t\t\t\t\t\t<div class=\"uael-post__terms-wrap\"><span class=\"uael-post__terms\"><a href=\"https:\/\/fenggrill.com\/fr\/category\/knowledge\/\" class=\"uael-listing__terms-link\" id=\"uael-post-term-knowledge\" aria-labelledby=\"uael-post-term-knowledge\">Connaissances<\/a><\/span><\/div>\n\t\t\t\t\t\t<h2 class=\"uael-post__title\">\n\n\t\t\n\t\t\t\t\t\t<a href=\"https:\/\/fenggrill.com\/fr\/what-is-the-best-speed-for-a-barbecue-grill-motor\/\" target=\"_self\">\n\t\t\t\tQuelle est la meilleure vitesse pour le moteur d'un barbecue ?\t\t\t<\/a>\n\n\t\t\t\t<\/h2>\n\t\t\t\t\t<div class=\"uael-post__meta-data\">\n\t\t\t\t\t<span class=\"uael-post__date\">\n\t\t\t\t\t\t\t\t\t\t\t\t\t<i aria-hidden=\"true\" class=\"fa fa-calendar\"><\/i>\t\t\t\t\t\t\t\t\t\n\t\t\t01\/29\/2026\t\t<\/span>\n\t\t\t\t<\/div>\n\t\t\n\t\t<div class=\"uael-post__excerpt\">\n\t\t\tLa vitesse de rotation des moteurs de gril couramment rencontr\u00e9s sur le march\u00e9 est g\u00e9n\u00e9ralement comprise entre 2 et 4 tours\/minute. S'agit-il de la vitesse optimale ? Ou cette vitesse est-elle trop ...\t\t<\/div>\n\n\t\t\t\t\t<\/div>\n\t\t\t\n\t\t<\/div>\n\t\t\n\t<\/div>\n\n<\/div>\n\n<div class=\"uael-post-wrapper   knowledge\">\n\t<div class=\"uael-post__bg-wrap uael-bg-wrap-disabled\">\n\n\t\t\t\t\n\t\t<div class=\"uael-post__inner-wrap uael-inner-wrap-disabled\">\n\n\t\t\t\t<div class=\"uael-post__thumbnail\">\n\t\t\t\n\t\t\t<a href=\"https:\/\/fenggrill.com\/fr\/how-to-choose-the-bbq-motor\/\" target=\"_self\" title=\"Comment choisir le bon moteur de r\u00f4tissoire pour barbecue ? (Version compl\u00e8te)\"><img loading=\"lazy\" decoding=\"async\" width=\"1920\" height=\"1080\" src=\"https:\/\/fenggrill.com\/wp-content\/uploads\/2026\/01\/how-to-choose-the-right-bbq-motor.jpg\" class=\"attachment-full size-full wp-image-2304\" alt=\"\" srcset=\"https:\/\/fenggrill.com\/wp-content\/uploads\/2026\/01\/how-to-choose-the-right-bbq-motor.jpg 1920w, https:\/\/fenggrill.com\/wp-content\/uploads\/2026\/01\/how-to-choose-the-right-bbq-motor-300x169.jpg 300w, https:\/\/fenggrill.com\/wp-content\/uploads\/2026\/01\/how-to-choose-the-right-bbq-motor-1024x576.jpg 1024w, https:\/\/fenggrill.com\/wp-content\/uploads\/2026\/01\/how-to-choose-the-right-bbq-motor-768x432.jpg 768w, https:\/\/fenggrill.com\/wp-content\/uploads\/2026\/01\/how-to-choose-the-right-bbq-motor-1536x864.jpg 1536w, https:\/\/fenggrill.com\/wp-content\/uploads\/2026\/01\/how-to-choose-the-right-bbq-motor-600x338.jpg 600w\" sizes=\"(max-width: 1920px) 100vw, 1920px\" \/><\/a>\n\t\t\t\t\t<\/div>\n\t\t\n\t\t\t\n\t\t\t<div class=\"uael-post__content-wrap uael-content-wrap-disabled\">\n\t\t\t\t\t\t\t<div class=\"uael-post__terms-wrap\"><span class=\"uael-post__terms\"><a href=\"https:\/\/fenggrill.com\/fr\/category\/knowledge\/\" class=\"uael-listing__terms-link\" id=\"uael-post-term-knowledge\" aria-labelledby=\"uael-post-term-knowledge\">Connaissances<\/a><\/span><\/div>\n\t\t\t\t\t\t<h2 class=\"uael-post__title\">\n\n\t\t\n\t\t\t\t\t\t<a href=\"https:\/\/fenggrill.com\/fr\/how-to-choose-the-bbq-motor\/\" target=\"_self\">\n\t\t\t\tComment choisir le bon moteur de r\u00f4tissoire pour barbecue ? (Version compl\u00e8te)\t\t\t<\/a>\n\n\t\t\t\t<\/h2>\n\t\t\t\t\t<div class=\"uael-post__meta-data\">\n\t\t\t\t\t<span class=\"uael-post__date\">\n\t\t\t\t\t\t\t\t\t\t\t\t\t<i aria-hidden=\"true\" class=\"fa fa-calendar\"><\/i>\t\t\t\t\t\t\t\t\t\n\t\t\t01\/19\/2026\t\t<\/span>\n\t\t\t\t<\/div>\n\t\t\n\t\t<div class=\"uael-post__excerpt\">\n\t\t\tQue vous soyez un amateur de barbecue ou un fabricant de grills professionnel, le choix du bon moteur de r\u00f4tissoire est essentiel pour les performances, la s\u00e9curit\u00e9 et la fiabilit\u00e9 \u00e0 long terme. En tant que ...\t\t<\/div>\n\n\t\t\t\t\t<\/div>\n\t\t\t\n\t\t<\/div>\n\t\t\n\t<\/div>\n\n<\/div>\n\t\t\t\t<\/div>\n\t\t\t\t\t\t\n\t\t<\/div>\n\n\t\t\t\t\t\t<\/div>\n\t\t<div class=\"uael-post__footer\">\n\t\t\t\t\t<\/div>\n\t\t\t\t\t\t<\/div>\n\t\t\t\t<\/div>\n\t\t\t\t<\/div>\n\t\t\t\t<\/div>\n\t\t\t\t<\/div>\n\t\t\t\t<\/div>","protected":false},"excerpt":{"rendered":"<p>Home Case Study Company News 2026 Chinese New Year Holiday Schedule 02\/02\/2026 Dear Valued Customers and Partners, As the 2026 Year of the Horse approaches, we would like to sincerely thank you for your continued trust and &#8230; Knowledge Greek Souvla vs American Rotisserie: What are the Differences 02\/01\/2026 Greek Souvla and American Rotisserie refer [&hellip;]<\/p>","protected":false},"author":1,"featured_media":0,"parent":0,"menu_order":0,"comment_status":"closed","ping_status":"closed","template":"elementor_header_footer","meta":{"site-sidebar-layout":"no-sidebar","site-content-layout":"page-builder","ast-site-content-layout":"full-width-container","site-content-style":"default","site-sidebar-style":"default","ast-global-header-display":"disabled","ast-banner-title-visibility":"","ast-main-header-display":"","ast-hfb-above-header-display":"","ast-hfb-below-header-display":"","ast-hfb-mobile-header-display":"","site-post-title":"","ast-breadcrumbs-content":"","ast-featured-img":"disabled","footer-sml-layout":"","ast-disable-related-posts":"","theme-transparent-header-meta":"","adv-header-id-meta":"","stick-header-meta":"","header-above-stick-meta":"","header-main-stick-meta":"","header-below-stick-meta":"","astra-migrate-meta-layouts":"set","ast-page-background-enabled":"default","ast-page-background-meta":{"desktop":{"background-color":"var(--ast-global-color-4)","background-image":"","background-repeat":"repeat","background-position":"center center","background-size":"auto","background-attachment":"scroll","background-type":"","background-media":"","overlay-type":"","overlay-color":"","overlay-opacity":"","overlay-gradient":""},"tablet":{"background-color":"","background-image":"","background-repeat":"repeat","background-position":"center center","background-size":"auto","background-attachment":"scroll","background-type":"","background-media":"","overlay-type":"","overlay-color":"","overlay-opacity":"","overlay-gradient":""},"mobile":{"background-color":"","background-image":"","background-repeat":"repeat","background-position":"center center","background-size":"auto","background-attachment":"scroll","background-type":"","background-media":"","overlay-type":"","overlay-color":"","overlay-opacity":"","overlay-gradient":""}},"ast-content-background-meta":{"desktop":{"background-color":"var(--ast-global-color-5)","background-image":"","background-repeat":"repeat","background-position":"center center","background-size":"auto","background-attachment":"scroll","background-type":"","background-media":"","overlay-type":"","overlay-color":"","overlay-opacity":"","overlay-gradient":""},"tablet":{"background-color":"var(--ast-global-color-5)","background-image":"","background-repeat":"repeat","background-position":"center center","background-size":"auto","background-attachment":"scroll","background-type":"","background-media":"","overlay-type":"","overlay-color":"","overlay-opacity":"","overlay-gradient":""},"mobile":{"background-color":"var(--ast-global-color-5)","background-image":"","background-repeat":"repeat","background-position":"center center","background-size":"auto","background-attachment":"scroll","background-type":"","background-media":"","overlay-type":"","overlay-color":"","overlay-opacity":"","overlay-gradient":""}},"footnotes":""},"class_list":["post-2953","page","type-page","status-publish","hentry"],"yoast_head":"<!-- This site is optimized with the Yoast SEO Premium plugin v25.4 (Yoast SEO v25.4) - https:\/\/yoast.com\/wordpress\/plugins\/seo\/ -->\n<title>Grill Motor Production Cases - FengGrill<\/title>\n<meta name=\"description\" content=\"Learning from and researching past production cases.\" \/>\n<meta name=\"robots\" content=\"index, follow, max-snippet:-1, max-image-preview:large, max-video-preview:-1\" \/>\n<link rel=\"canonical\" href=\"https:\/\/fenggrill.com\/fr\/case-study\/\" \/>\n<meta property=\"og:locale\" content=\"fr_FR\" \/>\n<meta property=\"og:type\" content=\"article\" \/>\n<meta property=\"og:title\" content=\"Case Study\" \/>\n<meta property=\"og:description\" content=\"Learning from and researching past production cases.\" \/>\n<meta property=\"og:url\" content=\"https:\/\/fenggrill.com\/fr\/case-study\/\" \/>\n<meta property=\"og:site_name\" content=\"FengGrill\" \/>\n<meta property=\"article:modified_time\" content=\"2026-02-02T05:06:30+00:00\" \/>\n<meta property=\"og:image\" content=\"https:\/\/fenggrill.com\/wp-content\/uploads\/2026\/02\/NEW_YEAR.jpg\" \/>\n\t<meta property=\"og:image:width\" content=\"1920\" \/>\n\t<meta property=\"og:image:height\" content=\"1080\" \/>\n\t<meta property=\"og:image:type\" content=\"image\/jpeg\" \/>\n<meta name=\"twitter:card\" content=\"summary_large_image\" \/>\n<meta name=\"twitter:label1\" content=\"Dur\u00e9e de lecture estim\u00e9e\" \/>\n\t<meta name=\"twitter:data1\" content=\"2 minutes\" \/>\n<script type=\"application\/ld+json\" class=\"yoast-schema-graph\">{\"@context\":\"https:\/\/schema.org\",\"@graph\":[{\"@type\":\"WebPage\",\"@id\":\"https:\/\/fenggrill.com\/case-study\/\",\"url\":\"https:\/\/fenggrill.com\/case-study\/\",\"name\":\"Grill Motor Production Cases - FengGrill\",\"isPartOf\":{\"@id\":\"https:\/\/fenggrill.com\/#website\"},\"primaryImageOfPage\":{\"@id\":\"https:\/\/fenggrill.com\/case-study\/#primaryimage\"},\"image\":{\"@id\":\"https:\/\/fenggrill.com\/case-study\/#primaryimage\"},\"thumbnailUrl\":\"https:\/\/fenggrill.com\/wp-content\/uploads\/2026\/02\/NEW_YEAR.jpg\",\"datePublished\":\"2026-02-02T05:05:43+00:00\",\"dateModified\":\"2026-02-02T05:06:30+00:00\",\"description\":\"Learning from and researching past production cases.\",\"breadcrumb\":{\"@id\":\"https:\/\/fenggrill.com\/case-study\/#breadcrumb\"},\"inLanguage\":\"fr-FR\",\"potentialAction\":[{\"@type\":\"ReadAction\",\"target\":[\"https:\/\/fenggrill.com\/case-study\/\"]}]},{\"@type\":\"ImageObject\",\"inLanguage\":\"fr-FR\",\"@id\":\"https:\/\/fenggrill.com\/case-study\/#primaryimage\",\"url\":\"https:\/\/fenggrill.com\/wp-content\/uploads\/2026\/02\/NEW_YEAR.jpg\",\"contentUrl\":\"https:\/\/fenggrill.com\/wp-content\/uploads\/2026\/02\/NEW_YEAR.jpg\"},{\"@type\":\"BreadcrumbList\",\"@id\":\"https:\/\/fenggrill.com\/case-study\/#breadcrumb\",\"itemListElement\":[{\"@type\":\"ListItem\",\"position\":1,\"name\":\"\u9996\u9875\",\"item\":\"https:\/\/fenggrill.com\/\"},{\"@type\":\"ListItem\",\"position\":2,\"name\":\"Case Study\"}]},{\"@type\":\"WebSite\",\"@id\":\"https:\/\/fenggrill.com\/#website\",\"url\":\"https:\/\/fenggrill.com\/\",\"name\":\"FengGrill\",\"description\":\"Rotisserie Motors Manufacturer\",\"publisher\":{\"@id\":\"https:\/\/fenggrill.com\/#organization\"},\"potentialAction\":[{\"@type\":\"SearchAction\",\"target\":{\"@type\":\"EntryPoint\",\"urlTemplate\":\"https:\/\/fenggrill.com\/?s={search_term_string}\"},\"query-input\":{\"@type\":\"PropertyValueSpecification\",\"valueRequired\":true,\"valueName\":\"search_term_string\"}}],\"inLanguage\":\"fr-FR\"},{\"@type\":\"Organization\",\"@id\":\"https:\/\/fenggrill.com\/#organization\",\"name\":\"FengGrill\",\"url\":\"https:\/\/fenggrill.com\/\",\"logo\":{\"@type\":\"ImageObject\",\"inLanguage\":\"fr-FR\",\"@id\":\"https:\/\/fenggrill.com\/#\/schema\/logo\/image\/\",\"url\":\"https:\/\/fenggrill.com\/wp-content\/uploads\/2026\/01\/FENGGRILL2.svg\",\"contentUrl\":\"https:\/\/fenggrill.com\/wp-content\/uploads\/2026\/01\/FENGGRILL2.svg\",\"width\":500,\"height\":100,\"caption\":\"FengGrill\"},\"image\":{\"@id\":\"https:\/\/fenggrill.com\/#\/schema\/logo\/image\/\"}}]}<\/script>\n<!-- \/ Yoast SEO Premium plugin. -->","yoast_head_json":{"title":"Grill Motor Production Cases - FengGrill","description":"Learning from and researching past production cases.","robots":{"index":"index","follow":"follow","max-snippet":"max-snippet:-1","max-image-preview":"max-image-preview:large","max-video-preview":"max-video-preview:-1"},"canonical":"https:\/\/fenggrill.com\/fr\/case-study\/","og_locale":"fr_FR","og_type":"article","og_title":"Case Study","og_description":"Learning from and researching past production cases.","og_url":"https:\/\/fenggrill.com\/fr\/case-study\/","og_site_name":"FengGrill","article_modified_time":"2026-02-02T05:06:30+00:00","og_image":[{"width":1920,"height":1080,"url":"https:\/\/fenggrill.com\/wp-content\/uploads\/2026\/02\/NEW_YEAR.jpg","type":"image\/jpeg"}],"twitter_card":"summary_large_image","twitter_misc":{"Dur\u00e9e de lecture estim\u00e9e":"2 minutes"},"schema":{"@context":"https:\/\/schema.org","@graph":[{"@type":"WebPage","@id":"https:\/\/fenggrill.com\/case-study\/","url":"https:\/\/fenggrill.com\/case-study\/","name":"Grill Motor Production Cases - FengGrill","isPartOf":{"@id":"https:\/\/fenggrill.com\/#website"},"primaryImageOfPage":{"@id":"https:\/\/fenggrill.com\/case-study\/#primaryimage"},"image":{"@id":"https:\/\/fenggrill.com\/case-study\/#primaryimage"},"thumbnailUrl":"https:\/\/fenggrill.com\/wp-content\/uploads\/2026\/02\/NEW_YEAR.jpg","datePublished":"2026-02-02T05:05:43+00:00","dateModified":"2026-02-02T05:06:30+00:00","description":"Learning from and researching past production cases.","breadcrumb":{"@id":"https:\/\/fenggrill.com\/case-study\/#breadcrumb"},"inLanguage":"fr-FR","potentialAction":[{"@type":"ReadAction","target":["https:\/\/fenggrill.com\/case-study\/"]}]},{"@type":"ImageObject","inLanguage":"fr-FR","@id":"https:\/\/fenggrill.com\/case-study\/#primaryimage","url":"https:\/\/fenggrill.com\/wp-content\/uploads\/2026\/02\/NEW_YEAR.jpg","contentUrl":"https:\/\/fenggrill.com\/wp-content\/uploads\/2026\/02\/NEW_YEAR.jpg"},{"@type":"BreadcrumbList","@id":"https:\/\/fenggrill.com\/case-study\/#breadcrumb","itemListElement":[{"@type":"ListItem","position":1,"name":"\u9996\u9875","item":"https:\/\/fenggrill.com\/"},{"@type":"ListItem","position":2,"name":"Case Study"}]},{"@type":"WebSite","@id":"https:\/\/fenggrill.com\/#website","url":"https:\/\/fenggrill.com\/","name":"FengGrill","description":"Fabricant de moteurs de r\u00f4tisserie","publisher":{"@id":"https:\/\/fenggrill.com\/#organization"},"potentialAction":[{"@type":"SearchAction","target":{"@type":"EntryPoint","urlTemplate":"https:\/\/fenggrill.com\/?s={search_term_string}"},"query-input":{"@type":"PropertyValueSpecification","valueRequired":true,"valueName":"search_term_string"}}],"inLanguage":"fr-FR"},{"@type":"Organization","@id":"https:\/\/fenggrill.com\/#organization","name":"FengGrill","url":"https:\/\/fenggrill.com\/","logo":{"@type":"ImageObject","inLanguage":"fr-FR","@id":"https:\/\/fenggrill.com\/#\/schema\/logo\/image\/","url":"https:\/\/fenggrill.com\/wp-content\/uploads\/2026\/01\/FENGGRILL2.svg","contentUrl":"https:\/\/fenggrill.com\/wp-content\/uploads\/2026\/01\/FENGGRILL2.svg","width":500,"height":100,"caption":"FengGrill"},"image":{"@id":"https:\/\/fenggrill.com\/#\/schema\/logo\/image\/"}}]}},"_links":{"self":[{"href":"https:\/\/fenggrill.com\/fr\/wp-json\/wp\/v2\/pages\/2953","targetHints":{"allow":["GET"]}}],"collection":[{"href":"https:\/\/fenggrill.com\/fr\/wp-json\/wp\/v2\/pages"}],"about":[{"href":"https:\/\/fenggrill.com\/fr\/wp-json\/wp\/v2\/types\/page"}],"author":[{"embeddable":true,"href":"https:\/\/fenggrill.com\/fr\/wp-json\/wp\/v2\/users\/1"}],"replies":[{"embeddable":true,"href":"https:\/\/fenggrill.com\/fr\/wp-json\/wp\/v2\/comments?post=2953"}],"version-history":[{"count":4,"href":"https:\/\/fenggrill.com\/fr\/wp-json\/wp\/v2\/pages\/2953\/revisions"}],"predecessor-version":[{"id":2957,"href":"https:\/\/fenggrill.com\/fr\/wp-json\/wp\/v2\/pages\/2953\/revisions\/2957"}],"wp:attachment":[{"href":"https:\/\/fenggrill.com\/fr\/wp-json\/wp\/v2\/media?parent=2953"}],"curies":[{"name":"wp","href":"https:\/\/api.w.org\/{rel}","templated":true}]}}