{"id":1406,"date":"2026-01-06T16:10:16","date_gmt":"2026-01-06T08:10:16","guid":{"rendered":"http:\/\/fenggrill.com\/?page_id=1406"},"modified":"2026-01-22T16:50:26","modified_gmt":"2026-01-22T08:50:26","slug":"solutions","status":"publish","type":"page","link":"https:\/\/fenggrill.com\/fr\/solutions\/","title":{"rendered":"Solutions"},"content":{"rendered":"<div data-elementor-type=\"wp-page\" data-elementor-id=\"1406\" class=\"elementor elementor-1406\" data-elementor-post-type=\"page\">\n\t\t\t\t<div class=\"elementor-element elementor-element-2a14b8a e-con-full e-flex e-con e-parent\" data-id=\"2a14b8a\" data-element_type=\"container\" data-settings=\"{&quot;background_background&quot;:&quot;classic&quot;,&quot;ekit_has_onepagescroll_dot&quot;:&quot;yes&quot;}\">\n\t\t\t\t<div class=\"elementor-element elementor-element-a08ba50 elementor-widget__width-initial elementor-widget elementor-widget-elementskit-breadcrumb\" data-id=\"a08ba50\" data-element_type=\"widget\" data-settings=\"{&quot;ekit_we_effect_on&quot;:&quot;none&quot;}\" data-widget_type=\"elementskit-breadcrumb.default\">\n\t\t\t\t<div class=\"elementor-widget-container\">\n\t\t\t\t\t<div class=\"ekit-wid-con\" ><ol class=\"ekit-breadcrumb\"><li class=\"ekit_breadcrumbs_start\"><a href=\"http:\/\/fenggrill.com\/it\" data-no-translation=\"\" data-trp-gettext=\"\">Casa<\/a><\/li> <li class=\"brd_sep\"> \u00bb <\/li>  <li>Solutions<\/li><\/ol><\/div>\t\t\t\t<\/div>\n\t\t\t\t<\/div>\n\t\t\t\t<\/div>\n\t\t<div class=\"elementor-element elementor-element-5e76841a e-con-full e-flex e-con e-parent\" data-id=\"5e76841a\" data-element_type=\"container\" data-settings=\"{&quot;background_background&quot;:&quot;classic&quot;,&quot;ekit_has_onepagescroll_dot&quot;:&quot;yes&quot;}\">\n\t\t<div class=\"elementor-element elementor-element-c585739 e-con-full e-flex e-con e-child\" data-id=\"c585739\" data-element_type=\"container\" data-settings=\"{&quot;ekit_has_onepagescroll_dot&quot;:&quot;yes&quot;}\">\n\t\t<div class=\"elementor-element elementor-element-38e12a2 e-con-full e-flex e-con e-child\" data-id=\"38e12a2\" data-element_type=\"container\" data-settings=\"{&quot;ekit_has_onepagescroll_dot&quot;:&quot;yes&quot;}\">\n\t\t\t\t<div class=\"elementor-element elementor-element-15860ce elementor-widget elementor-widget-heading\" data-id=\"15860ce\" data-element_type=\"widget\" data-settings=\"{&quot;ekit_we_effect_on&quot;:&quot;none&quot;}\" data-widget_type=\"heading.default\">\n\t\t\t\t<div class=\"elementor-widget-container\">\n\t\t\t\t\t<h1 class=\"elementor-heading-title elementor-size-default\">Solutions<\/h1>\t\t\t\t<\/div>\n\t\t\t\t<\/div>\n\t\t\t\t<div class=\"elementor-element elementor-element-ee232bf elementor-widget elementor-widget-text-editor\" data-id=\"ee232bf\" data-element_type=\"widget\" data-settings=\"{&quot;ekit_we_effect_on&quot;:&quot;none&quot;}\" data-widget_type=\"text-editor.default\">\n\t\t\t\t<div class=\"elementor-widget-container\">\n\t\t\t\t\t\t\t\t\t<p>En fonction des diff\u00e9rents types d'aliments \u00e0 cuire, les moteurs que nous fabriquons peuvent \u00eatre utilis\u00e9s pour r\u00f4tir du porc, de l'agneau, du poulet, etc. Si vous avez besoin d'un moteur l\u00e9ger, nous disposons de petits moteurs aliment\u00e9s par batterie. Nous disposons \u00e9galement de moteurs robustes adapt\u00e9s aux gros morceaux de viande, capables de supporter le poids d'un porc entier.<\/p>\t\t\t\t\t\t\t\t<\/div>\n\t\t\t\t<\/div>\n\t\t\t\t<\/div>\n\t\t\t\t<\/div>\n\t\t<div class=\"elementor-element elementor-element-4844c98f e-con-full e-flex e-con e-child\" data-id=\"4844c98f\" data-element_type=\"container\" data-settings=\"{&quot;ekit_has_onepagescroll_dot&quot;:&quot;yes&quot;}\">\n\t\t\t\t<div class=\"elementor-element elementor-element-3ead13a4 elementor-widget__width-initial elementor-widget-mobile__width-inherit ekit-equal-height-disable elementor-widget elementor-widget-elementskit-image-box\" data-id=\"3ead13a4\" data-element_type=\"widget\" data-settings=\"{&quot;ekit_we_effect_on&quot;:&quot;none&quot;}\" data-widget_type=\"elementskit-image-box.default\">\n\t\t\t\t<div class=\"elementor-widget-container\">\n\t\t\t\t\t<div class=\"ekit-wid-con\" >\n            <div class=\"elementskit-info-image-box ekit-image-box text-center style-modern\" >\n\n                <a href=\"https:\/\/fenggrill.com\/fr\/rotisserie-motor-for-chicken\/\">\n                <div class=\"elementskit-box-header image-box-img-center\">\n\n                    <img fetchpriority=\"high\" decoding=\"async\" width=\"800\" height=\"533\" src=\"https:\/\/fenggrill.com\/wp-content\/uploads\/2026\/01\/Rotisserie-Motors-for-Chicken-1.jpg\" class=\"attachment-full size-full wp-image-2187\" alt=\"\" srcset=\"https:\/\/fenggrill.com\/wp-content\/uploads\/2026\/01\/Rotisserie-Motors-for-Chicken-1.jpg 800w, https:\/\/fenggrill.com\/wp-content\/uploads\/2026\/01\/Rotisserie-Motors-for-Chicken-1-300x200.jpg 300w, https:\/\/fenggrill.com\/wp-content\/uploads\/2026\/01\/Rotisserie-Motors-for-Chicken-1-768x512.jpg 768w, https:\/\/fenggrill.com\/wp-content\/uploads\/2026\/01\/Rotisserie-Motors-for-Chicken-1-600x400.jpg 600w\" sizes=\"(max-width: 800px) 100vw, 800px\" \/>\n                <\/div>\n                <\/a>\n                <div class=\"elementskit-box-body ekit-image-box-body\">\n                    <div class=\"elementskit-box-content ekit-image-box-body-inner\">\n                                                <h2 class=\"elementskit-info-box-title\">\n\n                        Moteur de r\u00f4tisserie pour le poulet\n                        \n                    <\/h2>\n                                                            <div class=\"elementskit-box-style-content\">\n                        Cuisses de poulet r\u00f4ties, ailes de poulet, poulets entiers, grandes quantit\u00e9s de poulets entiers                    <\/div>\n                                    <\/div>\n\n                            <\/div>\n            <\/div>\n    <\/div>\t\t\t\t<\/div>\n\t\t\t\t<\/div>\n\t\t\t\t<div class=\"elementor-element elementor-element-7752208f elementor-widget__width-initial elementor-widget-mobile__width-inherit ekit-equal-height-disable elementor-widget elementor-widget-elementskit-image-box\" data-id=\"7752208f\" data-element_type=\"widget\" data-settings=\"{&quot;ekit_we_effect_on&quot;:&quot;none&quot;}\" data-widget_type=\"elementskit-image-box.default\">\n\t\t\t\t<div class=\"elementor-widget-container\">\n\t\t\t\t\t<div class=\"ekit-wid-con\" >\n            <div class=\"elementskit-info-image-box ekit-image-box text-center style-modern\" >\n\n                <a href=\"https:\/\/fenggrill.com\/fr\/rotisserie-motor-for-pig-and-lamb\/\">\n                <div class=\"elementskit-box-header image-box-img-center\">\n\n                    <img decoding=\"async\" width=\"800\" height=\"533\" src=\"https:\/\/fenggrill.com\/wp-content\/uploads\/2026\/01\/Rotisserie-Motor-for-Pig.jpg\" class=\"attachment-full size-full wp-image-2259\" alt=\"\" srcset=\"https:\/\/fenggrill.com\/wp-content\/uploads\/2026\/01\/Rotisserie-Motor-for-Pig.jpg 800w, https:\/\/fenggrill.com\/wp-content\/uploads\/2026\/01\/Rotisserie-Motor-for-Pig-300x200.jpg 300w, https:\/\/fenggrill.com\/wp-content\/uploads\/2026\/01\/Rotisserie-Motor-for-Pig-768x512.jpg 768w, https:\/\/fenggrill.com\/wp-content\/uploads\/2026\/01\/Rotisserie-Motor-for-Pig-600x400.jpg 600w\" sizes=\"(max-width: 800px) 100vw, 800px\" \/>\n                <\/div>\n                <\/a>\n                <div class=\"elementskit-box-body ekit-image-box-body\">\n                    <div class=\"elementskit-box-content ekit-image-box-body-inner\">\n                                                <h2 class=\"elementskit-info-box-title\">\n\n                        Moteur de r\u00f4tisserie pour porc\n                        \n                    <\/h2>\n                                                            <div class=\"elementskit-box-style-content\">\n                        C\u00f4telettes de porc r\u00f4ties, pieds de porc, cochon entier r\u00f4ti                    <\/div>\n                                    <\/div>\n\n                            <\/div>\n            <\/div>\n    <\/div>\t\t\t\t<\/div>\n\t\t\t\t<\/div>\n\t\t\t\t<\/div>\n\t\t<div class=\"elementor-element elementor-element-b5b3ce2 e-con-full e-flex e-con e-child\" data-id=\"b5b3ce2\" data-element_type=\"container\" data-settings=\"{&quot;ekit_has_onepagescroll_dot&quot;:&quot;yes&quot;}\">\n\t\t\t\t<div class=\"elementor-element elementor-element-8baf2e3 elementor-widget__width-initial elementor-widget-mobile__width-inherit ekit-equal-height-disable elementor-widget elementor-widget-elementskit-image-box\" data-id=\"8baf2e3\" data-element_type=\"widget\" data-settings=\"{&quot;ekit_we_effect_on&quot;:&quot;none&quot;}\" data-widget_type=\"elementskit-image-box.default\">\n\t\t\t\t<div class=\"elementor-widget-container\">\n\t\t\t\t\t<div class=\"ekit-wid-con\" >\n            <div class=\"elementskit-info-image-box ekit-image-box text-center style-modern\" >\n\n                <a href=\"https:\/\/fenggrill.com\/fr\/rotisserie-motor-for-pig-and-lamb\/\">\n                <div class=\"elementskit-box-header image-box-img-center\">\n\n                    <img decoding=\"async\" width=\"800\" height=\"533\" src=\"https:\/\/fenggrill.com\/wp-content\/uploads\/2026\/01\/Rotisserie-Motor-for-Lamb.jpg\" class=\"attachment-full size-full wp-image-2260\" alt=\"\" srcset=\"https:\/\/fenggrill.com\/wp-content\/uploads\/2026\/01\/Rotisserie-Motor-for-Lamb.jpg 800w, https:\/\/fenggrill.com\/wp-content\/uploads\/2026\/01\/Rotisserie-Motor-for-Lamb-300x200.jpg 300w, https:\/\/fenggrill.com\/wp-content\/uploads\/2026\/01\/Rotisserie-Motor-for-Lamb-768x512.jpg 768w, https:\/\/fenggrill.com\/wp-content\/uploads\/2026\/01\/Rotisserie-Motor-for-Lamb-600x400.jpg 600w\" sizes=\"(max-width: 800px) 100vw, 800px\" \/>\n                <\/div>\n                <\/a>\n                <div class=\"elementskit-box-body ekit-image-box-body\">\n                    <div class=\"elementskit-box-content ekit-image-box-body-inner\">\n                                                <h2 class=\"elementskit-info-box-title\">\n\n                        Moteur de r\u00f4tissoire pour agneau\n                        \n                    <\/h2>\n                                                            <div class=\"elementskit-box-style-content\">\n                        Gigot d'agneau r\u00f4ti, c\u00f4telettes d'agneau, agneau entier                    <\/div>\n                                    <\/div>\n\n                            <\/div>\n            <\/div>\n    <\/div>\t\t\t\t<\/div>\n\t\t\t\t<\/div>\n\t\t\t\t<div class=\"elementor-element elementor-element-af4ce72 elementor-widget__width-initial elementor-widget-mobile__width-inherit ekit-equal-height-disable elementor-widget elementor-widget-elementskit-image-box\" data-id=\"af4ce72\" data-element_type=\"widget\" data-settings=\"{&quot;ekit_we_effect_on&quot;:&quot;none&quot;}\" data-widget_type=\"elementskit-image-box.default\">\n\t\t\t\t<div class=\"elementor-widget-container\">\n\t\t\t\t\t<div class=\"ekit-wid-con\" >\n            <div class=\"elementskit-info-image-box ekit-image-box text-center style-modern\" >\n\n                <a href=\"https:\/\/fenggrill.com\/fr\/portable-barbecue-rotisserie-motor\/\">\n                <div class=\"elementskit-box-header image-box-img-center\">\n\n                    <img loading=\"lazy\" decoding=\"async\" width=\"800\" height=\"533\" src=\"https:\/\/fenggrill.com\/wp-content\/uploads\/2026\/01\/Portable-Barbecue-Rotisserie-Motor.jpg\" class=\"attachment-full size-full wp-image-2261\" alt=\"\" srcset=\"https:\/\/fenggrill.com\/wp-content\/uploads\/2026\/01\/Portable-Barbecue-Rotisserie-Motor.jpg 800w, https:\/\/fenggrill.com\/wp-content\/uploads\/2026\/01\/Portable-Barbecue-Rotisserie-Motor-300x200.jpg 300w, https:\/\/fenggrill.com\/wp-content\/uploads\/2026\/01\/Portable-Barbecue-Rotisserie-Motor-768x512.jpg 768w, https:\/\/fenggrill.com\/wp-content\/uploads\/2026\/01\/Portable-Barbecue-Rotisserie-Motor-600x400.jpg 600w\" sizes=\"(max-width: 800px) 100vw, 800px\" \/>\n                <\/div>\n                <\/a>\n                <div class=\"elementskit-box-body ekit-image-box-body\">\n                    <div class=\"elementskit-box-content ekit-image-box-body-inner\">\n                                                <h2 class=\"elementskit-info-box-title\">\n\n                        Moteur de r\u00f4tisserie pour barbecue portable\n                        \n                    <\/h2>\n                                                            <div class=\"elementskit-box-style-content\">\n                        Ce moteur d'ext\u00e9rieur l\u00e9ger, portable et facile \u00e0 installer est compact et aliment\u00e9 par une batterie.                    <\/div>\n                                    <\/div>\n\n                            <\/div>\n            <\/div>\n    <\/div>\t\t\t\t<\/div>\n\t\t\t\t<\/div>\n\t\t\t\t<\/div>\n\t\t\t\t<\/div>\n\t\t\t\t<\/div>","protected":false},"excerpt":{"rendered":"<p>Home Solutions Based on the different types of food being cooked, our manufactured motors can be used for roasting pork, lamb, chicken, and more. If you need a lightweight motor, we have small, battery-powered motors available. We also have heavy-duty motors suitable for larger cuts of meat, capable of supporting the weight of an entire [&hellip;]<\/p>","protected":false},"author":1,"featured_media":0,"parent":0,"menu_order":0,"comment_status":"closed","ping_status":"closed","template":"elementor_header_footer","meta":{"site-sidebar-layout":"no-sidebar","site-content-layout":"page-builder","ast-site-content-layout":"full-width-container","site-content-style":"default","site-sidebar-style":"default","ast-global-header-display":"disabled","ast-banner-title-visibility":"","ast-main-header-display":"","ast-hfb-above-header-display":"","ast-hfb-below-header-display":"","ast-hfb-mobile-header-display":"","site-post-title":"","ast-breadcrumbs-content":"","ast-featured-img":"disabled","footer-sml-layout":"","ast-disable-related-posts":"","theme-transparent-header-meta":"","adv-header-id-meta":"","stick-header-meta":"","header-above-stick-meta":"","header-main-stick-meta":"","header-below-stick-meta":"","astra-migrate-meta-layouts":"set","ast-page-background-enabled":"default","ast-page-background-meta":{"desktop":{"background-color":"var(--ast-global-color-4)","background-image":"","background-repeat":"repeat","background-position":"center center","background-size":"auto","background-attachment":"scroll","background-type":"","background-media":"","overlay-type":"","overlay-color":"","overlay-opacity":"","overlay-gradient":""},"tablet":{"background-color":"","background-image":"","background-repeat":"repeat","background-position":"center center","background-size":"auto","background-attachment":"scroll","background-type":"","background-media":"","overlay-type":"","overlay-color":"","overlay-opacity":"","overlay-gradient":""},"mobile":{"background-color":"","background-image":"","background-repeat":"repeat","background-position":"center center","background-size":"auto","background-attachment":"scroll","background-type":"","background-media":"","overlay-type":"","overlay-color":"","overlay-opacity":"","overlay-gradient":""}},"ast-content-background-meta":{"desktop":{"background-color":"var(--ast-global-color-5)","background-image":"","background-repeat":"repeat","background-position":"center center","background-size":"auto","background-attachment":"scroll","background-type":"","background-media":"","overlay-type":"","overlay-color":"","overlay-opacity":"","overlay-gradient":""},"tablet":{"background-color":"var(--ast-global-color-5)","background-image":"","background-repeat":"repeat","background-position":"center center","background-size":"auto","background-attachment":"scroll","background-type":"","background-media":"","overlay-type":"","overlay-color":"","overlay-opacity":"","overlay-gradient":""},"mobile":{"background-color":"var(--ast-global-color-5)","background-image":"","background-repeat":"repeat","background-position":"center center","background-size":"auto","background-attachment":"scroll","background-type":"","background-media":"","overlay-type":"","overlay-color":"","overlay-opacity":"","overlay-gradient":""}},"footnotes":""},"class_list":["post-1406","page","type-page","status-publish","hentry"],"yoast_head":"<!-- This site is optimized with the Yoast SEO Premium plugin v25.4 (Yoast SEO v25.4) - https:\/\/yoast.com\/wordpress\/plugins\/seo\/ -->\n<title>Custom Rotisserie Motors Solutions - FengGrill<\/title>\n<meta name=\"description\" content=\"FengGrill offers one-stop customized production of barbecue motors, from design and R&amp;D to manufacturing, packaging, and final delivery. We can handle the entire process.\" \/>\n<meta name=\"robots\" content=\"index, follow, max-snippet:-1, max-image-preview:large, max-video-preview:-1\" \/>\n<link rel=\"canonical\" href=\"https:\/\/fenggrill.com\/fr\/solutions\/\" \/>\n<meta property=\"og:locale\" content=\"fr_FR\" \/>\n<meta property=\"og:type\" content=\"article\" \/>\n<meta property=\"og:title\" content=\"Solutions\" \/>\n<meta property=\"og:description\" content=\"FengGrill offers one-stop customized production of barbecue motors, from design and R&amp;D to manufacturing, packaging, and final delivery. We can handle the entire process.\" \/>\n<meta property=\"og:url\" content=\"https:\/\/fenggrill.com\/fr\/solutions\/\" \/>\n<meta property=\"og:site_name\" content=\"FengGrill\" \/>\n<meta property=\"article:modified_time\" content=\"2026-01-22T08:50:26+00:00\" \/>\n<meta property=\"og:image\" content=\"https:\/\/fenggrill.com\/wp-content\/uploads\/2026\/01\/Rotisserie-Motors-for-Chicken-1.jpg\" \/>\n\t<meta property=\"og:image:width\" content=\"800\" \/>\n\t<meta property=\"og:image:height\" content=\"533\" \/>\n\t<meta property=\"og:image:type\" content=\"image\/jpeg\" \/>\n<meta name=\"twitter:card\" content=\"summary_large_image\" \/>\n<script type=\"application\/ld+json\" class=\"yoast-schema-graph\">{\"@context\":\"https:\/\/schema.org\",\"@graph\":[{\"@type\":\"WebPage\",\"@id\":\"https:\/\/fenggrill.com\/solutions\/\",\"url\":\"https:\/\/fenggrill.com\/solutions\/\",\"name\":\"Custom Rotisserie Motors Solutions - FengGrill\",\"isPartOf\":{\"@id\":\"https:\/\/fenggrill.com\/#website\"},\"primaryImageOfPage\":{\"@id\":\"https:\/\/fenggrill.com\/solutions\/#primaryimage\"},\"image\":{\"@id\":\"https:\/\/fenggrill.com\/solutions\/#primaryimage\"},\"thumbnailUrl\":\"https:\/\/fenggrill.com\/wp-content\/uploads\/2026\/01\/Rotisserie-Motors-for-Chicken-1.jpg\",\"datePublished\":\"2026-01-06T08:10:16+00:00\",\"dateModified\":\"2026-01-22T08:50:26+00:00\",\"description\":\"FengGrill offers one-stop customized production of barbecue motors, from design and R&D to manufacturing, packaging, and final delivery. We can handle the entire process.\",\"breadcrumb\":{\"@id\":\"https:\/\/fenggrill.com\/solutions\/#breadcrumb\"},\"inLanguage\":\"fr-FR\",\"potentialAction\":[{\"@type\":\"ReadAction\",\"target\":[\"https:\/\/fenggrill.com\/solutions\/\"]}]},{\"@type\":\"ImageObject\",\"inLanguage\":\"fr-FR\",\"@id\":\"https:\/\/fenggrill.com\/solutions\/#primaryimage\",\"url\":\"https:\/\/fenggrill.com\/wp-content\/uploads\/2026\/01\/Rotisserie-Motors-for-Chicken-1.jpg\",\"contentUrl\":\"https:\/\/fenggrill.com\/wp-content\/uploads\/2026\/01\/Rotisserie-Motors-for-Chicken-1.jpg\"},{\"@type\":\"BreadcrumbList\",\"@id\":\"https:\/\/fenggrill.com\/solutions\/#breadcrumb\",\"itemListElement\":[{\"@type\":\"ListItem\",\"position\":1,\"name\":\"\u9996\u9875\",\"item\":\"https:\/\/fenggrill.com\/\"},{\"@type\":\"ListItem\",\"position\":2,\"name\":\"Solutions\"}]},{\"@type\":\"WebSite\",\"@id\":\"https:\/\/fenggrill.com\/#website\",\"url\":\"https:\/\/fenggrill.com\/\",\"name\":\"FengGrill\",\"description\":\"Rotisserie Motors Manufacturer\",\"publisher\":{\"@id\":\"https:\/\/fenggrill.com\/#organization\"},\"potentialAction\":[{\"@type\":\"SearchAction\",\"target\":{\"@type\":\"EntryPoint\",\"urlTemplate\":\"https:\/\/fenggrill.com\/?s={search_term_string}\"},\"query-input\":{\"@type\":\"PropertyValueSpecification\",\"valueRequired\":true,\"valueName\":\"search_term_string\"}}],\"inLanguage\":\"fr-FR\"},{\"@type\":\"Organization\",\"@id\":\"https:\/\/fenggrill.com\/#organization\",\"name\":\"FengGrill\",\"url\":\"https:\/\/fenggrill.com\/\",\"logo\":{\"@type\":\"ImageObject\",\"inLanguage\":\"fr-FR\",\"@id\":\"https:\/\/fenggrill.com\/#\/schema\/logo\/image\/\",\"url\":\"https:\/\/fenggrill.com\/wp-content\/uploads\/2026\/01\/FENGGRILL2.svg\",\"contentUrl\":\"https:\/\/fenggrill.com\/wp-content\/uploads\/2026\/01\/FENGGRILL2.svg\",\"width\":500,\"height\":100,\"caption\":\"FengGrill\"},\"image\":{\"@id\":\"https:\/\/fenggrill.com\/#\/schema\/logo\/image\/\"}}]}<\/script>\n<!-- \/ Yoast SEO Premium plugin. -->","yoast_head_json":{"title":"Custom Rotisserie Motors Solutions - FengGrill","description":"FengGrill offers one-stop customized production of barbecue motors, from design and R&D to manufacturing, packaging, and final delivery. We can handle the entire process.","robots":{"index":"index","follow":"follow","max-snippet":"max-snippet:-1","max-image-preview":"max-image-preview:large","max-video-preview":"max-video-preview:-1"},"canonical":"https:\/\/fenggrill.com\/fr\/solutions\/","og_locale":"fr_FR","og_type":"article","og_title":"Solutions","og_description":"FengGrill offers one-stop customized production of barbecue motors, from design and R&D to manufacturing, packaging, and final delivery. We can handle the entire process.","og_url":"https:\/\/fenggrill.com\/fr\/solutions\/","og_site_name":"FengGrill","article_modified_time":"2026-01-22T08:50:26+00:00","og_image":[{"width":800,"height":533,"url":"https:\/\/fenggrill.com\/wp-content\/uploads\/2026\/01\/Rotisserie-Motors-for-Chicken-1.jpg","type":"image\/jpeg"}],"twitter_card":"summary_large_image","schema":{"@context":"https:\/\/schema.org","@graph":[{"@type":"WebPage","@id":"https:\/\/fenggrill.com\/solutions\/","url":"https:\/\/fenggrill.com\/solutions\/","name":"Custom Rotisserie Motors Solutions - FengGrill","isPartOf":{"@id":"https:\/\/fenggrill.com\/#website"},"primaryImageOfPage":{"@id":"https:\/\/fenggrill.com\/solutions\/#primaryimage"},"image":{"@id":"https:\/\/fenggrill.com\/solutions\/#primaryimage"},"thumbnailUrl":"https:\/\/fenggrill.com\/wp-content\/uploads\/2026\/01\/Rotisserie-Motors-for-Chicken-1.jpg","datePublished":"2026-01-06T08:10:16+00:00","dateModified":"2026-01-22T08:50:26+00:00","description":"FengGrill offers one-stop customized production of barbecue motors, from design and R&D to manufacturing, packaging, and final delivery. We can handle the entire process.","breadcrumb":{"@id":"https:\/\/fenggrill.com\/solutions\/#breadcrumb"},"inLanguage":"fr-FR","potentialAction":[{"@type":"ReadAction","target":["https:\/\/fenggrill.com\/solutions\/"]}]},{"@type":"ImageObject","inLanguage":"fr-FR","@id":"https:\/\/fenggrill.com\/solutions\/#primaryimage","url":"https:\/\/fenggrill.com\/wp-content\/uploads\/2026\/01\/Rotisserie-Motors-for-Chicken-1.jpg","contentUrl":"https:\/\/fenggrill.com\/wp-content\/uploads\/2026\/01\/Rotisserie-Motors-for-Chicken-1.jpg"},{"@type":"BreadcrumbList","@id":"https:\/\/fenggrill.com\/solutions\/#breadcrumb","itemListElement":[{"@type":"ListItem","position":1,"name":"\u9996\u9875","item":"https:\/\/fenggrill.com\/"},{"@type":"ListItem","position":2,"name":"Solutions"}]},{"@type":"WebSite","@id":"https:\/\/fenggrill.com\/#website","url":"https:\/\/fenggrill.com\/","name":"FengGrill","description":"Fabricant de moteurs de r\u00f4tisserie","publisher":{"@id":"https:\/\/fenggrill.com\/#organization"},"potentialAction":[{"@type":"SearchAction","target":{"@type":"EntryPoint","urlTemplate":"https:\/\/fenggrill.com\/?s={search_term_string}"},"query-input":{"@type":"PropertyValueSpecification","valueRequired":true,"valueName":"search_term_string"}}],"inLanguage":"fr-FR"},{"@type":"Organization","@id":"https:\/\/fenggrill.com\/#organization","name":"FengGrill","url":"https:\/\/fenggrill.com\/","logo":{"@type":"ImageObject","inLanguage":"fr-FR","@id":"https:\/\/fenggrill.com\/#\/schema\/logo\/image\/","url":"https:\/\/fenggrill.com\/wp-content\/uploads\/2026\/01\/FENGGRILL2.svg","contentUrl":"https:\/\/fenggrill.com\/wp-content\/uploads\/2026\/01\/FENGGRILL2.svg","width":500,"height":100,"caption":"FengGrill"},"image":{"@id":"https:\/\/fenggrill.com\/#\/schema\/logo\/image\/"}}]}},"_links":{"self":[{"href":"https:\/\/fenggrill.com\/fr\/wp-json\/wp\/v2\/pages\/1406","targetHints":{"allow":["GET"]}}],"collection":[{"href":"https:\/\/fenggrill.com\/fr\/wp-json\/wp\/v2\/pages"}],"about":[{"href":"https:\/\/fenggrill.com\/fr\/wp-json\/wp\/v2\/types\/page"}],"author":[{"embeddable":true,"href":"https:\/\/fenggrill.com\/fr\/wp-json\/wp\/v2\/users\/1"}],"replies":[{"embeddable":true,"href":"https:\/\/fenggrill.com\/fr\/wp-json\/wp\/v2\/comments?post=1406"}],"version-history":[{"count":28,"href":"https:\/\/fenggrill.com\/fr\/wp-json\/wp\/v2\/pages\/1406\/revisions"}],"predecessor-version":[{"id":2729,"href":"https:\/\/fenggrill.com\/fr\/wp-json\/wp\/v2\/pages\/1406\/revisions\/2729"}],"wp:attachment":[{"href":"https:\/\/fenggrill.com\/fr\/wp-json\/wp\/v2\/media?parent=1406"}],"curies":[{"name":"wp","href":"https:\/\/api.w.org\/{rel}","templated":true}]}}