{"id":1410,"date":"2026-01-06T16:11:09","date_gmt":"2026-01-06T08:11:09","guid":{"rendered":"http:\/\/fenggrill.com\/?page_id=1410"},"modified":"2026-02-02T14:20:59","modified_gmt":"2026-02-02T06:20:59","slug":"knowledge","status":"publish","type":"page","link":"https:\/\/fenggrill.com\/es\/knowledge\/","title":{"rendered":"Conocimientos"},"content":{"rendered":"<div data-elementor-type=\"wp-page\" data-elementor-id=\"1410\" class=\"elementor elementor-1410\" data-elementor-post-type=\"page\">\n\t\t\t\t<div class=\"elementor-element elementor-element-e009ece e-con-full e-flex e-con e-parent\" data-id=\"e009ece\" data-element_type=\"container\" data-settings=\"{&quot;background_background&quot;:&quot;classic&quot;,&quot;ekit_has_onepagescroll_dot&quot;:&quot;yes&quot;}\">\n\t\t\t\t<div class=\"elementor-element elementor-element-6096950 elementor-widget__width-initial elementor-widget elementor-widget-elementskit-breadcrumb\" data-id=\"6096950\" data-element_type=\"widget\" data-settings=\"{&quot;ekit_we_effect_on&quot;:&quot;none&quot;}\" data-widget_type=\"elementskit-breadcrumb.default\">\n\t\t\t\t<div class=\"elementor-widget-container\">\n\t\t\t\t\t<div class=\"ekit-wid-con\" ><ol class=\"ekit-breadcrumb\"><li class=\"ekit_breadcrumbs_start\"><a href=\"https:\/\/fenggrill.com\/es\/\">Inicio<\/a><\/li> <li class=\"brd_sep\"> \u00bb <\/li>  <li>Conocimientos<\/li> <li class=\"brd_sep\"> \u00bb <\/li> <li>404 no encontrado<\/li><\/ol><\/div>\t\t\t\t<\/div>\n\t\t\t\t<\/div>\n\t\t\t\t<\/div>\n\t\t<div class=\"elementor-element elementor-element-4e547b7 e-con-full e-flex e-con e-parent\" data-id=\"4e547b7\" data-element_type=\"container\" data-settings=\"{&quot;ekit_has_onepagescroll_dot&quot;:&quot;yes&quot;}\">\n\t\t<div class=\"elementor-element elementor-element-83bca71 e-con-full e-flex e-con e-child\" data-id=\"83bca71\" data-element_type=\"container\" data-settings=\"{&quot;ekit_has_onepagescroll_dot&quot;:&quot;yes&quot;}\">\n\t\t\t\t<div class=\"elementor-element elementor-element-25a3ca3 elementor-widget elementor-widget-heading\" data-id=\"25a3ca3\" data-element_type=\"widget\" data-settings=\"{&quot;ekit_we_effect_on&quot;:&quot;none&quot;}\" data-widget_type=\"heading.default\">\n\t\t\t\t<div class=\"elementor-widget-container\">\n\t\t\t\t\t<h1 class=\"elementor-heading-title elementor-size-default\">Conocimientos<\/h1>\t\t\t\t<\/div>\n\t\t\t\t<\/div>\n\t\t\t\t<div class=\"elementor-element elementor-element-374ade9 elementor-widget-divider--view-line elementor-widget elementor-widget-divider\" data-id=\"374ade9\" data-element_type=\"widget\" data-settings=\"{&quot;ekit_we_effect_on&quot;:&quot;none&quot;}\" data-widget_type=\"divider.default\">\n\t\t\t\t<div class=\"elementor-widget-container\">\n\t\t\t\t\t\t\t<div class=\"elementor-divider\">\n\t\t\t<span class=\"elementor-divider-separator\">\n\t\t\t\t\t\t<\/span>\n\t\t<\/div>\n\t\t\t\t\t\t<\/div>\n\t\t\t\t<\/div>\n\t\t<div class=\"elementor-element elementor-element-9e10a25 e-con-full e-flex e-con e-child\" data-id=\"9e10a25\" data-element_type=\"container\" data-settings=\"{&quot;ekit_has_onepagescroll_dot&quot;:&quot;yes&quot;}\">\n\t\t\t\t<div class=\"elementor-element elementor-element-1da8c66 elementor-widget elementor-widget-uael-posts\" data-id=\"1da8c66\" data-element_type=\"widget\" data-settings=\"{&quot;classic_slides_to_show&quot;:3,&quot;classic_slides_to_show_tablet&quot;:2,&quot;classic_slides_to_show_mobile&quot;:1,&quot;classic_pagination_type&quot;:&quot;ajax&quot;,&quot;classic_show_filters&quot;:&quot;no&quot;,&quot;ekit_we_effect_on&quot;:&quot;none&quot;}\" data-widget_type=\"uael-posts.classic\">\n\t\t\t\t<div class=\"elementor-widget-container\">\n\t\t\t\t\t\t\t<div class=\"uael-post__header\">\n\t\t\t\t\t<\/div>\n\t\t<div class=\"uael-post__body\">\n\t\t\t\n\t\t\n\t\t<div class=\"uael-blog-terms-position-above_content uael-post-image-top uael-post-grid uael-posts\" data-query-type=\"custom\" data-structure=\"normal\" data-layout=\"\" data-page=\"1410\" data-skin=\"classic\" data-filter-default=\"\" data-offset-top=\"30\" >\n\n\t\t\t\t\t\t\t<div class=\"uael-post-grid__inner uael-post__columns-3 uael-post__columns-tablet-2 uael-post__columns-mobile-1\">\n\t\t\t\n<div class=\"uael-post-wrapper   company-news\">\n\t<div class=\"uael-post__bg-wrap uael-bg-wrap-disabled\">\n\n\t\t\t\t\n\t\t<div class=\"uael-post__inner-wrap uael-inner-wrap-disabled\">\n\n\t\t\t\t<div class=\"uael-post__thumbnail\">\n\t\t\t\n\t\t\t<a href=\"https:\/\/fenggrill.com\/es\/chinese-new-year-holiday-schedule\/\" target=\"_self\" title=\"Calendario festivo del A\u00f1o Nuevo Chino 2026\"><img fetchpriority=\"high\" decoding=\"async\" width=\"1920\" height=\"1080\" src=\"https:\/\/fenggrill.com\/wp-content\/uploads\/2026\/02\/NEW_YEAR.jpg\" class=\"attachment-full size-full wp-image-2942\" alt=\"\" srcset=\"https:\/\/fenggrill.com\/wp-content\/uploads\/2026\/02\/NEW_YEAR.jpg 1920w, https:\/\/fenggrill.com\/wp-content\/uploads\/2026\/02\/NEW_YEAR-300x169.jpg 300w, https:\/\/fenggrill.com\/wp-content\/uploads\/2026\/02\/NEW_YEAR-1024x576.jpg 1024w, https:\/\/fenggrill.com\/wp-content\/uploads\/2026\/02\/NEW_YEAR-768x432.jpg 768w, https:\/\/fenggrill.com\/wp-content\/uploads\/2026\/02\/NEW_YEAR-1536x864.jpg 1536w, https:\/\/fenggrill.com\/wp-content\/uploads\/2026\/02\/NEW_YEAR-18x10.jpg 18w, https:\/\/fenggrill.com\/wp-content\/uploads\/2026\/02\/NEW_YEAR-600x338.jpg 600w\" sizes=\"(max-width: 1920px) 100vw, 1920px\" \/><\/a>\n\t\t\t\t\t<\/div>\n\t\t\n\t\t\t\n\t\t\t<div class=\"uael-post__content-wrap uael-content-wrap-disabled\">\n\t\t\t\t\t\t\t<div class=\"uael-post__terms-wrap\"><span class=\"uael-post__terms\"><a href=\"https:\/\/fenggrill.com\/es\/category\/company-news\/\" class=\"uael-listing__terms-link\" id=\"uael-post-term-company-news\" aria-labelledby=\"uael-post-term-company-news\">Noticias de empresa<\/a><\/span><\/div>\n\t\t\t\t\t\t<h2 class=\"uael-post__title\">\n\n\t\t\n\t\t\t\t\t\t<a href=\"https:\/\/fenggrill.com\/es\/chinese-new-year-holiday-schedule\/\" target=\"_self\">\n\t\t\t\tCalendario festivo del A\u00f1o Nuevo Chino 2026\t\t\t<\/a>\n\n\t\t\t\t<\/h2>\n\t\t\t\t\t<div class=\"uael-post__meta-data\">\n\t\t\t\t\t<span class=\"uael-post__date\">\n\t\t\t\t\t\t\t\t\t\t\t\t\t<i aria-hidden=\"true\" class=\"fa fa-calendar\"><\/i>\t\t\t\t\t\t\t\t\t\n\t\t\t02\/02\/2026\t\t<\/span>\n\t\t\t\t<\/div>\n\t\t\n\t\t<div class=\"uael-post__excerpt\">\n\t\t\tEstimados clientes y socios, A medida que se acerca el A\u00f1o del Caballo 2026, nos gustar\u00eda agradecerles sinceramente su confianza y ...\t\t<\/div>\n\n\t\t\t\t\t<\/div>\n\t\t\t\n\t\t<\/div>\n\t\t\n\t<\/div>\n\n<\/div>\n\n<div class=\"uael-post-wrapper   knowledge\">\n\t<div class=\"uael-post__bg-wrap uael-bg-wrap-disabled\">\n\n\t\t\t\t\n\t\t<div class=\"uael-post__inner-wrap uael-inner-wrap-disabled\">\n\n\t\t\t\t<div class=\"uael-post__thumbnail\">\n\t\t\t\n\t\t\t<a href=\"https:\/\/fenggrill.com\/es\/greek-souvla-vs-american-rotisserie\/\" target=\"_self\" title=\"Souvla griego vs asador americano: Cu\u00e1les son las diferencias\"><img decoding=\"async\" width=\"1920\" height=\"1080\" src=\"https:\/\/fenggrill.com\/wp-content\/uploads\/2026\/02\/greek-gyros.jpg\" class=\"attachment-full size-full wp-image-2879\" alt=\"\" srcset=\"https:\/\/fenggrill.com\/wp-content\/uploads\/2026\/02\/greek-gyros.jpg 1920w, https:\/\/fenggrill.com\/wp-content\/uploads\/2026\/02\/greek-gyros-300x169.jpg 300w, https:\/\/fenggrill.com\/wp-content\/uploads\/2026\/02\/greek-gyros-1024x576.jpg 1024w, https:\/\/fenggrill.com\/wp-content\/uploads\/2026\/02\/greek-gyros-768x432.jpg 768w, https:\/\/fenggrill.com\/wp-content\/uploads\/2026\/02\/greek-gyros-1536x864.jpg 1536w, https:\/\/fenggrill.com\/wp-content\/uploads\/2026\/02\/greek-gyros-18x10.jpg 18w, https:\/\/fenggrill.com\/wp-content\/uploads\/2026\/02\/greek-gyros-600x338.jpg 600w\" sizes=\"(max-width: 1920px) 100vw, 1920px\" \/><\/a>\n\t\t\t\t\t<\/div>\n\t\t\n\t\t\t\n\t\t\t<div class=\"uael-post__content-wrap uael-content-wrap-disabled\">\n\t\t\t\t\t\t\t<div class=\"uael-post__terms-wrap\"><span class=\"uael-post__terms\"><a href=\"https:\/\/fenggrill.com\/es\/category\/knowledge\/\" class=\"uael-listing__terms-link\" id=\"uael-post-term-knowledge\" aria-labelledby=\"uael-post-term-knowledge\">Conocimientos<\/a><\/span><\/div>\n\t\t\t\t\t\t<h2 class=\"uael-post__title\">\n\n\t\t\n\t\t\t\t\t\t<a href=\"https:\/\/fenggrill.com\/es\/greek-souvla-vs-american-rotisserie\/\" target=\"_self\">\n\t\t\t\tSouvla griego vs asador americano: Cu\u00e1les son las diferencias\t\t\t<\/a>\n\n\t\t\t\t<\/h2>\n\t\t\t\t\t<div class=\"uael-post__meta-data\">\n\t\t\t\t\t<span class=\"uael-post__date\">\n\t\t\t\t\t\t\t\t\t\t\t\t\t<i aria-hidden=\"true\" class=\"fa fa-calendar\"><\/i>\t\t\t\t\t\t\t\t\t\n\t\t\t02\/01\/2026\t\t<\/span>\n\t\t\t\t<\/div>\n\t\t\n\t\t<div class=\"uael-post__excerpt\">\n\t\t\tEl souvla griego y el asador americano se refieren a m\u00e9todos espec\u00edficos de asar a la parrilla que difieren en los ingredientes y el equipo de cocina, pero ambos tienen una larga historia. Este art\u00edculo...\t\t<\/div>\n\n\t\t\t\t\t<\/div>\n\t\t\t\n\t\t<\/div>\n\t\t\n\t<\/div>\n\n<\/div>\n\n<div class=\"uael-post-wrapper   knowledge\">\n\t<div class=\"uael-post__bg-wrap uael-bg-wrap-disabled\">\n\n\t\t\t\t\n\t\t<div class=\"uael-post__inner-wrap uael-inner-wrap-disabled\">\n\n\t\t\t\t<div class=\"uael-post__thumbnail\">\n\t\t\t\n\t\t\t<a href=\"https:\/\/fenggrill.com\/es\/what-is-the-best-speed-for-a-barbecue-grill-motor\/\" target=\"_self\" title=\"\u00bfCu\u00e1l es la mejor velocidad para un motor de barbacoa?\"><img decoding=\"async\" width=\"1920\" height=\"1080\" src=\"https:\/\/fenggrill.com\/wp-content\/uploads\/2026\/01\/grill-motor-1.jpg\" class=\"attachment-full size-full wp-image-2803\" alt=\"\" srcset=\"https:\/\/fenggrill.com\/wp-content\/uploads\/2026\/01\/grill-motor-1.jpg 1920w, https:\/\/fenggrill.com\/wp-content\/uploads\/2026\/01\/grill-motor-1-300x169.jpg 300w, https:\/\/fenggrill.com\/wp-content\/uploads\/2026\/01\/grill-motor-1-1024x576.jpg 1024w, https:\/\/fenggrill.com\/wp-content\/uploads\/2026\/01\/grill-motor-1-768x432.jpg 768w, https:\/\/fenggrill.com\/wp-content\/uploads\/2026\/01\/grill-motor-1-1536x864.jpg 1536w, https:\/\/fenggrill.com\/wp-content\/uploads\/2026\/01\/grill-motor-1-18x10.jpg 18w, https:\/\/fenggrill.com\/wp-content\/uploads\/2026\/01\/grill-motor-1-600x338.jpg 600w\" sizes=\"(max-width: 1920px) 100vw, 1920px\" \/><\/a>\n\t\t\t\t\t<\/div>\n\t\t\n\t\t\t\n\t\t\t<div class=\"uael-post__content-wrap uael-content-wrap-disabled\">\n\t\t\t\t\t\t\t<div class=\"uael-post__terms-wrap\"><span class=\"uael-post__terms\"><a href=\"https:\/\/fenggrill.com\/es\/category\/knowledge\/\" class=\"uael-listing__terms-link\" id=\"uael-post-term-knowledge\" aria-labelledby=\"uael-post-term-knowledge\">Conocimientos<\/a><\/span><\/div>\n\t\t\t\t\t\t<h2 class=\"uael-post__title\">\n\n\t\t\n\t\t\t\t\t\t<a href=\"https:\/\/fenggrill.com\/es\/what-is-the-best-speed-for-a-barbecue-grill-motor\/\" target=\"_self\">\n\t\t\t\t\u00bfCu\u00e1l es la mejor velocidad para un motor de barbacoa?\t\t\t<\/a>\n\n\t\t\t\t<\/h2>\n\t\t\t\t\t<div class=\"uael-post__meta-data\">\n\t\t\t\t\t<span class=\"uael-post__date\">\n\t\t\t\t\t\t\t\t\t\t\t\t\t<i aria-hidden=\"true\" class=\"fa fa-calendar\"><\/i>\t\t\t\t\t\t\t\t\t\n\t\t\t01\/29\/2026\t\t<\/span>\n\t\t\t\t<\/div>\n\t\t\n\t\t<div class=\"uael-post__excerpt\">\n\t\t\tLa velocidad de rotaci\u00f3n de los motores de las parrillas que se ven habitualmente en el mercado suele ser de 2-4 RPM. \u00bfEs \u00e9sta la velocidad \u00f3ptima? \u00bfO es una velocidad demasiado ...\t\t<\/div>\n\n\t\t\t\t\t<\/div>\n\t\t\t\n\t\t<\/div>\n\t\t\n\t<\/div>\n\n<\/div>\n\n<div class=\"uael-post-wrapper   knowledge\">\n\t<div class=\"uael-post__bg-wrap uael-bg-wrap-disabled\">\n\n\t\t\t\t\n\t\t<div class=\"uael-post__inner-wrap uael-inner-wrap-disabled\">\n\n\t\t\t\t<div class=\"uael-post__thumbnail\">\n\t\t\t\n\t\t\t<a href=\"https:\/\/fenggrill.com\/es\/how-to-choose-the-bbq-motor\/\" target=\"_self\" title=\"\u00bfC\u00f3mo elegir el motor de asador adecuado? (Versi\u00f3n Completa)\"><img loading=\"lazy\" decoding=\"async\" width=\"1920\" height=\"1080\" src=\"https:\/\/fenggrill.com\/wp-content\/uploads\/2026\/01\/how-to-choose-the-right-bbq-motor.jpg\" class=\"attachment-full size-full wp-image-2304\" alt=\"\" srcset=\"https:\/\/fenggrill.com\/wp-content\/uploads\/2026\/01\/how-to-choose-the-right-bbq-motor.jpg 1920w, https:\/\/fenggrill.com\/wp-content\/uploads\/2026\/01\/how-to-choose-the-right-bbq-motor-300x169.jpg 300w, https:\/\/fenggrill.com\/wp-content\/uploads\/2026\/01\/how-to-choose-the-right-bbq-motor-1024x576.jpg 1024w, https:\/\/fenggrill.com\/wp-content\/uploads\/2026\/01\/how-to-choose-the-right-bbq-motor-768x432.jpg 768w, https:\/\/fenggrill.com\/wp-content\/uploads\/2026\/01\/how-to-choose-the-right-bbq-motor-1536x864.jpg 1536w, https:\/\/fenggrill.com\/wp-content\/uploads\/2026\/01\/how-to-choose-the-right-bbq-motor-600x338.jpg 600w\" sizes=\"(max-width: 1920px) 100vw, 1920px\" \/><\/a>\n\t\t\t\t\t<\/div>\n\t\t\n\t\t\t\n\t\t\t<div class=\"uael-post__content-wrap uael-content-wrap-disabled\">\n\t\t\t\t\t\t\t<div class=\"uael-post__terms-wrap\"><span class=\"uael-post__terms\"><a href=\"https:\/\/fenggrill.com\/es\/category\/knowledge\/\" class=\"uael-listing__terms-link\" id=\"uael-post-term-knowledge\" aria-labelledby=\"uael-post-term-knowledge\">Conocimientos<\/a><\/span><\/div>\n\t\t\t\t\t\t<h2 class=\"uael-post__title\">\n\n\t\t\n\t\t\t\t\t\t<a href=\"https:\/\/fenggrill.com\/es\/how-to-choose-the-bbq-motor\/\" target=\"_self\">\n\t\t\t\t\u00bfC\u00f3mo elegir el motor de asador adecuado? (Versi\u00f3n Completa)\t\t\t<\/a>\n\n\t\t\t\t<\/h2>\n\t\t\t\t\t<div class=\"uael-post__meta-data\">\n\t\t\t\t\t<span class=\"uael-post__date\">\n\t\t\t\t\t\t\t\t\t\t\t\t\t<i aria-hidden=\"true\" class=\"fa fa-calendar\"><\/i>\t\t\t\t\t\t\t\t\t\n\t\t\t01\/19\/2026\t\t<\/span>\n\t\t\t\t<\/div>\n\t\t\n\t\t<div class=\"uael-post__excerpt\">\n\t\t\tTanto si es usted un amante de las barbacoas de jard\u00edn como si se dedica profesionalmente a la fabricaci\u00f3n de parrillas, la elecci\u00f3n del motor de asador adecuado es fundamental para el rendimiento, la seguridad y la fiabilidad a largo plazo. Como ...\t\t<\/div>\n\n\t\t\t\t\t<\/div>\n\t\t\t\n\t\t<\/div>\n\t\t\n\t<\/div>\n\n<\/div>\n\t\t\t\t<\/div>\n\t\t\t\t\t\t\n\t\t<\/div>\n\n\t\t\t\t\t\t<\/div>\n\t\t<div class=\"uael-post__footer\">\n\t\t\t\t\t<\/div>\n\t\t\t\t\t\t<\/div>\n\t\t\t\t<\/div>\n\t\t\t\t<\/div>\n\t\t\t\t<\/div>\n\t\t\t\t<\/div>\n\t\t\t\t<\/div>","protected":false},"excerpt":{"rendered":"<p>Home Knowledge Company News 2026 Chinese New Year Holiday Schedule 02\/02\/2026 Dear Valued Customers and Partners, As the 2026 Year of the Horse approaches, we would like to sincerely thank you for your continued trust and &#8230; Knowledge Greek Souvla vs American Rotisserie: What are the Differences 02\/01\/2026 Greek Souvla and American Rotisserie refer to [&hellip;]<\/p>","protected":false},"author":1,"featured_media":0,"parent":0,"menu_order":0,"comment_status":"closed","ping_status":"closed","template":"elementor_header_footer","meta":{"site-sidebar-layout":"no-sidebar","site-content-layout":"page-builder","ast-site-content-layout":"full-width-container","site-content-style":"default","site-sidebar-style":"default","ast-global-header-display":"disabled","ast-banner-title-visibility":"","ast-main-header-display":"","ast-hfb-above-header-display":"","ast-hfb-below-header-display":"","ast-hfb-mobile-header-display":"","site-post-title":"","ast-breadcrumbs-content":"","ast-featured-img":"disabled","footer-sml-layout":"","ast-disable-related-posts":"","theme-transparent-header-meta":"","adv-header-id-meta":"","stick-header-meta":"","header-above-stick-meta":"","header-main-stick-meta":"","header-below-stick-meta":"","astra-migrate-meta-layouts":"set","ast-page-background-enabled":"default","ast-page-background-meta":{"desktop":{"background-color":"var(--ast-global-color-4)","background-image":"","background-repeat":"repeat","background-position":"center center","background-size":"auto","background-attachment":"scroll","background-type":"","background-media":"","overlay-type":"","overlay-color":"","overlay-opacity":"","overlay-gradient":""},"tablet":{"background-color":"","background-image":"","background-repeat":"repeat","background-position":"center center","background-size":"auto","background-attachment":"scroll","background-type":"","background-media":"","overlay-type":"","overlay-color":"","overlay-opacity":"","overlay-gradient":""},"mobile":{"background-color":"","background-image":"","background-repeat":"repeat","background-position":"center center","background-size":"auto","background-attachment":"scroll","background-type":"","background-media":"","overlay-type":"","overlay-color":"","overlay-opacity":"","overlay-gradient":""}},"ast-content-background-meta":{"desktop":{"background-color":"var(--ast-global-color-5)","background-image":"","background-repeat":"repeat","background-position":"center center","background-size":"auto","background-attachment":"scroll","background-type":"","background-media":"","overlay-type":"","overlay-color":"","overlay-opacity":"","overlay-gradient":""},"tablet":{"background-color":"var(--ast-global-color-5)","background-image":"","background-repeat":"repeat","background-position":"center center","background-size":"auto","background-attachment":"scroll","background-type":"","background-media":"","overlay-type":"","overlay-color":"","overlay-opacity":"","overlay-gradient":""},"mobile":{"background-color":"var(--ast-global-color-5)","background-image":"","background-repeat":"repeat","background-position":"center center","background-size":"auto","background-attachment":"scroll","background-type":"","background-media":"","overlay-type":"","overlay-color":"","overlay-opacity":"","overlay-gradient":""}},"footnotes":""},"class_list":["post-1410","page","type-page","status-publish","hentry"],"yoast_head":"<!-- This site is optimized with the Yoast SEO Premium plugin v25.4 (Yoast SEO v25.4) - https:\/\/yoast.com\/wordpress\/plugins\/seo\/ -->\n<title>Company News and Industry Information - FengGrill<\/title>\n<meta name=\"description\" content=\"The latest news and industry information from FengGrill.\" \/>\n<meta name=\"robots\" content=\"index, follow, max-snippet:-1, max-image-preview:large, max-video-preview:-1\" \/>\n<link rel=\"canonical\" href=\"https:\/\/fenggrill.com\/es\/knowledge\/\" \/>\n<meta property=\"og:locale\" content=\"es_ES\" \/>\n<meta property=\"og:type\" content=\"article\" \/>\n<meta property=\"og:title\" content=\"Knowledge\" \/>\n<meta property=\"og:description\" content=\"The latest news and industry information from FengGrill.\" \/>\n<meta property=\"og:url\" content=\"https:\/\/fenggrill.com\/es\/knowledge\/\" \/>\n<meta property=\"og:site_name\" content=\"FengGrill\" \/>\n<meta property=\"article:modified_time\" content=\"2026-02-02T06:20:59+00:00\" \/>\n<meta property=\"og:image\" content=\"https:\/\/fenggrill.com\/wp-content\/uploads\/2026\/02\/NEW_YEAR.jpg\" \/>\n\t<meta property=\"og:image:width\" content=\"1920\" \/>\n\t<meta property=\"og:image:height\" content=\"1080\" \/>\n\t<meta property=\"og:image:type\" content=\"image\/jpeg\" \/>\n<meta name=\"twitter:card\" content=\"summary_large_image\" \/>\n<meta name=\"twitter:label1\" content=\"Tiempo de lectura\" \/>\n\t<meta name=\"twitter:data1\" content=\"2 minutos\" \/>\n<script type=\"application\/ld+json\" class=\"yoast-schema-graph\">{\"@context\":\"https:\/\/schema.org\",\"@graph\":[{\"@type\":\"WebPage\",\"@id\":\"https:\/\/fenggrill.com\/knowledge\/\",\"url\":\"https:\/\/fenggrill.com\/knowledge\/\",\"name\":\"Company News and Industry Information - FengGrill\",\"isPartOf\":{\"@id\":\"https:\/\/fenggrill.com\/#website\"},\"primaryImageOfPage\":{\"@id\":\"https:\/\/fenggrill.com\/knowledge\/#primaryimage\"},\"image\":{\"@id\":\"https:\/\/fenggrill.com\/knowledge\/#primaryimage\"},\"thumbnailUrl\":\"https:\/\/fenggrill.com\/wp-content\/uploads\/2026\/02\/NEW_YEAR.jpg\",\"datePublished\":\"2026-01-06T08:11:09+00:00\",\"dateModified\":\"2026-02-02T06:20:59+00:00\",\"description\":\"The latest news and industry information from FengGrill.\",\"breadcrumb\":{\"@id\":\"https:\/\/fenggrill.com\/knowledge\/#breadcrumb\"},\"inLanguage\":\"es\",\"potentialAction\":[{\"@type\":\"ReadAction\",\"target\":[\"https:\/\/fenggrill.com\/knowledge\/\"]}]},{\"@type\":\"ImageObject\",\"inLanguage\":\"es\",\"@id\":\"https:\/\/fenggrill.com\/knowledge\/#primaryimage\",\"url\":\"https:\/\/fenggrill.com\/wp-content\/uploads\/2026\/02\/NEW_YEAR.jpg\",\"contentUrl\":\"https:\/\/fenggrill.com\/wp-content\/uploads\/2026\/02\/NEW_YEAR.jpg\"},{\"@type\":\"BreadcrumbList\",\"@id\":\"https:\/\/fenggrill.com\/knowledge\/#breadcrumb\",\"itemListElement\":[{\"@type\":\"ListItem\",\"position\":1,\"name\":\"\u9996\u9875\",\"item\":\"https:\/\/fenggrill.com\/\"},{\"@type\":\"ListItem\",\"position\":2,\"name\":\"Knowledge\"}]},{\"@type\":\"WebSite\",\"@id\":\"https:\/\/fenggrill.com\/#website\",\"url\":\"https:\/\/fenggrill.com\/\",\"name\":\"FengGrill\",\"description\":\"Rotisserie Motors Manufacturer\",\"publisher\":{\"@id\":\"https:\/\/fenggrill.com\/#organization\"},\"potentialAction\":[{\"@type\":\"SearchAction\",\"target\":{\"@type\":\"EntryPoint\",\"urlTemplate\":\"https:\/\/fenggrill.com\/?s={search_term_string}\"},\"query-input\":{\"@type\":\"PropertyValueSpecification\",\"valueRequired\":true,\"valueName\":\"search_term_string\"}}],\"inLanguage\":\"es\"},{\"@type\":\"Organization\",\"@id\":\"https:\/\/fenggrill.com\/#organization\",\"name\":\"FengGrill\",\"url\":\"https:\/\/fenggrill.com\/\",\"logo\":{\"@type\":\"ImageObject\",\"inLanguage\":\"es\",\"@id\":\"https:\/\/fenggrill.com\/#\/schema\/logo\/image\/\",\"url\":\"https:\/\/fenggrill.com\/wp-content\/uploads\/2026\/01\/FENGGRILL2.svg\",\"contentUrl\":\"https:\/\/fenggrill.com\/wp-content\/uploads\/2026\/01\/FENGGRILL2.svg\",\"width\":500,\"height\":100,\"caption\":\"FengGrill\"},\"image\":{\"@id\":\"https:\/\/fenggrill.com\/#\/schema\/logo\/image\/\"}}]}<\/script>\n<!-- \/ Yoast SEO Premium plugin. -->","yoast_head_json":{"title":"Company News and Industry Information - FengGrill","description":"The latest news and industry information from FengGrill.","robots":{"index":"index","follow":"follow","max-snippet":"max-snippet:-1","max-image-preview":"max-image-preview:large","max-video-preview":"max-video-preview:-1"},"canonical":"https:\/\/fenggrill.com\/es\/knowledge\/","og_locale":"es_ES","og_type":"article","og_title":"Knowledge","og_description":"The latest news and industry information from FengGrill.","og_url":"https:\/\/fenggrill.com\/es\/knowledge\/","og_site_name":"FengGrill","article_modified_time":"2026-02-02T06:20:59+00:00","og_image":[{"width":1920,"height":1080,"url":"https:\/\/fenggrill.com\/wp-content\/uploads\/2026\/02\/NEW_YEAR.jpg","type":"image\/jpeg"}],"twitter_card":"summary_large_image","twitter_misc":{"Tiempo de lectura":"2 minutos"},"schema":{"@context":"https:\/\/schema.org","@graph":[{"@type":"WebPage","@id":"https:\/\/fenggrill.com\/knowledge\/","url":"https:\/\/fenggrill.com\/knowledge\/","name":"Company News and Industry Information - FengGrill","isPartOf":{"@id":"https:\/\/fenggrill.com\/#website"},"primaryImageOfPage":{"@id":"https:\/\/fenggrill.com\/knowledge\/#primaryimage"},"image":{"@id":"https:\/\/fenggrill.com\/knowledge\/#primaryimage"},"thumbnailUrl":"https:\/\/fenggrill.com\/wp-content\/uploads\/2026\/02\/NEW_YEAR.jpg","datePublished":"2026-01-06T08:11:09+00:00","dateModified":"2026-02-02T06:20:59+00:00","description":"The latest news and industry information from FengGrill.","breadcrumb":{"@id":"https:\/\/fenggrill.com\/knowledge\/#breadcrumb"},"inLanguage":"es","potentialAction":[{"@type":"ReadAction","target":["https:\/\/fenggrill.com\/knowledge\/"]}]},{"@type":"ImageObject","inLanguage":"es","@id":"https:\/\/fenggrill.com\/knowledge\/#primaryimage","url":"https:\/\/fenggrill.com\/wp-content\/uploads\/2026\/02\/NEW_YEAR.jpg","contentUrl":"https:\/\/fenggrill.com\/wp-content\/uploads\/2026\/02\/NEW_YEAR.jpg"},{"@type":"BreadcrumbList","@id":"https:\/\/fenggrill.com\/knowledge\/#breadcrumb","itemListElement":[{"@type":"ListItem","position":1,"name":"\u9996\u9875","item":"https:\/\/fenggrill.com\/"},{"@type":"ListItem","position":2,"name":"Knowledge"}]},{"@type":"WebSite","@id":"https:\/\/fenggrill.com\/#website","url":"https:\/\/fenggrill.com\/","name":"FengGrill","description":"Rotisserie Motors Fabricantes","publisher":{"@id":"https:\/\/fenggrill.com\/#organization"},"potentialAction":[{"@type":"SearchAction","target":{"@type":"EntryPoint","urlTemplate":"https:\/\/fenggrill.com\/?s={search_term_string}"},"query-input":{"@type":"PropertyValueSpecification","valueRequired":true,"valueName":"search_term_string"}}],"inLanguage":"es"},{"@type":"Organization","@id":"https:\/\/fenggrill.com\/#organization","name":"FengGrill","url":"https:\/\/fenggrill.com\/","logo":{"@type":"ImageObject","inLanguage":"es","@id":"https:\/\/fenggrill.com\/#\/schema\/logo\/image\/","url":"https:\/\/fenggrill.com\/wp-content\/uploads\/2026\/01\/FENGGRILL2.svg","contentUrl":"https:\/\/fenggrill.com\/wp-content\/uploads\/2026\/01\/FENGGRILL2.svg","width":500,"height":100,"caption":"FengGrill"},"image":{"@id":"https:\/\/fenggrill.com\/#\/schema\/logo\/image\/"}}]}},"_links":{"self":[{"href":"https:\/\/fenggrill.com\/es\/wp-json\/wp\/v2\/pages\/1410","targetHints":{"allow":["GET"]}}],"collection":[{"href":"https:\/\/fenggrill.com\/es\/wp-json\/wp\/v2\/pages"}],"about":[{"href":"https:\/\/fenggrill.com\/es\/wp-json\/wp\/v2\/types\/page"}],"author":[{"embeddable":true,"href":"https:\/\/fenggrill.com\/es\/wp-json\/wp\/v2\/users\/1"}],"replies":[{"embeddable":true,"href":"https:\/\/fenggrill.com\/es\/wp-json\/wp\/v2\/comments?post=1410"}],"version-history":[{"count":17,"href":"https:\/\/fenggrill.com\/es\/wp-json\/wp\/v2\/pages\/1410\/revisions"}],"predecessor-version":[{"id":2968,"href":"https:\/\/fenggrill.com\/es\/wp-json\/wp\/v2\/pages\/1410\/revisions\/2968"}],"wp:attachment":[{"href":"https:\/\/fenggrill.com\/es\/wp-json\/wp\/v2\/media?parent=1410"}],"curies":[{"name":"wp","href":"https:\/\/api.w.org\/{rel}","templated":true}]}}