{"id":2768,"date":"2026-01-24T14:43:58","date_gmt":"2026-01-24T06:43:58","guid":{"rendered":"https:\/\/fenggrill.com\/?post_type=product&#038;p=2768"},"modified":"2026-01-24T14:54:03","modified_gmt":"2026-01-24T06:54:03","slug":"52w-15rpm-green-motor-suitable-for-roasting-lamb-and-chicken","status":"publish","type":"product","link":"https:\/\/fenggrill.com\/de\/produkt\/52w-15rpm-green-motor-suitable-for-roasting-lamb-and-chicken\/","title":{"rendered":"52W 15RPM Gr\u00fcner Motor Geeignet zum Braten von Lamm und Huhn"},"content":{"rendered":"<p>Dieser gr\u00fcne Grillmotor mit 15 Umdrehungen pro Minute und einer Leistung von 52 W ist ideal zum Braten von Lamm und H\u00e4hnchen. Er ist leicht zu bedienen; setzen Sie einfach die Metallteile zusammen. Der interne Motor verf\u00fcgt \u00fcber ein K\u00fchlgebl\u00e4se, das auch bei hohen Temperaturen einen Motorausfall verhindert.<br \/>\nDas Metallgeh\u00e4use und der interne Motorl\u00fcfter sorgen f\u00fcr eine hervorragende W\u00e4rmeableitung, so dass dieser Motor \u00fcber 5 Stunden lang ununterbrochen arbeiten kann.<br \/>\n<strong>Das Paket enth\u00e4lt:<\/strong> 1 x Motor, 1 x Netzkabel<br \/>\n<strong>Optional:<\/strong> Metallb\u00fcgel<br \/>\n<strong>Schutz der Sicherheit:<\/strong> Ausgestattet mit einer Sicherung, die sich bei \u00dcberlastung des Motors automatisch abschaltet.<\/p>\n<p><strong>Zu den Anpassungsoptionen geh\u00f6ren:<\/strong> Motorparameter, Verpackung, Zubeh\u00f6r, Abmessungen, usw.<\/p>","protected":false},"excerpt":{"rendered":"<table style=\"width: 100%; border-collapse: collapse; font-size: 14px;\">\n<tbody>\n<tr>\n<th style=\"text-align: left; padding: 8px; border: 1px solid #ddd;\">Abmessungen<\/th>\n<td style=\"padding: 8px; border: 1px solid #ddd;\">130 \u00d7 90 \u00d7 150 mm<\/td>\n<\/tr>\n<tr>\n<th style=\"text-align: left; padding: 8px; border: 1px solid #ddd;\">Tragf\u00e4higkeit<\/th>\n<td style=\"padding: 8px; border: 1px solid #ddd;\">Empfohlene Belastung: \u226418 kg (Dauerbetrieb)<br \/>\nMax. gepr\u00fcfte Last: 20 kg<\/td>\n<\/tr>\n<tr>\n<th style=\"text-align: left; padding: 8px; border: 1px solid #ddd;\">Geschwindigkeit<\/th>\n<td style=\"padding: 8px; border: 1px solid #ddd;\">15 U\/MIN<\/td>\n<\/tr>\n<tr>\n<th style=\"text-align: left; padding: 8px; border: 1px solid #ddd;\">Richtung der Drehung<\/th>\n<td style=\"padding: 8px; border: 1px solid #ddd;\">CW<\/td>\n<\/tr>\n<tr>\n<th style=\"text-align: left; padding: 8px; border: 1px solid #ddd;\">Spannung\/Frequenz<\/th>\n<td style=\"padding: 8px; border: 1px solid #ddd;\">230V 50Hz<\/td>\n<\/tr>\n<tr>\n<th style=\"text-align: left; padding: 8px; border: 1px solid #ddd;\">Motor Typ<\/th>\n<td style=\"padding: 8px; border: 1px solid #ddd;\">AC-Spaltpolmotor<\/td>\n<\/tr>\n<tr>\n<th style=\"text-align: left; padding: 8px; border: 1px solid #ddd;\">Ausgangswelle<\/th>\n<td style=\"padding: 8px; border: 1px solid #ddd;\">Fr\u00e4sspindel (anpassbar)<\/td>\n<\/tr>\n<tr>\n<th style=\"text-align: left; padding: 8px; border: 1px solid #ddd;\">Strom<\/th>\n<td style=\"padding: 8px; border: 1px solid #ddd;\">52 W (Leerlaufleistung)<\/td>\n<\/tr>\n<tr>\n<th style=\"text-align: left; padding: 8px; border: 1px solid #ddd;\">Montagemethode<\/th>\n<td style=\"padding: 8px; border: 1px solid #ddd;\">Befestigung der Halterung<\/td>\n<\/tr>\n<tr>\n<th style=\"text-align: left; padding: 8px; border: 1px solid #ddd;\">Dienstart<\/th>\n<td style=\"padding: 8px; border: 1px solid #ddd;\">Kontinuierlicher Betrieb<\/td>\n<\/tr>\n<tr>\n<th style=\"text-align: left; padding: 8px; border: 1px solid #ddd;\">Anwendungen<\/th>\n<td style=\"padding: 8px; border: 1px solid #ddd;\">BBQ-Grills \/ Rotisserie-Systeme \/ ganze H\u00e4hnchen braten<\/td>\n<\/tr>\n<tr>\n<th style=\"text-align: left; padding: 8px; border: 1px solid #ddd;\">Anpassungsdienst<\/th>\n<td style=\"padding: 8px; border: 1px solid #ddd;\">OEM \/ ODM unterst\u00fctzt; Parameter und Verpackung sind anpassbar<\/td>\n<\/tr>\n<\/tbody>\n<\/table>","protected":false},"featured_media":2769,"template":"","meta":{"site-sidebar-layout":"default","site-content-layout":"","ast-site-content-layout":"full-width-container","site-content-style":"default","site-sidebar-style":"default","ast-global-header-display":"","ast-banner-title-visibility":"","ast-main-header-display":"","ast-hfb-above-header-display":"","ast-hfb-below-header-display":"","ast-hfb-mobile-header-display":"","site-post-title":"","ast-breadcrumbs-content":"","ast-featured-img":"","footer-sml-layout":"","ast-disable-related-posts":"","theme-transparent-header-meta":"default","adv-header-id-meta":"","stick-header-meta":"","header-above-stick-meta":"","header-main-stick-meta":"","header-below-stick-meta":"","astra-migrate-meta-layouts":"set","ast-page-background-enabled":"default","ast-page-background-meta":{"desktop":{"background-color":"var(--ast-global-color-4)","background-image":"","background-repeat":"repeat","background-position":"center center","background-size":"auto","background-attachment":"scroll","background-type":"","background-media":"","overlay-type":"","overlay-color":"","overlay-opacity":"","overlay-gradient":""},"tablet":{"background-color":"","background-image":"","background-repeat":"repeat","background-position":"center center","background-size":"auto","background-attachment":"scroll","background-type":"","background-media":"","overlay-type":"","overlay-color":"","overlay-opacity":"","overlay-gradient":""},"mobile":{"background-color":"","background-image":"","background-repeat":"repeat","background-position":"center center","background-size":"auto","background-attachment":"scroll","background-type":"","background-media":"","overlay-type":"","overlay-color":"","overlay-opacity":"","overlay-gradient":""}},"ast-content-background-meta":{"desktop":{"background-color":"var(--ast-global-color-5)","background-image":"","background-repeat":"repeat","background-position":"center center","background-size":"auto","background-attachment":"scroll","background-type":"","background-media":"","overlay-type":"","overlay-color":"","overlay-opacity":"","overlay-gradient":""},"tablet":{"background-color":"var(--ast-global-color-5)","background-image":"","background-repeat":"repeat","background-position":"center center","background-size":"auto","background-attachment":"scroll","background-type":"","background-media":"","overlay-type":"","overlay-color":"","overlay-opacity":"","overlay-gradient":""},"mobile":{"background-color":"var(--ast-global-color-5)","background-image":"","background-repeat":"repeat","background-position":"center center","background-size":"auto","background-attachment":"scroll","background-type":"","background-media":"","overlay-type":"","overlay-color":"","overlay-opacity":"","overlay-gradient":""}}},"product_brand":[],"product_cat":[31],"product_tag":[54,36,53],"class_list":{"0":"post-2768","1":"product","2":"type-product","3":"status-publish","4":"has-post-thumbnail","6":"product_cat-ac-rotisserie-motors","7":"product_tag-ac-bbq-motor","8":"product_tag-rotisserie-motor-for-chicken","9":"product_tag-rotisserie-motor-for-lamb","10":"desktop-align-left","11":"tablet-align-left","12":"mobile-align-left","14":"first","15":"instock","16":"shipping-taxable","17":"product-type-simple"},"yoast_head":"<!-- This site is optimized with the Yoast SEO Premium plugin v25.4 (Yoast SEO v25.4) - https:\/\/yoast.com\/wordpress\/plugins\/seo\/ -->\n<title>52W 15RPM Green Motor Suitable for Roasting Lamb and Chicken - FengGrill<\/title>\n<meta name=\"description\" content=\"This green 15 RPM barbecue motor has a power output of 52W, making it ideal for roasting lamb and chicken. It&#039;s easy to use; simply assemble the metal components. The internal motor features a cooling fan, preventing motor failure even in high-temperature environments.\" \/>\n<meta name=\"robots\" content=\"index, follow, max-snippet:-1, max-image-preview:large, max-video-preview:-1\" \/>\n<link rel=\"canonical\" href=\"https:\/\/fenggrill.com\/de\/produkt\/52w-15rpm-green-motor-suitable-for-roasting-lamb-and-chicken\/\" \/>\n<meta property=\"og:locale\" content=\"de_DE\" \/>\n<meta property=\"og:type\" content=\"article\" \/>\n<meta property=\"og:title\" content=\"52W 15RPM Green Motor Suitable for Roasting Lamb and Chicken\" \/>\n<meta property=\"og:description\" content=\"This green 15 RPM barbecue motor has a power output of 52W, making it ideal for roasting lamb and chicken. It&#039;s easy to use; simply assemble the metal components. The internal motor features a cooling fan, preventing motor failure even in high-temperature environments.\" \/>\n<meta property=\"og:url\" content=\"https:\/\/fenggrill.com\/de\/produkt\/52w-15rpm-green-motor-suitable-for-roasting-lamb-and-chicken\/\" \/>\n<meta property=\"og:site_name\" content=\"FengGrill\" \/>\n<meta property=\"article:modified_time\" content=\"2026-01-24T06:54:03+00:00\" \/>\n<meta property=\"og:image\" content=\"https:\/\/fenggrill.com\/wp-content\/uploads\/2026\/01\/green.png\" \/>\n\t<meta property=\"og:image:width\" content=\"1600\" \/>\n\t<meta property=\"og:image:height\" content=\"1600\" \/>\n\t<meta property=\"og:image:type\" content=\"image\/png\" \/>\n<meta name=\"twitter:card\" content=\"summary_large_image\" \/>\n<meta name=\"twitter:label1\" content=\"Gesch\u00e4tzte Lesezeit\" \/>\n\t<meta name=\"twitter:data1\" content=\"1\u00a0Minute\" \/>\n<script type=\"application\/ld+json\" class=\"yoast-schema-graph\">{\"@context\":\"https:\/\/schema.org\",\"@graph\":[{\"@type\":\"WebPage\",\"@id\":\"https:\/\/fenggrill.com\/product\/52w-15rpm-green-motor-suitable-for-roasting-lamb-and-chicken\/\",\"url\":\"https:\/\/fenggrill.com\/product\/52w-15rpm-green-motor-suitable-for-roasting-lamb-and-chicken\/\",\"name\":\"52W 15RPM Green Motor Suitable for Roasting Lamb and Chicken - FengGrill\",\"isPartOf\":{\"@id\":\"https:\/\/fenggrill.com\/#website\"},\"primaryImageOfPage\":{\"@id\":\"https:\/\/fenggrill.com\/product\/52w-15rpm-green-motor-suitable-for-roasting-lamb-and-chicken\/#primaryimage\"},\"image\":{\"@id\":\"https:\/\/fenggrill.com\/product\/52w-15rpm-green-motor-suitable-for-roasting-lamb-and-chicken\/#primaryimage\"},\"thumbnailUrl\":\"https:\/\/fenggrill.com\/wp-content\/uploads\/2026\/01\/green.png\",\"datePublished\":\"2026-01-24T06:43:58+00:00\",\"dateModified\":\"2026-01-24T06:54:03+00:00\",\"description\":\"This green 15 RPM barbecue motor has a power output of 52W, making it ideal for roasting lamb and chicken. It's easy to use; simply assemble the metal components. The internal motor features a cooling fan, preventing motor failure even in high-temperature environments.\",\"breadcrumb\":{\"@id\":\"https:\/\/fenggrill.com\/product\/52w-15rpm-green-motor-suitable-for-roasting-lamb-and-chicken\/#breadcrumb\"},\"inLanguage\":\"de\",\"potentialAction\":[{\"@type\":\"ReadAction\",\"target\":[\"https:\/\/fenggrill.com\/product\/52w-15rpm-green-motor-suitable-for-roasting-lamb-and-chicken\/\"]}]},{\"@type\":\"ImageObject\",\"inLanguage\":\"de\",\"@id\":\"https:\/\/fenggrill.com\/product\/52w-15rpm-green-motor-suitable-for-roasting-lamb-and-chicken\/#primaryimage\",\"url\":\"https:\/\/fenggrill.com\/wp-content\/uploads\/2026\/01\/green.png\",\"contentUrl\":\"https:\/\/fenggrill.com\/wp-content\/uploads\/2026\/01\/green.png\",\"width\":1600,\"height\":1600},{\"@type\":\"BreadcrumbList\",\"@id\":\"https:\/\/fenggrill.com\/product\/52w-15rpm-green-motor-suitable-for-roasting-lamb-and-chicken\/#breadcrumb\",\"itemListElement\":[{\"@type\":\"ListItem\",\"position\":1,\"name\":\"\u9996\u9875\",\"item\":\"https:\/\/fenggrill.com\/\"},{\"@type\":\"ListItem\",\"position\":2,\"name\":\"Products\",\"item\":\"https:\/\/fenggrill.com\/shop\/\"},{\"@type\":\"ListItem\",\"position\":3,\"name\":\"52W 15RPM Green Motor Suitable for Roasting Lamb and Chicken\"}]},{\"@type\":\"WebSite\",\"@id\":\"https:\/\/fenggrill.com\/#website\",\"url\":\"https:\/\/fenggrill.com\/\",\"name\":\"FengGrill\",\"description\":\"Rotisserie Motors Manufacturer\",\"publisher\":{\"@id\":\"https:\/\/fenggrill.com\/#organization\"},\"potentialAction\":[{\"@type\":\"SearchAction\",\"target\":{\"@type\":\"EntryPoint\",\"urlTemplate\":\"https:\/\/fenggrill.com\/?s={search_term_string}\"},\"query-input\":{\"@type\":\"PropertyValueSpecification\",\"valueRequired\":true,\"valueName\":\"search_term_string\"}}],\"inLanguage\":\"de\"},{\"@type\":\"Organization\",\"@id\":\"https:\/\/fenggrill.com\/#organization\",\"name\":\"FengGrill\",\"url\":\"https:\/\/fenggrill.com\/\",\"logo\":{\"@type\":\"ImageObject\",\"inLanguage\":\"de\",\"@id\":\"https:\/\/fenggrill.com\/#\/schema\/logo\/image\/\",\"url\":\"https:\/\/fenggrill.com\/wp-content\/uploads\/2026\/01\/FENGGRILL2.svg\",\"contentUrl\":\"https:\/\/fenggrill.com\/wp-content\/uploads\/2026\/01\/FENGGRILL2.svg\",\"width\":500,\"height\":100,\"caption\":\"FengGrill\"},\"image\":{\"@id\":\"https:\/\/fenggrill.com\/#\/schema\/logo\/image\/\"}}]}<\/script>\n<!-- \/ Yoast SEO Premium plugin. -->","yoast_head_json":{"title":"52W 15RPM Green Motor Suitable for Roasting Lamb and Chicken - FengGrill","description":"This green 15 RPM barbecue motor has a power output of 52W, making it ideal for roasting lamb and chicken. It's easy to use; simply assemble the metal components. The internal motor features a cooling fan, preventing motor failure even in high-temperature environments.","robots":{"index":"index","follow":"follow","max-snippet":"max-snippet:-1","max-image-preview":"max-image-preview:large","max-video-preview":"max-video-preview:-1"},"canonical":"https:\/\/fenggrill.com\/de\/produkt\/52w-15rpm-green-motor-suitable-for-roasting-lamb-and-chicken\/","og_locale":"de_DE","og_type":"article","og_title":"52W 15RPM Green Motor Suitable for Roasting Lamb and Chicken","og_description":"This green 15 RPM barbecue motor has a power output of 52W, making it ideal for roasting lamb and chicken. It's easy to use; simply assemble the metal components. The internal motor features a cooling fan, preventing motor failure even in high-temperature environments.","og_url":"https:\/\/fenggrill.com\/de\/produkt\/52w-15rpm-green-motor-suitable-for-roasting-lamb-and-chicken\/","og_site_name":"FengGrill","article_modified_time":"2026-01-24T06:54:03+00:00","og_image":[{"width":1600,"height":1600,"url":"https:\/\/fenggrill.com\/wp-content\/uploads\/2026\/01\/green.png","type":"image\/png"}],"twitter_card":"summary_large_image","twitter_misc":{"Gesch\u00e4tzte Lesezeit":"1\u00a0Minute"},"schema":{"@context":"https:\/\/schema.org","@graph":[{"@type":"WebPage","@id":"https:\/\/fenggrill.com\/product\/52w-15rpm-green-motor-suitable-for-roasting-lamb-and-chicken\/","url":"https:\/\/fenggrill.com\/product\/52w-15rpm-green-motor-suitable-for-roasting-lamb-and-chicken\/","name":"52W 15RPM Green Motor Suitable for Roasting Lamb and Chicken - FengGrill","isPartOf":{"@id":"https:\/\/fenggrill.com\/#website"},"primaryImageOfPage":{"@id":"https:\/\/fenggrill.com\/product\/52w-15rpm-green-motor-suitable-for-roasting-lamb-and-chicken\/#primaryimage"},"image":{"@id":"https:\/\/fenggrill.com\/product\/52w-15rpm-green-motor-suitable-for-roasting-lamb-and-chicken\/#primaryimage"},"thumbnailUrl":"https:\/\/fenggrill.com\/wp-content\/uploads\/2026\/01\/green.png","datePublished":"2026-01-24T06:43:58+00:00","dateModified":"2026-01-24T06:54:03+00:00","description":"This green 15 RPM barbecue motor has a power output of 52W, making it ideal for roasting lamb and chicken. It's easy to use; simply assemble the metal components. The internal motor features a cooling fan, preventing motor failure even in high-temperature environments.","breadcrumb":{"@id":"https:\/\/fenggrill.com\/product\/52w-15rpm-green-motor-suitable-for-roasting-lamb-and-chicken\/#breadcrumb"},"inLanguage":"de","potentialAction":[{"@type":"ReadAction","target":["https:\/\/fenggrill.com\/product\/52w-15rpm-green-motor-suitable-for-roasting-lamb-and-chicken\/"]}]},{"@type":"ImageObject","inLanguage":"de","@id":"https:\/\/fenggrill.com\/product\/52w-15rpm-green-motor-suitable-for-roasting-lamb-and-chicken\/#primaryimage","url":"https:\/\/fenggrill.com\/wp-content\/uploads\/2026\/01\/green.png","contentUrl":"https:\/\/fenggrill.com\/wp-content\/uploads\/2026\/01\/green.png","width":1600,"height":1600},{"@type":"BreadcrumbList","@id":"https:\/\/fenggrill.com\/product\/52w-15rpm-green-motor-suitable-for-roasting-lamb-and-chicken\/#breadcrumb","itemListElement":[{"@type":"ListItem","position":1,"name":"\u9996\u9875","item":"https:\/\/fenggrill.com\/"},{"@type":"ListItem","position":2,"name":"Products","item":"https:\/\/fenggrill.com\/shop\/"},{"@type":"ListItem","position":3,"name":"52W 15RPM Green Motor Suitable for Roasting Lamb and Chicken"}]},{"@type":"WebSite","@id":"https:\/\/fenggrill.com\/#website","url":"https:\/\/fenggrill.com\/","name":"FengGrill","description":"Rotisserie Motoren Hersteller","publisher":{"@id":"https:\/\/fenggrill.com\/#organization"},"potentialAction":[{"@type":"SearchAction","target":{"@type":"EntryPoint","urlTemplate":"https:\/\/fenggrill.com\/?s={search_term_string}"},"query-input":{"@type":"PropertyValueSpecification","valueRequired":true,"valueName":"search_term_string"}}],"inLanguage":"de"},{"@type":"Organization","@id":"https:\/\/fenggrill.com\/#organization","name":"FengGrill","url":"https:\/\/fenggrill.com\/","logo":{"@type":"ImageObject","inLanguage":"de","@id":"https:\/\/fenggrill.com\/#\/schema\/logo\/image\/","url":"https:\/\/fenggrill.com\/wp-content\/uploads\/2026\/01\/FENGGRILL2.svg","contentUrl":"https:\/\/fenggrill.com\/wp-content\/uploads\/2026\/01\/FENGGRILL2.svg","width":500,"height":100,"caption":"FengGrill"},"image":{"@id":"https:\/\/fenggrill.com\/#\/schema\/logo\/image\/"}}]}},"_links":{"self":[{"href":"https:\/\/fenggrill.com\/de\/wp-json\/wp\/v2\/product\/2768","targetHints":{"allow":["GET"]}}],"collection":[{"href":"https:\/\/fenggrill.com\/de\/wp-json\/wp\/v2\/product"}],"about":[{"href":"https:\/\/fenggrill.com\/de\/wp-json\/wp\/v2\/types\/product"}],"wp:featuredmedia":[{"embeddable":true,"href":"https:\/\/fenggrill.com\/de\/wp-json\/wp\/v2\/media\/2769"}],"wp:attachment":[{"href":"https:\/\/fenggrill.com\/de\/wp-json\/wp\/v2\/media?parent=2768"}],"wp:term":[{"taxonomy":"product_brand","embeddable":true,"href":"https:\/\/fenggrill.com\/de\/wp-json\/wp\/v2\/product_brand?post=2768"},{"taxonomy":"product_cat","embeddable":true,"href":"https:\/\/fenggrill.com\/de\/wp-json\/wp\/v2\/product_cat?post=2768"},{"taxonomy":"product_tag","embeddable":true,"href":"https:\/\/fenggrill.com\/de\/wp-json\/wp\/v2\/product_tag?post=2768"}],"curies":[{"name":"wp","href":"https:\/\/api.w.org\/{rel}","templated":true}]}}