{"id":1860,"date":"2026-01-12T14:36:34","date_gmt":"2026-01-12T06:36:34","guid":{"rendered":"https:\/\/fenggrill.com\/?post_type=product&#038;p=1860"},"modified":"2026-01-16T10:49:39","modified_gmt":"2026-01-16T02:49:39","slug":"230v-50hz-3-3rpm-black-lightweight-barbecue-motor","status":"publish","type":"product","link":"https:\/\/fenggrill.com\/de\/produkt\/230v-50hz-3-3rpm-black-lightweight-barbecue-motor\/","title":{"rendered":"230V 50Hz 3.3RPM Schwarzer Leichtgewicht-Grillmotor"},"content":{"rendered":"<p>Dieser Motor besteht aus einem Wechselstrom-Spaltpolmotor und einem Metallgeh\u00e4use und eignet sich zum Grillen von kleinen bis mittelgro\u00dfen Speisen wie H\u00e4hnchen, Fisch, Schweinekoteletts und Steaks. Dank seiner kompakten Gr\u00f6\u00dfe ist er f\u00fcr den Hausgebrauch und f\u00fcr Grillpartys im Freien geeignet.<br \/>\n<strong>Das Paket enth\u00e4lt:<\/strong> 1 x Motor, 1 x Netzkabel<br \/>\n<strong>Optional:<\/strong> Metallb\u00fcgel<br \/>\n<strong>Schutz der Sicherheit:<\/strong> Ausgestattet mit einer Sicherung, die sich bei \u00dcberlastung des Motors automatisch abschaltet.<br \/>\n<strong>Spezifikationen des Motors:<\/strong><\/p>\n<p><img fetchpriority=\"high\" decoding=\"async\" class=\"alignnone wp-image-2153\" src=\"https:\/\/fenggrill.com\/wp-content\/uploads\/2026\/01\/para1.jpg\" alt=\"\" width=\"559\" height=\"659\" srcset=\"https:\/\/fenggrill.com\/wp-content\/uploads\/2026\/01\/para1.jpg 691w, https:\/\/fenggrill.com\/wp-content\/uploads\/2026\/01\/para1-255x300.jpg 255w, https:\/\/fenggrill.com\/wp-content\/uploads\/2026\/01\/para1-600x707.jpg 600w\" sizes=\"(max-width: 559px) 100vw, 559px\" \/><img decoding=\"async\" class=\"alignnone wp-image-2154\" src=\"https:\/\/fenggrill.com\/wp-content\/uploads\/2026\/01\/para2.jpg\" alt=\"\" width=\"559\" height=\"294\" srcset=\"https:\/\/fenggrill.com\/wp-content\/uploads\/2026\/01\/para2.jpg 827w, https:\/\/fenggrill.com\/wp-content\/uploads\/2026\/01\/para2-300x158.jpg 300w, https:\/\/fenggrill.com\/wp-content\/uploads\/2026\/01\/para2-768x404.jpg 768w, https:\/\/fenggrill.com\/wp-content\/uploads\/2026\/01\/para2-600x316.jpg 600w\" sizes=\"(max-width: 559px) 100vw, 559px\" \/><\/p>\n<p><strong>Zu den Anpassungsoptionen geh\u00f6ren:<\/strong> Motorparameter, Verpackung, Zubeh\u00f6r, Abmessungen, usw.<\/p>\n<p><strong>Referenzf\u00e4lle:<\/strong><\/p>\n<p><img decoding=\"async\" class=\"alignnone size-medium wp-image-2155\" src=\"https:\/\/fenggrill.com\/wp-content\/uploads\/2026\/01\/case2-225x300.jpg\" alt=\"\" width=\"225\" height=\"300\" srcset=\"https:\/\/fenggrill.com\/wp-content\/uploads\/2026\/01\/case2-225x300.jpg 225w, https:\/\/fenggrill.com\/wp-content\/uploads\/2026\/01\/case2-768x1024.jpg 768w, https:\/\/fenggrill.com\/wp-content\/uploads\/2026\/01\/case2-600x800.jpg 600w, https:\/\/fenggrill.com\/wp-content\/uploads\/2026\/01\/case2.jpg 1000w\" sizes=\"(max-width: 225px) 100vw, 225px\" \/>\u00a0 \u00a0 <img loading=\"lazy\" decoding=\"async\" class=\"alignnone wp-image-2156\" src=\"https:\/\/fenggrill.com\/wp-content\/uploads\/2026\/01\/case1-300x233.jpg\" alt=\"\" width=\"388\" height=\"301\" srcset=\"https:\/\/fenggrill.com\/wp-content\/uploads\/2026\/01\/case1-300x233.jpg 300w, https:\/\/fenggrill.com\/wp-content\/uploads\/2026\/01\/case1-600x465.jpg 600w, https:\/\/fenggrill.com\/wp-content\/uploads\/2026\/01\/case1.jpg 640w\" sizes=\"(max-width: 388px) 100vw, 388px\" \/><\/p>","protected":false},"excerpt":{"rendered":"<table style=\"width: 100%; border-collapse: collapse; font-size: 14px;\">\n<tbody>\n<tr>\n<th style=\"text-align: left; padding: 8px; border: 1px solid #ddd;\">Abmessungen<\/th>\n<td style=\"padding: 8px; border: 1px solid #ddd;\">125 \u00d7 91 \u00d7 150 mm<\/td>\n<\/tr>\n<tr>\n<th style=\"text-align: left; padding: 8px; border: 1px solid #ddd;\">Tragf\u00e4higkeit<\/th>\n<td style=\"padding: 8px; border: 1px solid #ddd;\">Empfohlene Belastung: \u226418 kg (Dauerbetrieb)<br \/>\nMax. gepr\u00fcfte Last: 20 kg<\/td>\n<\/tr>\n<tr>\n<th style=\"text-align: left; padding: 8px; border: 1px solid #ddd;\">Geschwindigkeit<\/th>\n<td style=\"padding: 8px; border: 1px solid #ddd;\">3,3 UMDREHUNGEN PRO MINUTE<\/td>\n<\/tr>\n<tr>\n<th style=\"text-align: left; padding: 8px; border: 1px solid #ddd;\">Richtung der Drehung<\/th>\n<td style=\"padding: 8px; border: 1px solid #ddd;\">CW<\/td>\n<\/tr>\n<tr>\n<th style=\"text-align: left; padding: 8px; border: 1px solid #ddd;\">Spannung\/Frequenz<\/th>\n<td style=\"padding: 8px; border: 1px solid #ddd;\">220-240V ~ 50\/60Hz<\/td>\n<\/tr>\n<tr>\n<th style=\"text-align: left; padding: 8px; border: 1px solid #ddd;\">Motor Typ<\/th>\n<td style=\"padding: 8px; border: 1px solid #ddd;\">AC-Spaltpolmotor<\/td>\n<\/tr>\n<tr>\n<th style=\"text-align: left; padding: 8px; border: 1px solid #ddd;\">Ausgangswelle<\/th>\n<td style=\"padding: 8px; border: 1px solid #ddd;\">Fr\u00e4sspindel (anpassbar)<\/td>\n<\/tr>\n<tr>\n<th style=\"text-align: left; padding: 8px; border: 1px solid #ddd;\">Strom<\/th>\n<td style=\"padding: 8px; border: 1px solid #ddd;\">55 W (Leerlaufleistung)<\/td>\n<\/tr>\n<tr>\n<th style=\"text-align: left; padding: 8px; border: 1px solid #ddd;\">Montagemethode<\/th>\n<td style=\"padding: 8px; border: 1px solid #ddd;\">Befestigung der Halterung<\/td>\n<\/tr>\n<tr>\n<th style=\"text-align: left; padding: 8px; border: 1px solid #ddd;\">Dienstart<\/th>\n<td style=\"padding: 8px; border: 1px solid #ddd;\">Kontinuierlicher Betrieb<\/td>\n<\/tr>\n<tr>\n<th style=\"text-align: left; padding: 8px; border: 1px solid #ddd;\">Anwendungen<\/th>\n<td style=\"padding: 8px; border: 1px solid #ddd;\">BBQ-Grills \/ Rotisserie-Systeme \/ ganze H\u00e4hnchen braten<\/td>\n<\/tr>\n<tr>\n<th style=\"text-align: left; padding: 8px; border: 1px solid #ddd;\">Anpassungsdienst<\/th>\n<td style=\"padding: 8px; border: 1px solid #ddd;\">OEM \/ ODM unterst\u00fctzt; Parameter und Verpackung sind anpassbar<\/td>\n<\/tr>\n<\/tbody>\n<\/table>","protected":false},"featured_media":1861,"template":"","meta":{"site-sidebar-layout":"default","site-content-layout":"","ast-site-content-layout":"full-width-container","site-content-style":"default","site-sidebar-style":"default","ast-global-header-display":"","ast-banner-title-visibility":"","ast-main-header-display":"","ast-hfb-above-header-display":"","ast-hfb-below-header-display":"","ast-hfb-mobile-header-display":"","site-post-title":"","ast-breadcrumbs-content":"","ast-featured-img":"","footer-sml-layout":"","ast-disable-related-posts":"","theme-transparent-header-meta":"default","adv-header-id-meta":"","stick-header-meta":"","header-above-stick-meta":"","header-main-stick-meta":"","header-below-stick-meta":"","astra-migrate-meta-layouts":"set","ast-page-background-enabled":"default","ast-page-background-meta":{"desktop":{"background-color":"var(--ast-global-color-4)","background-image":"","background-repeat":"repeat","background-position":"center center","background-size":"auto","background-attachment":"scroll","background-type":"","background-media":"","overlay-type":"","overlay-color":"","overlay-opacity":"","overlay-gradient":""},"tablet":{"background-color":"","background-image":"","background-repeat":"repeat","background-position":"center center","background-size":"auto","background-attachment":"scroll","background-type":"","background-media":"","overlay-type":"","overlay-color":"","overlay-opacity":"","overlay-gradient":""},"mobile":{"background-color":"","background-image":"","background-repeat":"repeat","background-position":"center center","background-size":"auto","background-attachment":"scroll","background-type":"","background-media":"","overlay-type":"","overlay-color":"","overlay-opacity":"","overlay-gradient":""}},"ast-content-background-meta":{"desktop":{"background-color":"var(--ast-global-color-5)","background-image":"","background-repeat":"repeat","background-position":"center center","background-size":"auto","background-attachment":"scroll","background-type":"","background-media":"","overlay-type":"","overlay-color":"","overlay-opacity":"","overlay-gradient":""},"tablet":{"background-color":"var(--ast-global-color-5)","background-image":"","background-repeat":"repeat","background-position":"center center","background-size":"auto","background-attachment":"scroll","background-type":"","background-media":"","overlay-type":"","overlay-color":"","overlay-opacity":"","overlay-gradient":""},"mobile":{"background-color":"var(--ast-global-color-5)","background-image":"","background-repeat":"repeat","background-position":"center center","background-size":"auto","background-attachment":"scroll","background-type":"","background-media":"","overlay-type":"","overlay-color":"","overlay-opacity":"","overlay-gradient":""}}},"product_brand":[],"product_cat":[31],"product_tag":[36],"class_list":{"0":"post-1860","1":"product","2":"type-product","3":"status-publish","4":"has-post-thumbnail","6":"product_cat-ac-rotisserie-motors","7":"product_tag-rotisserie-motor-for-chicken","8":"desktop-align-left","9":"tablet-align-left","10":"mobile-align-left","12":"first","13":"instock","14":"shipping-taxable","15":"product-type-simple"},"yoast_head":"<!-- This site is optimized with the Yoast SEO Premium plugin v25.4 (Yoast SEO v25.4) - https:\/\/yoast.com\/wordpress\/plugins\/seo\/ -->\n<title>230V 50Hz 3.3RPM Black Lightweight Barbecue Motor - FengGrill<\/title>\n<meta name=\"description\" content=\"This motor consists of an AC shaded-pole motor and a metal casing, capable of handling the grilling of small to medium-sized foods such as chicken, fish, pork chops, and steaks. Its compact size makes it suitable for home use and outdoor barbecues.\" \/>\n<meta name=\"robots\" content=\"index, follow, max-snippet:-1, max-image-preview:large, max-video-preview:-1\" \/>\n<link rel=\"canonical\" href=\"https:\/\/fenggrill.com\/de\/produkt\/230v-50hz-3-3rpm-black-lightweight-barbecue-motor\/\" \/>\n<meta property=\"og:locale\" content=\"de_DE\" \/>\n<meta property=\"og:type\" content=\"article\" \/>\n<meta property=\"og:title\" content=\"230V 50Hz 3.3RPM Black Lightweight Barbecue Motor\" \/>\n<meta property=\"og:description\" content=\"This motor consists of an AC shaded-pole motor and a metal casing, capable of handling the grilling of small to medium-sized foods such as chicken, fish, pork chops, and steaks. Its compact size makes it suitable for home use and outdoor barbecues.\" \/>\n<meta property=\"og:url\" content=\"https:\/\/fenggrill.com\/de\/produkt\/230v-50hz-3-3rpm-black-lightweight-barbecue-motor\/\" \/>\n<meta property=\"og:site_name\" content=\"FengGrill\" \/>\n<meta property=\"article:modified_time\" content=\"2026-01-16T02:49:39+00:00\" \/>\n<meta property=\"og:image\" content=\"https:\/\/fenggrill.com\/wp-content\/uploads\/2026\/01\/Black-Lightweight-Barbecue-Motor.jpg\" \/>\n\t<meta property=\"og:image:width\" content=\"800\" \/>\n\t<meta property=\"og:image:height\" content=\"800\" \/>\n\t<meta property=\"og:image:type\" content=\"image\/jpeg\" \/>\n<meta name=\"twitter:card\" content=\"summary_large_image\" \/>\n<meta name=\"twitter:label1\" content=\"Gesch\u00e4tzte Lesezeit\" \/>\n\t<meta name=\"twitter:data1\" content=\"2\u00a0Minuten\" \/>\n<script type=\"application\/ld+json\" class=\"yoast-schema-graph\">{\"@context\":\"https:\/\/schema.org\",\"@graph\":[{\"@type\":\"WebPage\",\"@id\":\"https:\/\/fenggrill.com\/product\/230v-50hz-3-3rpm-black-lightweight-barbecue-motor\/\",\"url\":\"https:\/\/fenggrill.com\/product\/230v-50hz-3-3rpm-black-lightweight-barbecue-motor\/\",\"name\":\"230V 50Hz 3.3RPM Black Lightweight Barbecue Motor - FengGrill\",\"isPartOf\":{\"@id\":\"https:\/\/fenggrill.com\/#website\"},\"primaryImageOfPage\":{\"@id\":\"https:\/\/fenggrill.com\/product\/230v-50hz-3-3rpm-black-lightweight-barbecue-motor\/#primaryimage\"},\"image\":{\"@id\":\"https:\/\/fenggrill.com\/product\/230v-50hz-3-3rpm-black-lightweight-barbecue-motor\/#primaryimage\"},\"thumbnailUrl\":\"https:\/\/fenggrill.com\/wp-content\/uploads\/2026\/01\/Black-Lightweight-Barbecue-Motor.jpg\",\"datePublished\":\"2026-01-12T06:36:34+00:00\",\"dateModified\":\"2026-01-16T02:49:39+00:00\",\"description\":\"This motor consists of an AC shaded-pole motor and a metal casing, capable of handling the grilling of small to medium-sized foods such as chicken, fish, pork chops, and steaks. Its compact size makes it suitable for home use and outdoor barbecues.\",\"breadcrumb\":{\"@id\":\"https:\/\/fenggrill.com\/product\/230v-50hz-3-3rpm-black-lightweight-barbecue-motor\/#breadcrumb\"},\"inLanguage\":\"de\",\"potentialAction\":[{\"@type\":\"ReadAction\",\"target\":[\"https:\/\/fenggrill.com\/product\/230v-50hz-3-3rpm-black-lightweight-barbecue-motor\/\"]}]},{\"@type\":\"ImageObject\",\"inLanguage\":\"de\",\"@id\":\"https:\/\/fenggrill.com\/product\/230v-50hz-3-3rpm-black-lightweight-barbecue-motor\/#primaryimage\",\"url\":\"https:\/\/fenggrill.com\/wp-content\/uploads\/2026\/01\/Black-Lightweight-Barbecue-Motor.jpg\",\"contentUrl\":\"https:\/\/fenggrill.com\/wp-content\/uploads\/2026\/01\/Black-Lightweight-Barbecue-Motor.jpg\",\"width\":800,\"height\":800},{\"@type\":\"BreadcrumbList\",\"@id\":\"https:\/\/fenggrill.com\/product\/230v-50hz-3-3rpm-black-lightweight-barbecue-motor\/#breadcrumb\",\"itemListElement\":[{\"@type\":\"ListItem\",\"position\":1,\"name\":\"\u9996\u9875\",\"item\":\"https:\/\/fenggrill.com\/\"},{\"@type\":\"ListItem\",\"position\":2,\"name\":\"Products\",\"item\":\"https:\/\/fenggrill.com\/shop\/\"},{\"@type\":\"ListItem\",\"position\":3,\"name\":\"230V 50Hz 3.3RPM Black Lightweight Barbecue Motor\"}]},{\"@type\":\"WebSite\",\"@id\":\"https:\/\/fenggrill.com\/#website\",\"url\":\"https:\/\/fenggrill.com\/\",\"name\":\"FengGrill\",\"description\":\"Rotisserie Motors Manufacturer\",\"publisher\":{\"@id\":\"https:\/\/fenggrill.com\/#organization\"},\"potentialAction\":[{\"@type\":\"SearchAction\",\"target\":{\"@type\":\"EntryPoint\",\"urlTemplate\":\"https:\/\/fenggrill.com\/?s={search_term_string}\"},\"query-input\":{\"@type\":\"PropertyValueSpecification\",\"valueRequired\":true,\"valueName\":\"search_term_string\"}}],\"inLanguage\":\"de\"},{\"@type\":\"Organization\",\"@id\":\"https:\/\/fenggrill.com\/#organization\",\"name\":\"FengGrill\",\"url\":\"https:\/\/fenggrill.com\/\",\"logo\":{\"@type\":\"ImageObject\",\"inLanguage\":\"de\",\"@id\":\"https:\/\/fenggrill.com\/#\/schema\/logo\/image\/\",\"url\":\"https:\/\/fenggrill.com\/wp-content\/uploads\/2026\/01\/FENGGRILL2.svg\",\"contentUrl\":\"https:\/\/fenggrill.com\/wp-content\/uploads\/2026\/01\/FENGGRILL2.svg\",\"width\":500,\"height\":100,\"caption\":\"FengGrill\"},\"image\":{\"@id\":\"https:\/\/fenggrill.com\/#\/schema\/logo\/image\/\"}}]}<\/script>\n<!-- \/ Yoast SEO Premium plugin. -->","yoast_head_json":{"title":"230V 50Hz 3.3RPM Black Lightweight Barbecue Motor - FengGrill","description":"Dieser Motor besteht aus einem Wechselstrom-Spaltpolmotor und einem Metallgeh\u00e4use und eignet sich zum Grillen von kleinen bis mittelgro\u00dfen Speisen wie H\u00e4hnchen, Fisch, Schweinekoteletts und Steaks. Dank seiner kompakten Gr\u00f6\u00dfe ist er f\u00fcr den Hausgebrauch und f\u00fcr Grillpartys im Freien geeignet.","robots":{"index":"index","follow":"follow","max-snippet":"max-snippet:-1","max-image-preview":"max-image-preview:large","max-video-preview":"max-video-preview:-1"},"canonical":"https:\/\/fenggrill.com\/de\/produkt\/230v-50hz-3-3rpm-black-lightweight-barbecue-motor\/","og_locale":"de_DE","og_type":"article","og_title":"230V 50Hz 3.3RPM Black Lightweight Barbecue Motor","og_description":"This motor consists of an AC shaded-pole motor and a metal casing, capable of handling the grilling of small to medium-sized foods such as chicken, fish, pork chops, and steaks. Its compact size makes it suitable for home use and outdoor barbecues.","og_url":"https:\/\/fenggrill.com\/de\/produkt\/230v-50hz-3-3rpm-black-lightweight-barbecue-motor\/","og_site_name":"FengGrill","article_modified_time":"2026-01-16T02:49:39+00:00","og_image":[{"width":800,"height":800,"url":"https:\/\/fenggrill.com\/wp-content\/uploads\/2026\/01\/Black-Lightweight-Barbecue-Motor.jpg","type":"image\/jpeg"}],"twitter_card":"summary_large_image","twitter_misc":{"Gesch\u00e4tzte Lesezeit":"2\u00a0Minuten"},"schema":{"@context":"https:\/\/schema.org","@graph":[{"@type":"WebPage","@id":"https:\/\/fenggrill.com\/product\/230v-50hz-3-3rpm-black-lightweight-barbecue-motor\/","url":"https:\/\/fenggrill.com\/product\/230v-50hz-3-3rpm-black-lightweight-barbecue-motor\/","name":"230V 50Hz 3.3RPM Black Lightweight Barbecue Motor - FengGrill","isPartOf":{"@id":"https:\/\/fenggrill.com\/#website"},"primaryImageOfPage":{"@id":"https:\/\/fenggrill.com\/product\/230v-50hz-3-3rpm-black-lightweight-barbecue-motor\/#primaryimage"},"image":{"@id":"https:\/\/fenggrill.com\/product\/230v-50hz-3-3rpm-black-lightweight-barbecue-motor\/#primaryimage"},"thumbnailUrl":"https:\/\/fenggrill.com\/wp-content\/uploads\/2026\/01\/Black-Lightweight-Barbecue-Motor.jpg","datePublished":"2026-01-12T06:36:34+00:00","dateModified":"2026-01-16T02:49:39+00:00","description":"Dieser Motor besteht aus einem Wechselstrom-Spaltpolmotor und einem Metallgeh\u00e4use und eignet sich zum Grillen von kleinen bis mittelgro\u00dfen Speisen wie H\u00e4hnchen, Fisch, Schweinekoteletts und Steaks. Dank seiner kompakten Gr\u00f6\u00dfe ist er f\u00fcr den Hausgebrauch und f\u00fcr Grillpartys im Freien geeignet.","breadcrumb":{"@id":"https:\/\/fenggrill.com\/product\/230v-50hz-3-3rpm-black-lightweight-barbecue-motor\/#breadcrumb"},"inLanguage":"de","potentialAction":[{"@type":"ReadAction","target":["https:\/\/fenggrill.com\/product\/230v-50hz-3-3rpm-black-lightweight-barbecue-motor\/"]}]},{"@type":"ImageObject","inLanguage":"de","@id":"https:\/\/fenggrill.com\/product\/230v-50hz-3-3rpm-black-lightweight-barbecue-motor\/#primaryimage","url":"https:\/\/fenggrill.com\/wp-content\/uploads\/2026\/01\/Black-Lightweight-Barbecue-Motor.jpg","contentUrl":"https:\/\/fenggrill.com\/wp-content\/uploads\/2026\/01\/Black-Lightweight-Barbecue-Motor.jpg","width":800,"height":800},{"@type":"BreadcrumbList","@id":"https:\/\/fenggrill.com\/product\/230v-50hz-3-3rpm-black-lightweight-barbecue-motor\/#breadcrumb","itemListElement":[{"@type":"ListItem","position":1,"name":"\u9996\u9875","item":"https:\/\/fenggrill.com\/"},{"@type":"ListItem","position":2,"name":"Products","item":"https:\/\/fenggrill.com\/shop\/"},{"@type":"ListItem","position":3,"name":"230V 50Hz 3.3RPM Black Lightweight Barbecue Motor"}]},{"@type":"WebSite","@id":"https:\/\/fenggrill.com\/#website","url":"https:\/\/fenggrill.com\/","name":"FengGrill","description":"Rotisserie Motoren Hersteller","publisher":{"@id":"https:\/\/fenggrill.com\/#organization"},"potentialAction":[{"@type":"SearchAction","target":{"@type":"EntryPoint","urlTemplate":"https:\/\/fenggrill.com\/?s={search_term_string}"},"query-input":{"@type":"PropertyValueSpecification","valueRequired":true,"valueName":"search_term_string"}}],"inLanguage":"de"},{"@type":"Organization","@id":"https:\/\/fenggrill.com\/#organization","name":"FengGrill","url":"https:\/\/fenggrill.com\/","logo":{"@type":"ImageObject","inLanguage":"de","@id":"https:\/\/fenggrill.com\/#\/schema\/logo\/image\/","url":"https:\/\/fenggrill.com\/wp-content\/uploads\/2026\/01\/FENGGRILL2.svg","contentUrl":"https:\/\/fenggrill.com\/wp-content\/uploads\/2026\/01\/FENGGRILL2.svg","width":500,"height":100,"caption":"FengGrill"},"image":{"@id":"https:\/\/fenggrill.com\/#\/schema\/logo\/image\/"}}]}},"_links":{"self":[{"href":"https:\/\/fenggrill.com\/de\/wp-json\/wp\/v2\/product\/1860","targetHints":{"allow":["GET"]}}],"collection":[{"href":"https:\/\/fenggrill.com\/de\/wp-json\/wp\/v2\/product"}],"about":[{"href":"https:\/\/fenggrill.com\/de\/wp-json\/wp\/v2\/types\/product"}],"wp:featuredmedia":[{"embeddable":true,"href":"https:\/\/fenggrill.com\/de\/wp-json\/wp\/v2\/media\/1861"}],"wp:attachment":[{"href":"https:\/\/fenggrill.com\/de\/wp-json\/wp\/v2\/media?parent=1860"}],"wp:term":[{"taxonomy":"product_brand","embeddable":true,"href":"https:\/\/fenggrill.com\/de\/wp-json\/wp\/v2\/product_brand?post=1860"},{"taxonomy":"product_cat","embeddable":true,"href":"https:\/\/fenggrill.com\/de\/wp-json\/wp\/v2\/product_cat?post=1860"},{"taxonomy":"product_tag","embeddable":true,"href":"https:\/\/fenggrill.com\/de\/wp-json\/wp\/v2\/product_tag?post=1860"}],"curies":[{"name":"wp","href":"https:\/\/api.w.org\/{rel}","templated":true}]}}